{"id":412676,"date":"2025-05-18T23:41:11","date_gmt":"2025-05-18T23:41:11","guid":{"rendered":"https:\/\/staging2.stylingagenten.com\/no\/produkt\/makeup-revolution-crushed-pearl-pigments-double-the-fun\/"},"modified":"2025-12-18T21:52:51","modified_gmt":"2025-12-18T21:52:51","slug":"makeup-revolution-crushed-pearl-pigments-double-the-fun","status":"publish","type":"product","link":"https:\/\/stylingagenten.com\/no\/produkt\/makeup-revolution-crushed-pearl-pigments-double-the-fun\/","title":{"rendered":"Makeup Revolution Crushed Pearl Pigments &#8211; Double the Fun"},"content":{"rendered":"<p>Lag magisk glitrende makeup-look med Revolution Crushed Pearl Pigments.<br \/> Disse finmalte \u00f8yepigmentene kan blandes med andre produkter eller brukes alene p\u00e5; \u00d8yelokk, ansikt og kropp. <br \/>Bruk med Revolution Glitter Glue for \u00e5 sikre lang levetid. &nbsp; &nbsp;<\/p><\/p>\n","protected":false},"excerpt":{"rendered":"<p>Lag magisk glitrende makeup-look med Revolution Crushed Pearl Pigments. Disse finmalte \u00f8yepigmentene kan blandes med andre produkter eller brukes alene p\u00e5; \u00d8yelokk, ansikt og kropp. Bruk med Revolution Glitter Glue for \u00e5 sikre lang levetid. &nbsp; &nbsp;<\/p>\n","protected":false},"featured_media":412674,"comment_status":"open","ping_status":"closed","template":"","meta":{"_trash_the_other_posts":false},"product_brand":[],"product_cat":[581],"product_tag":[3298],"berocket_brand":[1050],"class_list":{"0":"post-412676","1":"product","2":"type-product","3":"status-publish","4":"has-post-thumbnail","6":"product_cat-oyenskygge","7":"product_tag-makeup-revolution-crushed-pearl-pigments","8":"pa_brand-makeup-revolution","9":"pa_variant-double-the-fun","10":"berocket_brand-makeup-revolution","12":"first","13":"instock","14":"taxable","15":"shipping-taxable","16":"purchasable","17":"product-type-simple"},"_links":{"self":[{"href":"https:\/\/stylingagenten.com\/no\/wp-json\/wp\/v2\/product\/412676","targetHints":{"allow":["GET"]}}],"collection":[{"href":"https:\/\/stylingagenten.com\/no\/wp-json\/wp\/v2\/product"}],"about":[{"href":"https:\/\/stylingagenten.com\/no\/wp-json\/wp\/v2\/types\/product"}],"replies":[{"embeddable":true,"href":"https:\/\/stylingagenten.com\/no\/wp-json\/wp\/v2\/comments?post=412676"}],"version-history":[{"count":0,"href":"https:\/\/stylingagenten.com\/no\/wp-json\/wp\/v2\/product\/412676\/revisions"}],"wp:featuredmedia":[{"embeddable":true,"href":"https:\/\/stylingagenten.com\/no\/wp-json\/wp\/v2\/media\/412674"}],"wp:attachment":[{"href":"https:\/\/stylingagenten.com\/no\/wp-json\/wp\/v2\/media?parent=412676"}],"wp:term":[{"taxonomy":"product_brand","embeddable":true,"href":"https:\/\/stylingagenten.com\/no\/wp-json\/wp\/v2\/product_brand?post=412676"},{"taxonomy":"product_cat","embeddable":true,"href":"https:\/\/stylingagenten.com\/no\/wp-json\/wp\/v2\/product_cat?post=412676"},{"taxonomy":"product_tag","embeddable":true,"href":"https:\/\/stylingagenten.com\/no\/wp-json\/wp\/v2\/product_tag?post=412676"},{"taxonomy":"berocket_brand","embeddable":true,"href":"https:\/\/stylingagenten.com\/no\/wp-json\/wp\/v2\/berocket_brand?post=412676"}],"curies":[{"name":"wp","href":"https:\/\/api.w.org\/{rel}","templated":true}]}}