{"id":412374,"date":"2025-05-18T23:40:26","date_gmt":"2025-05-18T23:40:26","guid":{"rendered":"https:\/\/staging2.stylingagenten.com\/no\/produkt\/wet-n-wild-color-icon-10-pan-eyeshadow-palette-stop-playing-safe\/"},"modified":"2026-04-11T17:59:03","modified_gmt":"2026-04-11T17:59:03","slug":"wet-n-wild-color-icon-10-pan-eyeshadow-palette-stop-playing-safe","status":"publish","type":"product","link":"https:\/\/stylingagenten.com\/no\/produkt\/wet-n-wild-color-icon-10-pan-eyeshadow-palette-stop-playing-safe\/","title":{"rendered":"Wet n Wild Color Icon 10-Pan Eyeshadow Palette &#8211; Stop Playing Safe"},"content":{"rendered":"<p>Klassikeren fra Wet n Wild har f\u00e5tt et nytt utseende og ny formel!<br \/>H\u00f8ypigmentert Color Icon Eyeshadow p\u00e5f\u00f8res; Lokket er glatt og mykt og hver palett inneholder en blanding av matte og skinnende skygger.<\/p>\n","protected":false},"excerpt":{"rendered":"<p>Klassikeren fra Wet n Wild har f\u00e5tt et nytt utseende og ny formel!H\u00f8ypigmentert Color Icon Eyeshadow p\u00e5f\u00f8res; Lokket er glatt og mykt og hver palett inneholder en blanding av matte og skinnende skygger.<\/p>\n","protected":false},"featured_media":412366,"comment_status":"open","ping_status":"closed","template":"","meta":{"_trash_the_other_posts":false},"product_brand":[],"product_cat":[1005,581],"product_tag":[4079],"berocket_brand":[1035],"class_list":{"0":"post-412374","1":"product","2":"type-product","3":"status-publish","4":"has-post-thumbnail","6":"product_cat-outlet","7":"product_cat-oyenskygge","8":"product_tag-wet-n-wild-color-icon-10-pan-eyeshadow-palette","9":"pa_brand-wet-n-wild","10":"pa_variant-stop-playing-safe","11":"berocket_brand-wet-n-wild","13":"first","14":"outofstock","15":"sale","16":"taxable","17":"shipping-taxable","18":"purchasable","19":"product-type-simple"},"_links":{"self":[{"href":"https:\/\/stylingagenten.com\/no\/wp-json\/wp\/v2\/product\/412374","targetHints":{"allow":["GET"]}}],"collection":[{"href":"https:\/\/stylingagenten.com\/no\/wp-json\/wp\/v2\/product"}],"about":[{"href":"https:\/\/stylingagenten.com\/no\/wp-json\/wp\/v2\/types\/product"}],"replies":[{"embeddable":true,"href":"https:\/\/stylingagenten.com\/no\/wp-json\/wp\/v2\/comments?post=412374"}],"version-history":[{"count":0,"href":"https:\/\/stylingagenten.com\/no\/wp-json\/wp\/v2\/product\/412374\/revisions"}],"wp:featuredmedia":[{"embeddable":true,"href":"https:\/\/stylingagenten.com\/no\/wp-json\/wp\/v2\/media\/412366"}],"wp:attachment":[{"href":"https:\/\/stylingagenten.com\/no\/wp-json\/wp\/v2\/media?parent=412374"}],"wp:term":[{"taxonomy":"product_brand","embeddable":true,"href":"https:\/\/stylingagenten.com\/no\/wp-json\/wp\/v2\/product_brand?post=412374"},{"taxonomy":"product_cat","embeddable":true,"href":"https:\/\/stylingagenten.com\/no\/wp-json\/wp\/v2\/product_cat?post=412374"},{"taxonomy":"product_tag","embeddable":true,"href":"https:\/\/stylingagenten.com\/no\/wp-json\/wp\/v2\/product_tag?post=412374"},{"taxonomy":"berocket_brand","embeddable":true,"href":"https:\/\/stylingagenten.com\/no\/wp-json\/wp\/v2\/berocket_brand?post=412374"}],"curies":[{"name":"wp","href":"https:\/\/api.w.org\/{rel}","templated":true}]}}