{"id":412372,"date":"2025-05-18T23:40:25","date_gmt":"2025-05-18T23:40:25","guid":{"rendered":"https:\/\/staging2.stylingagenten.com\/no\/produkt\/milani-gilded-gold-eyeshadow-palette\/"},"modified":"2025-12-18T21:54:41","modified_gmt":"2025-12-18T21:54:41","slug":"milani-gilded-gold-eyeshadow-palette","status":"publish","type":"product","link":"https:\/\/stylingagenten.com\/no\/produkt\/milani-gilded-gold-eyeshadow-palette\/","title":{"rendered":"Milani Gilded Gold Eyeshadow Palette"},"content":{"rendered":"<p>Milani forgylt gull \u00f8yenskyggepalett<\/p>\n<p>G\u00e5 for gull! Ta glitrende gull til neste niv\u00e5; med den glamor\u00f8se gullpaletten! Med en blanding av 15 hyperpigmenterte matte, myke metallic og duo krom i glamor\u00f8st gull, pigmenterte nakenbilder og amp; en dj&auml;rv pop med jade &ndash; unektelig luksuri\u00f8st!<\/p>\n","protected":false},"excerpt":{"rendered":"<p>Milani forgylt gull \u00f8yenskyggepalett G\u00e5 for gull! Ta glitrende gull til neste niv\u00e5; med den glamor\u00f8se gullpaletten! Med en blanding av 15 hyperpigmenterte matte, myke metallic og duo krom i glamor\u00f8st gull, pigmenterte nakenbilder og amp; en dj&auml;rv pop med jade &ndash; unektelig luksuri\u00f8st!<\/p>\n","protected":false},"featured_media":412365,"comment_status":"open","ping_status":"closed","template":"","meta":{"_trash_the_other_posts":false},"product_brand":[],"product_cat":[1005,581],"product_tag":[],"berocket_brand":[1027],"class_list":{"0":"post-412372","1":"product","2":"type-product","3":"status-publish","4":"has-post-thumbnail","6":"product_cat-outlet","7":"product_cat-oyenskygge","8":"pa_brand-milani","9":"berocket_brand-milani","11":"first","12":"instock","13":"sale","14":"taxable","15":"shipping-taxable","16":"purchasable","17":"product-type-simple"},"_links":{"self":[{"href":"https:\/\/stylingagenten.com\/no\/wp-json\/wp\/v2\/product\/412372","targetHints":{"allow":["GET"]}}],"collection":[{"href":"https:\/\/stylingagenten.com\/no\/wp-json\/wp\/v2\/product"}],"about":[{"href":"https:\/\/stylingagenten.com\/no\/wp-json\/wp\/v2\/types\/product"}],"replies":[{"embeddable":true,"href":"https:\/\/stylingagenten.com\/no\/wp-json\/wp\/v2\/comments?post=412372"}],"version-history":[{"count":0,"href":"https:\/\/stylingagenten.com\/no\/wp-json\/wp\/v2\/product\/412372\/revisions"}],"wp:featuredmedia":[{"embeddable":true,"href":"https:\/\/stylingagenten.com\/no\/wp-json\/wp\/v2\/media\/412365"}],"wp:attachment":[{"href":"https:\/\/stylingagenten.com\/no\/wp-json\/wp\/v2\/media?parent=412372"}],"wp:term":[{"taxonomy":"product_brand","embeddable":true,"href":"https:\/\/stylingagenten.com\/no\/wp-json\/wp\/v2\/product_brand?post=412372"},{"taxonomy":"product_cat","embeddable":true,"href":"https:\/\/stylingagenten.com\/no\/wp-json\/wp\/v2\/product_cat?post=412372"},{"taxonomy":"product_tag","embeddable":true,"href":"https:\/\/stylingagenten.com\/no\/wp-json\/wp\/v2\/product_tag?post=412372"},{"taxonomy":"berocket_brand","embeddable":true,"href":"https:\/\/stylingagenten.com\/no\/wp-json\/wp\/v2\/berocket_brand?post=412372"}],"curies":[{"name":"wp","href":"https:\/\/api.w.org\/{rel}","templated":true}]}}