{"id":412371,"date":"2025-05-18T23:40:25","date_gmt":"2025-05-18T23:40:25","guid":{"rendered":"https:\/\/staging2.stylingagenten.com\/no\/produkt\/maybelline-color-tattoo-24h-cream-eyeshadow-pink-gold\/"},"modified":"2026-04-13T08:29:47","modified_gmt":"2026-04-13T08:29:47","slug":"maybelline-color-tattoo-24h-cream-eyeshadow-pink-gold","status":"publish","type":"product","link":"https:\/\/stylingagenten.com\/no\/produkt\/maybelline-color-tattoo-24h-cream-eyeshadow-pink-gold\/","title":{"rendered":"Maybelline Color Tattoo 24H Cream Eyeshadow &#8211; Pink Gold"},"content":{"rendered":"<p>Maybelline Color Tattoo 24H Cream Eyeshadow er kremaktig, vanntett og pigmentert \u00f8yenskygge som varer hele dagen uten \u00e5 falme eller legge seg i bretter og rynker. Bare sveip p\u00e5 Farg tatovering med fingeren eller b\u00f8rsten for et s\u00f8tt og vakkert utseende.<\/p>\n","protected":false},"excerpt":{"rendered":"<p>Maybelline Color Tattoo 24H Cream Eyeshadow er kremaktig, vanntett og pigmentert \u00f8yenskygge som varer hele dagen uten \u00e5 falme eller legge seg i bretter og rynker. Bare sveip p\u00e5 Farg tatovering med fingeren eller b\u00f8rsten for et s\u00f8tt og vakkert utseende.<\/p>\n","protected":false},"featured_media":412369,"comment_status":"open","ping_status":"closed","template":"","meta":{"_trash_the_other_posts":false},"product_brand":[],"product_cat":[581],"product_tag":[3493],"berocket_brand":[1016],"class_list":{"0":"post-412371","1":"product","2":"type-product","3":"status-publish","4":"has-post-thumbnail","6":"product_cat-oyenskygge","7":"product_tag-maybelline-color-tattoo-24h-cream-eyeshadow","8":"pa_brand-maybelline","9":"pa_variant-pink-gold","10":"berocket_brand-maybelline","12":"first","13":"outofstock","14":"sale","15":"taxable","16":"shipping-taxable","17":"purchasable","18":"product-type-simple"},"_links":{"self":[{"href":"https:\/\/stylingagenten.com\/no\/wp-json\/wp\/v2\/product\/412371","targetHints":{"allow":["GET"]}}],"collection":[{"href":"https:\/\/stylingagenten.com\/no\/wp-json\/wp\/v2\/product"}],"about":[{"href":"https:\/\/stylingagenten.com\/no\/wp-json\/wp\/v2\/types\/product"}],"replies":[{"embeddable":true,"href":"https:\/\/stylingagenten.com\/no\/wp-json\/wp\/v2\/comments?post=412371"}],"version-history":[{"count":0,"href":"https:\/\/stylingagenten.com\/no\/wp-json\/wp\/v2\/product\/412371\/revisions"}],"wp:featuredmedia":[{"embeddable":true,"href":"https:\/\/stylingagenten.com\/no\/wp-json\/wp\/v2\/media\/412369"}],"wp:attachment":[{"href":"https:\/\/stylingagenten.com\/no\/wp-json\/wp\/v2\/media?parent=412371"}],"wp:term":[{"taxonomy":"product_brand","embeddable":true,"href":"https:\/\/stylingagenten.com\/no\/wp-json\/wp\/v2\/product_brand?post=412371"},{"taxonomy":"product_cat","embeddable":true,"href":"https:\/\/stylingagenten.com\/no\/wp-json\/wp\/v2\/product_cat?post=412371"},{"taxonomy":"product_tag","embeddable":true,"href":"https:\/\/stylingagenten.com\/no\/wp-json\/wp\/v2\/product_tag?post=412371"},{"taxonomy":"berocket_brand","embeddable":true,"href":"https:\/\/stylingagenten.com\/no\/wp-json\/wp\/v2\/berocket_brand?post=412371"}],"curies":[{"name":"wp","href":"https:\/\/api.w.org\/{rel}","templated":true}]}}