{"id":412360,"date":"2025-05-18T23:40:23","date_gmt":"2025-05-18T23:40:23","guid":{"rendered":"https:\/\/staging2.stylingagenten.com\/no\/produkt\/kokie-artist-eyeshadow-palette-goddess\/"},"modified":"2026-02-21T23:16:57","modified_gmt":"2026-02-21T23:16:57","slug":"kokie-artist-eyeshadow-palette-goddess","status":"publish","type":"product","link":"https:\/\/stylingagenten.com\/no\/produkt\/kokie-artist-eyeshadow-palette-goddess\/","title":{"rendered":"Kokie Artist Eyeshadow Palette &#8211; Goddess"},"content":{"rendered":"<p>Kokie Cosmetics introduserer Artistry Eye Palette, n\u00f8ye formulert for \u00e5 levere den beste kvaliteten, h\u00f8y pigmentering og ekstrem blandbarhet. 12 kremete vakre nyanser i hver palett, kommer i etui med speil. &nbsp;<\/p>\n<p>Gudinnepaletten inneholder varme og n\u00f8ytrale matte toner samt myke og dype skimmer for en perfekt naturlig eller glam look.<\/p>\n","protected":false},"excerpt":{"rendered":"<p>Kokie Cosmetics introduserer Artistry Eye Palette, n\u00f8ye formulert for \u00e5 levere den beste kvaliteten, h\u00f8y pigmentering og ekstrem blandbarhet. 12 kremete vakre nyanser i hver palett, kommer i etui med speil. &nbsp; Gudinnepaletten inneholder varme og n\u00f8ytrale matte toner samt myke og dype skimmer for en perfekt naturlig eller glam look.<\/p>\n","protected":false},"featured_media":412354,"comment_status":"open","ping_status":"closed","template":"","meta":{"_trash_the_other_posts":false},"product_brand":[],"product_cat":[581],"product_tag":[3126],"berocket_brand":[1198],"class_list":{"0":"post-412360","1":"product","2":"type-product","3":"status-publish","4":"has-post-thumbnail","6":"product_cat-oyenskygge","7":"product_tag-kokie-artist-eyeshadow-palette","8":"pa_brand-kokie-cosmetics","9":"pa_variant-goddess","10":"berocket_brand-kokie-cosmetics","12":"first","13":"instock","14":"taxable","15":"shipping-taxable","16":"purchasable","17":"product-type-simple"},"_links":{"self":[{"href":"https:\/\/stylingagenten.com\/no\/wp-json\/wp\/v2\/product\/412360","targetHints":{"allow":["GET"]}}],"collection":[{"href":"https:\/\/stylingagenten.com\/no\/wp-json\/wp\/v2\/product"}],"about":[{"href":"https:\/\/stylingagenten.com\/no\/wp-json\/wp\/v2\/types\/product"}],"replies":[{"embeddable":true,"href":"https:\/\/stylingagenten.com\/no\/wp-json\/wp\/v2\/comments?post=412360"}],"version-history":[{"count":0,"href":"https:\/\/stylingagenten.com\/no\/wp-json\/wp\/v2\/product\/412360\/revisions"}],"wp:featuredmedia":[{"embeddable":true,"href":"https:\/\/stylingagenten.com\/no\/wp-json\/wp\/v2\/media\/412354"}],"wp:attachment":[{"href":"https:\/\/stylingagenten.com\/no\/wp-json\/wp\/v2\/media?parent=412360"}],"wp:term":[{"taxonomy":"product_brand","embeddable":true,"href":"https:\/\/stylingagenten.com\/no\/wp-json\/wp\/v2\/product_brand?post=412360"},{"taxonomy":"product_cat","embeddable":true,"href":"https:\/\/stylingagenten.com\/no\/wp-json\/wp\/v2\/product_cat?post=412360"},{"taxonomy":"product_tag","embeddable":true,"href":"https:\/\/stylingagenten.com\/no\/wp-json\/wp\/v2\/product_tag?post=412360"},{"taxonomy":"berocket_brand","embeddable":true,"href":"https:\/\/stylingagenten.com\/no\/wp-json\/wp\/v2\/berocket_brand?post=412360"}],"curies":[{"name":"wp","href":"https:\/\/api.w.org\/{rel}","templated":true}]}}