{"id":412238,"date":"2025-05-18T23:40:03","date_gmt":"2025-05-18T23:40:03","guid":{"rendered":"https:\/\/staging2.stylingagenten.com\/no\/produkt\/milani-gilded-violet-palette\/"},"modified":"2026-04-04T23:28:48","modified_gmt":"2026-04-04T23:28:48","slug":"milani-gilded-violet-palette","status":"publish","type":"product","link":"https:\/\/stylingagenten.com\/no\/produkt\/milani-gilded-violet-palette\/","title":{"rendered":"Milani Gilded Violet Palette"},"content":{"rendered":"<p><strong>Milani Gilded Violet Palette<\/strong><\/p>\n<p>Purple Reign! Matte fioler, subtile skimmer og punkter av elektrisk metallikk gj\u00f8r Gilded Violet-paletten til en ettertraktet kolleksjon. Inneholder 9 sterke \u00f8yenskygger og 2 skinnende highlightere. Disse vakkert forgylte nyansene elektrifiserer p\u00e5 r\u00f8d s\u00f8t og lader atmosf\u00e6ren din som et glimt fra bl&amp;aringen; himmelen.<\/p>\n","protected":false},"excerpt":{"rendered":"<p>Milani Gilded Violet Palette Purple Reign! Matte fioler, subtile skimmer og punkter av elektrisk metallikk gj\u00f8r Gilded Violet-paletten til en ettertraktet kolleksjon. Inneholder 9 sterke \u00f8yenskygger og 2 skinnende highlightere. Disse vakkert forgylte nyansene elektrifiserer p\u00e5 r\u00f8d s\u00f8t og lader atmosf\u00e6ren din som et glimt fra bl&amp;aringen; himmelen.<\/p>\n","protected":false},"featured_media":412232,"comment_status":"open","ping_status":"closed","template":"","meta":{"_trash_the_other_posts":false},"product_brand":[],"product_cat":[1005,581],"product_tag":[],"berocket_brand":[1027],"class_list":{"0":"post-412238","1":"product","2":"type-product","3":"status-publish","4":"has-post-thumbnail","6":"product_cat-outlet","7":"product_cat-oyenskygge","8":"pa_brand-milani","9":"berocket_brand-milani","11":"first","12":"instock","13":"sale","14":"taxable","15":"shipping-taxable","16":"purchasable","17":"product-type-simple"},"_links":{"self":[{"href":"https:\/\/stylingagenten.com\/no\/wp-json\/wp\/v2\/product\/412238","targetHints":{"allow":["GET"]}}],"collection":[{"href":"https:\/\/stylingagenten.com\/no\/wp-json\/wp\/v2\/product"}],"about":[{"href":"https:\/\/stylingagenten.com\/no\/wp-json\/wp\/v2\/types\/product"}],"replies":[{"embeddable":true,"href":"https:\/\/stylingagenten.com\/no\/wp-json\/wp\/v2\/comments?post=412238"}],"version-history":[{"count":0,"href":"https:\/\/stylingagenten.com\/no\/wp-json\/wp\/v2\/product\/412238\/revisions"}],"wp:featuredmedia":[{"embeddable":true,"href":"https:\/\/stylingagenten.com\/no\/wp-json\/wp\/v2\/media\/412232"}],"wp:attachment":[{"href":"https:\/\/stylingagenten.com\/no\/wp-json\/wp\/v2\/media?parent=412238"}],"wp:term":[{"taxonomy":"product_brand","embeddable":true,"href":"https:\/\/stylingagenten.com\/no\/wp-json\/wp\/v2\/product_brand?post=412238"},{"taxonomy":"product_cat","embeddable":true,"href":"https:\/\/stylingagenten.com\/no\/wp-json\/wp\/v2\/product_cat?post=412238"},{"taxonomy":"product_tag","embeddable":true,"href":"https:\/\/stylingagenten.com\/no\/wp-json\/wp\/v2\/product_tag?post=412238"},{"taxonomy":"berocket_brand","embeddable":true,"href":"https:\/\/stylingagenten.com\/no\/wp-json\/wp\/v2\/berocket_brand?post=412238"}],"curies":[{"name":"wp","href":"https:\/\/api.w.org\/{rel}","templated":true}]}}