{"id":412235,"date":"2025-05-18T23:40:03","date_gmt":"2025-05-18T23:40:03","guid":{"rendered":"https:\/\/staging2.stylingagenten.com\/no\/produkt\/wet-n-wild-10-pan-palette-lights-off\/"},"modified":"2025-12-18T21:59:08","modified_gmt":"2025-12-18T21:59:08","slug":"wet-n-wild-10-pan-palette-lights-off","status":"publish","type":"product","link":"https:\/\/stylingagenten.com\/no\/produkt\/wet-n-wild-10-pan-palette-lights-off\/","title":{"rendered":"Wet n Wild 10-Pan Palette Lights Off"},"content":{"rendered":"<p>Denne Color Icon 5-Pan-paletten fra Wet n Wild har en helt vegansk, rikt pigmentert og myk formel i matte, sateng, skimmer og glitterfarger. Disse palettene har alt fra hverdagslige til festlige nyanser i kj\u00f8lige, varme og n\u00f8ytrale toner, og tilbyr allsidige utseende til usl\u00e5elig verdi. Formelen gir langvarige resultater og blander seg s\u00f8ml\u00f8st.<\/p>\n","protected":false},"excerpt":{"rendered":"<p>Denne Color Icon 5-Pan-paletten fra Wet n Wild har en helt vegansk, rikt pigmentert og myk formel i matte, sateng, skimmer og glitterfarger. Disse palettene har alt fra hverdagslige til festlige nyanser i kj\u00f8lige, varme og n\u00f8ytrale toner, og tilbyr allsidige utseende til usl\u00e5elig verdi. Formelen gir langvarige resultater og blander seg s\u00f8ml\u00f8st.<\/p>\n","protected":false},"featured_media":412224,"comment_status":"open","ping_status":"closed","template":"","meta":{"_trash_the_other_posts":false},"product_brand":[],"product_cat":[1005,581],"product_tag":[4070],"berocket_brand":[1035],"class_list":{"0":"post-412235","1":"product","2":"type-product","3":"status-publish","4":"has-post-thumbnail","6":"product_cat-outlet","7":"product_cat-oyenskygge","8":"product_tag-wet-n-wild-10-pan-palette","9":"pa_brand-wet-n-wild","10":"pa_variant-lights-off","11":"berocket_brand-wet-n-wild","13":"first","14":"instock","15":"sale","16":"taxable","17":"shipping-taxable","18":"purchasable","19":"product-type-simple"},"_links":{"self":[{"href":"https:\/\/stylingagenten.com\/no\/wp-json\/wp\/v2\/product\/412235","targetHints":{"allow":["GET"]}}],"collection":[{"href":"https:\/\/stylingagenten.com\/no\/wp-json\/wp\/v2\/product"}],"about":[{"href":"https:\/\/stylingagenten.com\/no\/wp-json\/wp\/v2\/types\/product"}],"replies":[{"embeddable":true,"href":"https:\/\/stylingagenten.com\/no\/wp-json\/wp\/v2\/comments?post=412235"}],"version-history":[{"count":0,"href":"https:\/\/stylingagenten.com\/no\/wp-json\/wp\/v2\/product\/412235\/revisions"}],"wp:featuredmedia":[{"embeddable":true,"href":"https:\/\/stylingagenten.com\/no\/wp-json\/wp\/v2\/media\/412224"}],"wp:attachment":[{"href":"https:\/\/stylingagenten.com\/no\/wp-json\/wp\/v2\/media?parent=412235"}],"wp:term":[{"taxonomy":"product_brand","embeddable":true,"href":"https:\/\/stylingagenten.com\/no\/wp-json\/wp\/v2\/product_brand?post=412235"},{"taxonomy":"product_cat","embeddable":true,"href":"https:\/\/stylingagenten.com\/no\/wp-json\/wp\/v2\/product_cat?post=412235"},{"taxonomy":"product_tag","embeddable":true,"href":"https:\/\/stylingagenten.com\/no\/wp-json\/wp\/v2\/product_tag?post=412235"},{"taxonomy":"berocket_brand","embeddable":true,"href":"https:\/\/stylingagenten.com\/no\/wp-json\/wp\/v2\/berocket_brand?post=412235"}],"curies":[{"name":"wp","href":"https:\/\/api.w.org\/{rel}","templated":true}]}}