{"id":412233,"date":"2025-05-18T23:40:03","date_gmt":"2025-05-18T23:40:03","guid":{"rendered":"https:\/\/staging2.stylingagenten.com\/no\/produkt\/milani-gilded-ember-palette\/"},"modified":"2025-12-18T21:54:42","modified_gmt":"2025-12-18T21:54:42","slug":"milani-gilded-ember-palette","status":"publish","type":"product","link":"https:\/\/stylingagenten.com\/no\/produkt\/milani-gilded-ember-palette\/","title":{"rendered":"Milani Gilded Ember Palette"},"content":{"rendered":"<p><strong>Milani Gilded Ember Palette<\/strong><\/p>\n<p>Finn din indre gl\u00f8d med Gilded Ember! En varm og sensuell \u00f8ye- og ansiktspalett som f\u00e5r deg til \u00e5 skinne som en gudinne. Med 9 fyldige \u00f8yenskygger og 2 glitrende highlightere er denne paletten perfekt for hverdagsglam og spennende kveldslooks. En vakker palett som fremhever gudinnen du er!<\/p>\n","protected":false},"excerpt":{"rendered":"<p>Milani Gilded Ember Palette Finn din indre gl\u00f8d med Gilded Ember! En varm og sensuell \u00f8ye- og ansiktspalett som f\u00e5r deg til \u00e5 skinne som en gudinne. Med 9 fyldige \u00f8yenskygger og 2 glitrende highlightere er denne paletten perfekt for hverdagsglam og spennende kveldslooks. En vakker palett som fremhever gudinnen du er!<\/p>\n","protected":false},"featured_media":412228,"comment_status":"open","ping_status":"closed","template":"","meta":{"_trash_the_other_posts":false},"product_brand":[],"product_cat":[581],"product_tag":[],"berocket_brand":[1027],"class_list":{"0":"post-412233","1":"product","2":"type-product","3":"status-publish","4":"has-post-thumbnail","6":"product_cat-oyenskygge","7":"pa_brand-milani","8":"berocket_brand-milani","10":"first","11":"instock","12":"sale","13":"taxable","14":"shipping-taxable","15":"purchasable","16":"product-type-simple"},"_links":{"self":[{"href":"https:\/\/stylingagenten.com\/no\/wp-json\/wp\/v2\/product\/412233","targetHints":{"allow":["GET"]}}],"collection":[{"href":"https:\/\/stylingagenten.com\/no\/wp-json\/wp\/v2\/product"}],"about":[{"href":"https:\/\/stylingagenten.com\/no\/wp-json\/wp\/v2\/types\/product"}],"replies":[{"embeddable":true,"href":"https:\/\/stylingagenten.com\/no\/wp-json\/wp\/v2\/comments?post=412233"}],"version-history":[{"count":0,"href":"https:\/\/stylingagenten.com\/no\/wp-json\/wp\/v2\/product\/412233\/revisions"}],"wp:featuredmedia":[{"embeddable":true,"href":"https:\/\/stylingagenten.com\/no\/wp-json\/wp\/v2\/media\/412228"}],"wp:attachment":[{"href":"https:\/\/stylingagenten.com\/no\/wp-json\/wp\/v2\/media?parent=412233"}],"wp:term":[{"taxonomy":"product_brand","embeddable":true,"href":"https:\/\/stylingagenten.com\/no\/wp-json\/wp\/v2\/product_brand?post=412233"},{"taxonomy":"product_cat","embeddable":true,"href":"https:\/\/stylingagenten.com\/no\/wp-json\/wp\/v2\/product_cat?post=412233"},{"taxonomy":"product_tag","embeddable":true,"href":"https:\/\/stylingagenten.com\/no\/wp-json\/wp\/v2\/product_tag?post=412233"},{"taxonomy":"berocket_brand","embeddable":true,"href":"https:\/\/stylingagenten.com\/no\/wp-json\/wp\/v2\/berocket_brand?post=412233"}],"curies":[{"name":"wp","href":"https:\/\/api.w.org\/{rel}","templated":true}]}}