{"id":412193,"date":"2025-05-18T23:39:55","date_gmt":"2025-05-18T23:39:55","guid":{"rendered":"https:\/\/staging2.stylingagenten.com\/no\/produkt\/makeup-revolution-eyeshadowpalette-forever-flawless-flamboyance\/"},"modified":"2025-11-19T08:51:44","modified_gmt":"2025-11-19T08:51:44","slug":"makeup-revolution-eyeshadowpalette-forever-flawless-flamboyance","status":"publish","type":"product","link":"https:\/\/stylingagenten.com\/no\/produkt\/makeup-revolution-eyeshadowpalette-forever-flawless-flamboyance\/","title":{"rendered":"Makeup Revolution Eyeshadowpalette Forever Flawless &#8211; Flamboyance"},"content":{"rendered":"<p>F\u00f8l deg FLAMAZING med Makeup Revolution Forever Flawless Flamboyance Flamingo Palette. Flokk til 18 h\u00f8ypigmenterte \u00f8yenskygger for \u00e5 skape ditt vakreste \u00f8yenskyggeutseende til n\u00e5. Fra varme rosa til myke blekrosa og bl\u00e5 nyanser, denne paletten er den perfekte matchen for fans av et ros\u00e9gull smokey eye, med en flamboyant vri. Denne paletten gir virkelig mening med ordtaket &laquo;hvorfor v\u00e6re en due n\u00e5r du kan v\u00e6re en flamingo&raquo;<\/p>\n","protected":false},"excerpt":{"rendered":"<p>F\u00f8l deg FLAMAZING med Makeup Revolution Forever Flawless Flamboyance Flamingo Palette. Flokk til 18 h\u00f8ypigmenterte \u00f8yenskygger for \u00e5 skape ditt vakreste \u00f8yenskyggeutseende til n\u00e5. Fra varme rosa til myke blekrosa og bl\u00e5 nyanser, denne paletten er den perfekte matchen for fans av et ros\u00e9gull smokey eye, med en flamboyant vri. Denne paletten gir virkelig mening [&hellip;]<\/p>\n","protected":false},"featured_media":412167,"comment_status":"open","ping_status":"closed","template":"","meta":{"_trash_the_other_posts":false},"product_brand":[],"product_cat":[581],"product_tag":[],"berocket_brand":[1050],"class_list":{"0":"post-412193","1":"product","2":"type-product","3":"status-publish","4":"has-post-thumbnail","6":"product_cat-oyenskygge","7":"pa_brand-makeup-revolution","8":"berocket_brand-makeup-revolution","10":"first","11":"instock","12":"sale","13":"taxable","14":"shipping-taxable","15":"purchasable","16":"product-type-simple"},"_links":{"self":[{"href":"https:\/\/stylingagenten.com\/no\/wp-json\/wp\/v2\/product\/412193","targetHints":{"allow":["GET"]}}],"collection":[{"href":"https:\/\/stylingagenten.com\/no\/wp-json\/wp\/v2\/product"}],"about":[{"href":"https:\/\/stylingagenten.com\/no\/wp-json\/wp\/v2\/types\/product"}],"replies":[{"embeddable":true,"href":"https:\/\/stylingagenten.com\/no\/wp-json\/wp\/v2\/comments?post=412193"}],"version-history":[{"count":0,"href":"https:\/\/stylingagenten.com\/no\/wp-json\/wp\/v2\/product\/412193\/revisions"}],"wp:featuredmedia":[{"embeddable":true,"href":"https:\/\/stylingagenten.com\/no\/wp-json\/wp\/v2\/media\/412167"}],"wp:attachment":[{"href":"https:\/\/stylingagenten.com\/no\/wp-json\/wp\/v2\/media?parent=412193"}],"wp:term":[{"taxonomy":"product_brand","embeddable":true,"href":"https:\/\/stylingagenten.com\/no\/wp-json\/wp\/v2\/product_brand?post=412193"},{"taxonomy":"product_cat","embeddable":true,"href":"https:\/\/stylingagenten.com\/no\/wp-json\/wp\/v2\/product_cat?post=412193"},{"taxonomy":"product_tag","embeddable":true,"href":"https:\/\/stylingagenten.com\/no\/wp-json\/wp\/v2\/product_tag?post=412193"},{"taxonomy":"berocket_brand","embeddable":true,"href":"https:\/\/stylingagenten.com\/no\/wp-json\/wp\/v2\/berocket_brand?post=412193"}],"curies":[{"name":"wp","href":"https:\/\/api.w.org\/{rel}","templated":true}]}}