{"id":412009,"date":"2025-05-18T23:39:23","date_gmt":"2025-05-18T23:39:23","guid":{"rendered":"https:\/\/staging2.stylingagenten.com\/no\/produkt\/makeup-revolution-pro-new-neutral-blushed-shadow-palette\/"},"modified":"2026-03-16T12:07:55","modified_gmt":"2026-03-16T12:07:55","slug":"makeup-revolution-pro-new-neutral-blushed-shadow-palette","status":"publish","type":"product","link":"https:\/\/stylingagenten.com\/no\/produkt\/makeup-revolution-pro-new-neutral-blushed-shadow-palette\/","title":{"rendered":"Makeup Revolution PRO New Neutral Blushed Shadow Palette"},"content":{"rendered":"<p>Revolution Pro New Neutrals Blushed Eyeshadow Palette har et overd\u00e5dig utvalg av skimmer, reflekterende, perle- og matte formler, som hjelper deg med \u00e5 skape en i\u00f8ynefallende makeup-look som tar deg fra morgen til kveld. Paletten inneholder totalt 18 forskjellige \u00f8yenskygger, slik at du kan mikse og matche subtile og dristige n\u00f8ytrale farger for \u00e5 skape den ultimate full ansiktslooken.<br \/>Enten du g\u00e5r for en myk glam-estetikk, klassisk sofistikert eller noe lekent og morsomt, \u00f8yenskyggepaletten passer til enhver foresp\u00f8rsel. Velg mellom r\u00f8de rosa, smakfulle champagner og eksplosjoner av skimmer mens du legger til aksenter av fyldigere lilla. Hver nyanse gir imponerende, jevne resultater som gir deg et varig pigmentert utseende.<br \/>Paletten kommer i et rosegulltonet leopardm\u00f8nster.<\/p>\n","protected":false},"excerpt":{"rendered":"<p>Revolution Pro New Neutrals Blushed Eyeshadow Palette har et overd\u00e5dig utvalg av skimmer, reflekterende, perle- og matte formler, som hjelper deg med \u00e5 skape en i\u00f8ynefallende makeup-look som tar deg fra morgen til kveld. Paletten inneholder totalt 18 forskjellige \u00f8yenskygger, slik at du kan mikse og matche subtile og dristige n\u00f8ytrale farger for \u00e5 skape [&hellip;]<\/p>\n","protected":false},"featured_media":411997,"comment_status":"open","ping_status":"closed","template":"","meta":{"_trash_the_other_posts":false},"product_brand":[],"product_cat":[581],"product_tag":[],"berocket_brand":[1050],"class_list":{"0":"post-412009","1":"product","2":"type-product","3":"status-publish","4":"has-post-thumbnail","6":"product_cat-oyenskygge","7":"pa_brand-makeup-revolution","8":"berocket_brand-makeup-revolution","10":"first","11":"instock","12":"sale","13":"taxable","14":"shipping-taxable","15":"purchasable","16":"product-type-simple"},"_links":{"self":[{"href":"https:\/\/stylingagenten.com\/no\/wp-json\/wp\/v2\/product\/412009","targetHints":{"allow":["GET"]}}],"collection":[{"href":"https:\/\/stylingagenten.com\/no\/wp-json\/wp\/v2\/product"}],"about":[{"href":"https:\/\/stylingagenten.com\/no\/wp-json\/wp\/v2\/types\/product"}],"replies":[{"embeddable":true,"href":"https:\/\/stylingagenten.com\/no\/wp-json\/wp\/v2\/comments?post=412009"}],"version-history":[{"count":0,"href":"https:\/\/stylingagenten.com\/no\/wp-json\/wp\/v2\/product\/412009\/revisions"}],"wp:featuredmedia":[{"embeddable":true,"href":"https:\/\/stylingagenten.com\/no\/wp-json\/wp\/v2\/media\/411997"}],"wp:attachment":[{"href":"https:\/\/stylingagenten.com\/no\/wp-json\/wp\/v2\/media?parent=412009"}],"wp:term":[{"taxonomy":"product_brand","embeddable":true,"href":"https:\/\/stylingagenten.com\/no\/wp-json\/wp\/v2\/product_brand?post=412009"},{"taxonomy":"product_cat","embeddable":true,"href":"https:\/\/stylingagenten.com\/no\/wp-json\/wp\/v2\/product_cat?post=412009"},{"taxonomy":"product_tag","embeddable":true,"href":"https:\/\/stylingagenten.com\/no\/wp-json\/wp\/v2\/product_tag?post=412009"},{"taxonomy":"berocket_brand","embeddable":true,"href":"https:\/\/stylingagenten.com\/no\/wp-json\/wp\/v2\/berocket_brand?post=412009"}],"curies":[{"name":"wp","href":"https:\/\/api.w.org\/{rel}","templated":true}]}}