{"id":411958,"date":"2025-05-18T23:39:14","date_gmt":"2025-05-18T23:39:14","guid":{"rendered":"https:\/\/staging2.stylingagenten.com\/no\/produkt\/wet-n-wild-5-pan-palette-full-bloomin\/"},"modified":"2025-12-18T21:58:54","modified_gmt":"2025-12-18T21:58:54","slug":"wet-n-wild-5-pan-palette-full-bloomin","status":"publish","type":"product","link":"https:\/\/stylingagenten.com\/no\/produkt\/wet-n-wild-5-pan-palette-full-bloomin\/","title":{"rendered":"Wet n Wild 5-Pan Palette Full Bloomin"},"content":{"rendered":"<p>Lev ditt beste liv i farger! Denne Color Icon 5-Pan Palette har en forbedret, rikt pigmentert og sm\u00f8rmyk formel i matte, satin, shimmer og metalliske finish. Denne spesielt kuraterte paletten er perfekt for \u00e5 oppn\u00e5 utseendet du dr\u00f8mmer om, enten det er naturlig mykt eller imponerende dristig. Hver nyanse er sm\u00f8rmyk for s\u00f8ml\u00f8s blandbarhet og enkel lagdeling. Kan brukes b\u00e5de v\u00e5t og t\u00f8rr, og det er enkelt \u00e5 lage et ekte regnbue av kreative effekter som f\u00e5r deg til \u00e5 se ut og f\u00f8le deg som om du har f\u00e5tt en 5-stjerners vurdering.<\/p>\n","protected":false},"excerpt":{"rendered":"<p>Lev ditt beste liv i farger! Denne Color Icon 5-Pan Palette har en forbedret, rikt pigmentert og sm\u00f8rmyk formel i matte, satin, shimmer og metalliske finish. Denne spesielt kuraterte paletten er perfekt for \u00e5 oppn\u00e5 utseendet du dr\u00f8mmer om, enten det er naturlig mykt eller imponerende dristig. Hver nyanse er sm\u00f8rmyk for s\u00f8ml\u00f8s blandbarhet og [&hellip;]<\/p>\n","protected":false},"featured_media":411947,"comment_status":"open","ping_status":"closed","template":"","meta":{"_trash_the_other_posts":false},"product_brand":[],"product_cat":[581],"product_tag":[4071],"berocket_brand":[1035],"class_list":{"0":"post-411958","1":"product","2":"type-product","3":"status-publish","4":"has-post-thumbnail","6":"product_cat-oyenskygge","7":"product_tag-wet-n-wild-5-pan-palette","8":"pa_brand-wet-n-wild","9":"pa_variant-full-bloomin","10":"berocket_brand-wet-n-wild","12":"first","13":"instock","14":"taxable","15":"shipping-taxable","16":"purchasable","17":"product-type-simple"},"_links":{"self":[{"href":"https:\/\/stylingagenten.com\/no\/wp-json\/wp\/v2\/product\/411958","targetHints":{"allow":["GET"]}}],"collection":[{"href":"https:\/\/stylingagenten.com\/no\/wp-json\/wp\/v2\/product"}],"about":[{"href":"https:\/\/stylingagenten.com\/no\/wp-json\/wp\/v2\/types\/product"}],"replies":[{"embeddable":true,"href":"https:\/\/stylingagenten.com\/no\/wp-json\/wp\/v2\/comments?post=411958"}],"version-history":[{"count":0,"href":"https:\/\/stylingagenten.com\/no\/wp-json\/wp\/v2\/product\/411958\/revisions"}],"wp:featuredmedia":[{"embeddable":true,"href":"https:\/\/stylingagenten.com\/no\/wp-json\/wp\/v2\/media\/411947"}],"wp:attachment":[{"href":"https:\/\/stylingagenten.com\/no\/wp-json\/wp\/v2\/media?parent=411958"}],"wp:term":[{"taxonomy":"product_brand","embeddable":true,"href":"https:\/\/stylingagenten.com\/no\/wp-json\/wp\/v2\/product_brand?post=411958"},{"taxonomy":"product_cat","embeddable":true,"href":"https:\/\/stylingagenten.com\/no\/wp-json\/wp\/v2\/product_cat?post=411958"},{"taxonomy":"product_tag","embeddable":true,"href":"https:\/\/stylingagenten.com\/no\/wp-json\/wp\/v2\/product_tag?post=411958"},{"taxonomy":"berocket_brand","embeddable":true,"href":"https:\/\/stylingagenten.com\/no\/wp-json\/wp\/v2\/berocket_brand?post=411958"}],"curies":[{"name":"wp","href":"https:\/\/api.w.org\/{rel}","templated":true}]}}