{"id":411938,"date":"2025-05-18T23:39:10","date_gmt":"2025-05-18T23:39:10","guid":{"rendered":"https:\/\/staging2.stylingagenten.com\/no\/produkt\/kokie-lash-boosting-mascara-primer\/"},"modified":"2026-03-26T06:18:45","modified_gmt":"2026-03-26T06:18:45","slug":"kokie-lash-boosting-mascara-primer","status":"publish","type":"product","link":"https:\/\/stylingagenten.com\/no\/produkt\/kokie-lash-boosting-mascara-primer\/","title":{"rendered":"Kokie Lash Boosting Mascara Primer"},"content":{"rendered":"<p>Med Kokie Lash Boosting Mascara Primer varer mascaraen enda lenger mens du f\u00e5r ekstra volum.<br \/>P\u00e5f\u00f8r under mascaraen for \u00e5 gi vippene dine et lengre og fyldigere utseende mens mascaraen holder seg frisk hele dagen.<\/p>\n<p>Mykner vippene, forlenger levetiden til mascara, gjennomsiktig n\u00e5r den er t\u00f8rr.<\/p>\n","protected":false},"excerpt":{"rendered":"<p>Med Kokie Lash Boosting Mascara Primer varer mascaraen enda lenger mens du f\u00e5r ekstra volum.P\u00e5f\u00f8r under mascaraen for \u00e5 gi vippene dine et lengre og fyldigere utseende mens mascaraen holder seg frisk hele dagen. Mykner vippene, forlenger levetiden til mascara, gjennomsiktig n\u00e5r den er t\u00f8rr.<\/p>\n","protected":false},"featured_media":411930,"comment_status":"open","ping_status":"closed","template":"","meta":{"_trash_the_other_posts":false},"product_brand":[],"product_cat":[716],"product_tag":[],"berocket_brand":[1198],"class_list":{"0":"post-411938","1":"product","2":"type-product","3":"status-publish","4":"has-post-thumbnail","6":"product_cat-maskaraprimer","7":"pa_brand-kokie-cosmetics","8":"berocket_brand-kokie-cosmetics","10":"first","11":"instock","12":"taxable","13":"shipping-taxable","14":"purchasable","15":"product-type-simple"},"_links":{"self":[{"href":"https:\/\/stylingagenten.com\/no\/wp-json\/wp\/v2\/product\/411938","targetHints":{"allow":["GET"]}}],"collection":[{"href":"https:\/\/stylingagenten.com\/no\/wp-json\/wp\/v2\/product"}],"about":[{"href":"https:\/\/stylingagenten.com\/no\/wp-json\/wp\/v2\/types\/product"}],"replies":[{"embeddable":true,"href":"https:\/\/stylingagenten.com\/no\/wp-json\/wp\/v2\/comments?post=411938"}],"version-history":[{"count":0,"href":"https:\/\/stylingagenten.com\/no\/wp-json\/wp\/v2\/product\/411938\/revisions"}],"wp:featuredmedia":[{"embeddable":true,"href":"https:\/\/stylingagenten.com\/no\/wp-json\/wp\/v2\/media\/411930"}],"wp:attachment":[{"href":"https:\/\/stylingagenten.com\/no\/wp-json\/wp\/v2\/media?parent=411938"}],"wp:term":[{"taxonomy":"product_brand","embeddable":true,"href":"https:\/\/stylingagenten.com\/no\/wp-json\/wp\/v2\/product_brand?post=411938"},{"taxonomy":"product_cat","embeddable":true,"href":"https:\/\/stylingagenten.com\/no\/wp-json\/wp\/v2\/product_cat?post=411938"},{"taxonomy":"product_tag","embeddable":true,"href":"https:\/\/stylingagenten.com\/no\/wp-json\/wp\/v2\/product_tag?post=411938"},{"taxonomy":"berocket_brand","embeddable":true,"href":"https:\/\/stylingagenten.com\/no\/wp-json\/wp\/v2\/berocket_brand?post=411938"}],"curies":[{"name":"wp","href":"https:\/\/api.w.org\/{rel}","templated":true}]}}