{"id":411909,"date":"2025-05-18T23:39:05","date_gmt":"2025-05-18T23:39:05","guid":{"rendered":"https:\/\/staging2.stylingagenten.com\/no\/produkt\/bareminerals-prime-time-eyeshadow-extender-primer-3ml\/"},"modified":"2026-03-21T13:07:32","modified_gmt":"2026-03-21T13:07:32","slug":"bareminerals-prime-time-eyeshadow-extender-primer-3ml","status":"publish","type":"product","link":"https:\/\/stylingagenten.com\/no\/produkt\/bareminerals-prime-time-eyeshadow-extender-primer-3ml\/","title":{"rendered":"BareMinerals Prime Time Eyeshadow Extender Primer 3ml"},"content":{"rendered":"<p>En ren, vegansk og silikonfri \u00f8yenskyggeprimer som forlenger holdbarheten til \u00f8yesminken din i opptil 24 timer! Prime Time Eyeshadow Extender Primer gir en gjennomsiktig base som ikke legger seg i bretter eller linjer og er svettebestandig. Primeren minimerer ujevnheter og gir en myk og uskarp effekt p\u00e5 \u00f8yelokket. Med en fleksibel applikator kan du enkelt fordele produktet over lokket. Fungerer med alle \u00f8yenskygger.<\/p>\n<p>N\u00f8kkelingredienser:<br \/>&#8211; En blanding av 3 forskjellige hyaluronsyrekomplekser som gir intens fuktighet<br \/>&#8211; B\u00e6rekraftig produsert sheasm\u00f8r gir en myk tekstur som f\u00f8les behagelig p\u00e5 huden<\/p>\n","protected":false},"excerpt":{"rendered":"<p>En ren, vegansk og silikonfri \u00f8yenskyggeprimer som forlenger holdbarheten til \u00f8yesminken din i opptil 24 timer! Prime Time Eyeshadow Extender Primer gir en gjennomsiktig base som ikke legger seg i bretter eller linjer og er svettebestandig. Primeren minimerer ujevnheter og gir en myk og uskarp effekt p\u00e5 \u00f8yelokket. Med en fleksibel applikator kan du enkelt [&hellip;]<\/p>\n","protected":false},"featured_media":411895,"comment_status":"open","ping_status":"closed","template":"","meta":{"_trash_the_other_posts":false},"product_brand":[],"product_cat":[1005,593],"product_tag":[],"berocket_brand":[2008],"class_list":{"0":"post-411909","1":"product","2":"type-product","3":"status-publish","4":"has-post-thumbnail","6":"product_cat-outlet","7":"product_cat-oyeprimer","8":"pa_brand-id-bareminerals","9":"berocket_brand-id-bareminerals","11":"first","12":"outofstock","13":"sale","14":"taxable","15":"shipping-taxable","16":"purchasable","17":"product-type-simple"},"_links":{"self":[{"href":"https:\/\/stylingagenten.com\/no\/wp-json\/wp\/v2\/product\/411909","targetHints":{"allow":["GET"]}}],"collection":[{"href":"https:\/\/stylingagenten.com\/no\/wp-json\/wp\/v2\/product"}],"about":[{"href":"https:\/\/stylingagenten.com\/no\/wp-json\/wp\/v2\/types\/product"}],"replies":[{"embeddable":true,"href":"https:\/\/stylingagenten.com\/no\/wp-json\/wp\/v2\/comments?post=411909"}],"version-history":[{"count":0,"href":"https:\/\/stylingagenten.com\/no\/wp-json\/wp\/v2\/product\/411909\/revisions"}],"wp:featuredmedia":[{"embeddable":true,"href":"https:\/\/stylingagenten.com\/no\/wp-json\/wp\/v2\/media\/411895"}],"wp:attachment":[{"href":"https:\/\/stylingagenten.com\/no\/wp-json\/wp\/v2\/media?parent=411909"}],"wp:term":[{"taxonomy":"product_brand","embeddable":true,"href":"https:\/\/stylingagenten.com\/no\/wp-json\/wp\/v2\/product_brand?post=411909"},{"taxonomy":"product_cat","embeddable":true,"href":"https:\/\/stylingagenten.com\/no\/wp-json\/wp\/v2\/product_cat?post=411909"},{"taxonomy":"product_tag","embeddable":true,"href":"https:\/\/stylingagenten.com\/no\/wp-json\/wp\/v2\/product_tag?post=411909"},{"taxonomy":"berocket_brand","embeddable":true,"href":"https:\/\/stylingagenten.com\/no\/wp-json\/wp\/v2\/berocket_brand?post=411909"}],"curies":[{"name":"wp","href":"https:\/\/api.w.org\/{rel}","templated":true}]}}