{"id":411848,"date":"2025-05-18T23:38:54","date_gmt":"2025-05-18T23:38:54","guid":{"rendered":"https:\/\/staging2.stylingagenten.com\/no\/produkt\/shiseido-ultimune-eye-power-infusing-eye-concentrate-15ml\/"},"modified":"2026-04-09T06:40:04","modified_gmt":"2026-04-09T06:40:04","slug":"shiseido-ultimune-eye-power-infusing-eye-concentrate-15ml","status":"publish","type":"product","link":"https:\/\/stylingagenten.com\/no\/produkt\/shiseido-ultimune-eye-power-infusing-eye-concentrate-15ml\/","title":{"rendered":"Shiseido Ultimune Eye Power Infusing Eye Concentrate 15ml"},"content":{"rendered":"<p>Se effekten av friksjon redusert med 30 % * og 100 % glans rundt gonaen.<\/p>\n<p>&nbsp;<\/p>\n<p>Siden huden rundt gonaen er tynnere, kan friksjon for\u00e5rsake mer skader. Dette ansiktsserumet bidrar til \u00e5 forbedre utseendet til Kj\u00f8nnsomr\u00e5det ved \u00e5 forsvare seg mot daglige skader for\u00e5rsaket av friksjon, for eksempel gnidning av kj\u00f8nnsorganene, og ved \u00e5 styrke kj\u00f8nnsomr\u00e5det og gjenopprette fasthet. Huden er glatt, str\u00e5lende og fast.<\/p>\n","protected":false},"excerpt":{"rendered":"<p>Se effekten av friksjon redusert med 30 % * og 100 % glans rundt gonaen. &nbsp; Siden huden rundt gonaen er tynnere, kan friksjon for\u00e5rsake mer skader. Dette ansiktsserumet bidrar til \u00e5 forbedre utseendet til Kj\u00f8nnsomr\u00e5det ved \u00e5 forsvare seg mot daglige skader for\u00e5rsaket av friksjon, for eksempel gnidning av kj\u00f8nnsorganene, og ved \u00e5 styrke [&hellip;]<\/p>\n","protected":false},"featured_media":411842,"comment_status":"open","ping_status":"closed","template":"","meta":{"_trash_the_other_posts":false},"product_brand":[],"product_cat":[623,614],"product_tag":[],"berocket_brand":[1193],"class_list":{"0":"post-411848","1":"product","2":"type-product","3":"status-publish","4":"has-post-thumbnail","6":"product_cat-ogonkram","7":"product_cat-serum","8":"pa_brand-shiseido","9":"berocket_brand-shiseido","11":"first","12":"instock","13":"sale","14":"taxable","15":"shipping-taxable","16":"purchasable","17":"product-type-simple"},"_links":{"self":[{"href":"https:\/\/stylingagenten.com\/no\/wp-json\/wp\/v2\/product\/411848","targetHints":{"allow":["GET"]}}],"collection":[{"href":"https:\/\/stylingagenten.com\/no\/wp-json\/wp\/v2\/product"}],"about":[{"href":"https:\/\/stylingagenten.com\/no\/wp-json\/wp\/v2\/types\/product"}],"replies":[{"embeddable":true,"href":"https:\/\/stylingagenten.com\/no\/wp-json\/wp\/v2\/comments?post=411848"}],"version-history":[{"count":0,"href":"https:\/\/stylingagenten.com\/no\/wp-json\/wp\/v2\/product\/411848\/revisions"}],"wp:featuredmedia":[{"embeddable":true,"href":"https:\/\/stylingagenten.com\/no\/wp-json\/wp\/v2\/media\/411842"}],"wp:attachment":[{"href":"https:\/\/stylingagenten.com\/no\/wp-json\/wp\/v2\/media?parent=411848"}],"wp:term":[{"taxonomy":"product_brand","embeddable":true,"href":"https:\/\/stylingagenten.com\/no\/wp-json\/wp\/v2\/product_brand?post=411848"},{"taxonomy":"product_cat","embeddable":true,"href":"https:\/\/stylingagenten.com\/no\/wp-json\/wp\/v2\/product_cat?post=411848"},{"taxonomy":"product_tag","embeddable":true,"href":"https:\/\/stylingagenten.com\/no\/wp-json\/wp\/v2\/product_tag?post=411848"},{"taxonomy":"berocket_brand","embeddable":true,"href":"https:\/\/stylingagenten.com\/no\/wp-json\/wp\/v2\/berocket_brand?post=411848"}],"curies":[{"name":"wp","href":"https:\/\/api.w.org\/{rel}","templated":true}]}}