{"id":411734,"date":"2025-05-18T23:38:34","date_gmt":"2025-05-18T23:38:34","guid":{"rendered":"https:\/\/staging2.stylingagenten.com\/no\/produkt\/neutrogena-hydro-boost-awakening-eye-cream-15-ml\/"},"modified":"2026-04-11T07:48:38","modified_gmt":"2026-04-11T07:48:38","slug":"neutrogena-hydro-boost-awakening-eye-cream-15-ml","status":"publish","type":"product","link":"https:\/\/stylingagenten.com\/no\/produkt\/neutrogena-hydro-boost-awakening-eye-cream-15-ml\/","title":{"rendered":"Neutrogena Hydro Boost Awakening Eye Cream 15 ml"},"content":{"rendered":"<p>N\u00e5r fuktighetsbarrieren rundt det sarte \u00f8yeomr\u00e5det svekkes, reduseres vanninnholdet i huden, noe som f\u00f8rer til fine, t\u00f8rre linjer. Revitaliser tr\u00f8tte \u00f8yne med Neutrogena Hydro Boost Awakening Eye Cream, designet for \u00e5 gi forfriskende hydrering til \u00f8yekonturen og bidra til \u00e5 styrke den sarte \u00f8yehudens fuktbarriere. \u00d8ynene ser lysv\u00e5kne ut med et duggfrisk utseende og intenst hydrert gjennom dagen. Olje fri.<\/p>\n","protected":false},"excerpt":{"rendered":"<p>N\u00e5r fuktighetsbarrieren rundt det sarte \u00f8yeomr\u00e5det svekkes, reduseres vanninnholdet i huden, noe som f\u00f8rer til fine, t\u00f8rre linjer. Revitaliser tr\u00f8tte \u00f8yne med Neutrogena Hydro Boost Awakening Eye Cream, designet for \u00e5 gi forfriskende hydrering til \u00f8yekonturen og bidra til \u00e5 styrke den sarte \u00f8yehudens fuktbarriere. \u00d8ynene ser lysv\u00e5kne ut med et duggfrisk utseende og intenst [&hellip;]<\/p>\n","protected":false},"featured_media":411729,"comment_status":"open","ping_status":"closed","template":"","meta":{"_trash_the_other_posts":false},"product_brand":[],"product_cat":[623],"product_tag":[],"berocket_brand":[1262],"class_list":{"0":"post-411734","1":"product","2":"type-product","3":"status-publish","4":"has-post-thumbnail","6":"product_cat-ogonkram","7":"pa_brand-neutrogena","8":"berocket_brand-neutrogena","10":"first","11":"instock","12":"sale","13":"taxable","14":"shipping-taxable","15":"purchasable","16":"product-type-simple"},"_links":{"self":[{"href":"https:\/\/stylingagenten.com\/no\/wp-json\/wp\/v2\/product\/411734","targetHints":{"allow":["GET"]}}],"collection":[{"href":"https:\/\/stylingagenten.com\/no\/wp-json\/wp\/v2\/product"}],"about":[{"href":"https:\/\/stylingagenten.com\/no\/wp-json\/wp\/v2\/types\/product"}],"replies":[{"embeddable":true,"href":"https:\/\/stylingagenten.com\/no\/wp-json\/wp\/v2\/comments?post=411734"}],"version-history":[{"count":0,"href":"https:\/\/stylingagenten.com\/no\/wp-json\/wp\/v2\/product\/411734\/revisions"}],"wp:featuredmedia":[{"embeddable":true,"href":"https:\/\/stylingagenten.com\/no\/wp-json\/wp\/v2\/media\/411729"}],"wp:attachment":[{"href":"https:\/\/stylingagenten.com\/no\/wp-json\/wp\/v2\/media?parent=411734"}],"wp:term":[{"taxonomy":"product_brand","embeddable":true,"href":"https:\/\/stylingagenten.com\/no\/wp-json\/wp\/v2\/product_brand?post=411734"},{"taxonomy":"product_cat","embeddable":true,"href":"https:\/\/stylingagenten.com\/no\/wp-json\/wp\/v2\/product_cat?post=411734"},{"taxonomy":"product_tag","embeddable":true,"href":"https:\/\/stylingagenten.com\/no\/wp-json\/wp\/v2\/product_tag?post=411734"},{"taxonomy":"berocket_brand","embeddable":true,"href":"https:\/\/stylingagenten.com\/no\/wp-json\/wp\/v2\/berocket_brand?post=411734"}],"curies":[{"name":"wp","href":"https:\/\/api.w.org\/{rel}","templated":true}]}}