{"id":411704,"date":"2025-05-18T23:38:30","date_gmt":"2025-05-18T23:38:30","guid":{"rendered":"https:\/\/staging2.stylingagenten.com\/no\/produkt\/filorga-time-filler-eyes-5xp-15ml\/"},"modified":"2026-04-08T08:48:32","modified_gmt":"2026-04-08T08:48:32","slug":"filorga-time-filler-eyes-5xp-15ml","status":"publish","type":"product","link":"https:\/\/stylingagenten.com\/no\/produkt\/filorga-time-filler-eyes-5xp-15ml\/","title":{"rendered":"Filorga Time-Filler Eyes 5XP 15ml"},"content":{"rendered":"<p>En korrigerende anti-aldring \u00f8yekrem som motvirker alle typer rynker. Time-Filler Eyes 5 XP er et resultat av Filorgas ekspertise innen estetisk medisin og reduserer alle typer rynker rundt \u00f8ynene, bekymringslinjer, m\u00f8rke ringer og hengende \u00f8yelokk. Selv \u00f8yevippene f\u00f8les styrket. \u00d8yeomr\u00e5det vil se yngre, jevnere og mer energisk ut. Klinisk bevist effektivitet. Testet under oftalmologisk kontroll.<\/p>\n<p>\u2022 \u00d8yekrem med anti-aldringseffekt<br \/>\u2022 Reduserer rynker, fine linjer og m\u00f8rke ringer<br \/>\u2022 Gir jevnere hud som f\u00f8les yngre<br \/>\u2022 \u00d8yenvipper f\u00f8les styrket<\/p>\n","protected":false},"excerpt":{"rendered":"<p>En korrigerende anti-aldring \u00f8yekrem som motvirker alle typer rynker. Time-Filler Eyes 5 XP er et resultat av Filorgas ekspertise innen estetisk medisin og reduserer alle typer rynker rundt \u00f8ynene, bekymringslinjer, m\u00f8rke ringer og hengende \u00f8yelokk. Selv \u00f8yevippene f\u00f8les styrket. \u00d8yeomr\u00e5det vil se yngre, jevnere og mer energisk ut. Klinisk bevist effektivitet. Testet under oftalmologisk kontroll. [&hellip;]<\/p>\n","protected":false},"featured_media":411691,"comment_status":"open","ping_status":"closed","template":"","meta":{"_trash_the_other_posts":false},"product_brand":[],"product_cat":[1003,623],"product_tag":[],"berocket_brand":[1317],"class_list":{"0":"post-411704","1":"product","2":"type-product","3":"status-publish","4":"has-post-thumbnail","6":"product_cat-bestselgere","7":"product_cat-ogonkram","8":"pa_brand-filorga","9":"berocket_brand-filorga","11":"first","12":"instock","13":"sale","14":"taxable","15":"shipping-taxable","16":"purchasable","17":"product-type-simple"},"_links":{"self":[{"href":"https:\/\/stylingagenten.com\/no\/wp-json\/wp\/v2\/product\/411704","targetHints":{"allow":["GET"]}}],"collection":[{"href":"https:\/\/stylingagenten.com\/no\/wp-json\/wp\/v2\/product"}],"about":[{"href":"https:\/\/stylingagenten.com\/no\/wp-json\/wp\/v2\/types\/product"}],"replies":[{"embeddable":true,"href":"https:\/\/stylingagenten.com\/no\/wp-json\/wp\/v2\/comments?post=411704"}],"version-history":[{"count":0,"href":"https:\/\/stylingagenten.com\/no\/wp-json\/wp\/v2\/product\/411704\/revisions"}],"wp:featuredmedia":[{"embeddable":true,"href":"https:\/\/stylingagenten.com\/no\/wp-json\/wp\/v2\/media\/411691"}],"wp:attachment":[{"href":"https:\/\/stylingagenten.com\/no\/wp-json\/wp\/v2\/media?parent=411704"}],"wp:term":[{"taxonomy":"product_brand","embeddable":true,"href":"https:\/\/stylingagenten.com\/no\/wp-json\/wp\/v2\/product_brand?post=411704"},{"taxonomy":"product_cat","embeddable":true,"href":"https:\/\/stylingagenten.com\/no\/wp-json\/wp\/v2\/product_cat?post=411704"},{"taxonomy":"product_tag","embeddable":true,"href":"https:\/\/stylingagenten.com\/no\/wp-json\/wp\/v2\/product_tag?post=411704"},{"taxonomy":"berocket_brand","embeddable":true,"href":"https:\/\/stylingagenten.com\/no\/wp-json\/wp\/v2\/berocket_brand?post=411704"}],"curies":[{"name":"wp","href":"https:\/\/api.w.org\/{rel}","templated":true}]}}