{"id":411690,"date":"2025-05-18T23:38:28","date_gmt":"2025-05-18T23:38:28","guid":{"rendered":"https:\/\/staging2.stylingagenten.com\/no\/produkt\/elizabeth-arden-white-tea-skin-solution-brightening-eye-gel-15ml\/"},"modified":"2026-03-15T10:07:40","modified_gmt":"2026-03-15T10:07:40","slug":"elizabeth-arden-white-tea-skin-solution-brightening-eye-gel-15ml","status":"publish","type":"product","link":"https:\/\/stylingagenten.com\/no\/produkt\/elizabeth-arden-white-tea-skin-solution-brightening-eye-gel-15ml\/","title":{"rendered":"Elizabeth Arden White Tea Skin Solution Brightening Eye Gel 15ml"},"content":{"rendered":"<p>Elizabeth Arden White Tea Skin Solution Brightening Eye Gel 15ml<br \/>White Tea Skin Solutions er en vegansk hudpleieserie fra Elizabeth Arden laget med naturens potente antioksidant EGCG som finnes i hvit te, for \u00e5 gi huden ungdommelig vitalitet og for \u00e5 styrke hudens forsvar. Hver formel er n\u00f8ye designet med EGCG, bioteknologi for \u00e5 styrke det naturlige kollagenet i huden p\u00e5 bare 6 timer. Opplev sensoriske teksturer og rene formler med b\u00e6rekraftig produserte ingredienser og emballasje. Sk\u00e5nsom hudpleie som passer alle \u2013 ogs\u00e5 de med sensitiv hud.<br \/>&#8211;<br \/>White Tea Skin Solutions Brightening Eye Gel er en \u00f8yekrem som inneholder antioksidantrikt EGCG* og er en fantastisk lett \u00f8yegel\u00e9 som \u00f8yeblikkelig gjenoppliver tr\u00f8tte \u00f8yne for et mer str\u00e5lende, forfriskende utseende. Inneholder over 2000** dyrebare mikrodr\u00e5per, denne forfriskende gelkremen smelter inn i huden for \u00e5 hydrere, lysne, lindre og jevne ut det delikate \u00f8yeomr\u00e5det. Formelen er sk\u00e5nsom, men effektiv og er n\u00f8ye formulert med Sea Oak Extract for \u00e5 motvirke m\u00f8rke ringer og redusere synlige kr\u00e5ket\u00e6r, samt gjenstridige rynker.<\/p>\n","protected":false},"excerpt":{"rendered":"<p>Elizabeth Arden White Tea Skin Solution Brightening Eye Gel 15mlWhite Tea Skin Solutions er en vegansk hudpleieserie fra Elizabeth Arden laget med naturens potente antioksidant EGCG som finnes i hvit te, for \u00e5 gi huden ungdommelig vitalitet og for \u00e5 styrke hudens forsvar. Hver formel er n\u00f8ye designet med EGCG, bioteknologi for \u00e5 styrke det [&hellip;]<\/p>\n","protected":false},"featured_media":411685,"comment_status":"open","ping_status":"closed","template":"","meta":{"_trash_the_other_posts":false},"product_brand":[],"product_cat":[623],"product_tag":[],"berocket_brand":[1303],"class_list":{"0":"post-411690","1":"product","2":"type-product","3":"status-publish","4":"has-post-thumbnail","6":"product_cat-ogonkram","7":"pa_brand-elizabeth-arden","8":"berocket_brand-elizabeth-arden","10":"first","11":"instock","12":"sale","13":"taxable","14":"shipping-taxable","15":"purchasable","16":"product-type-simple"},"_links":{"self":[{"href":"https:\/\/stylingagenten.com\/no\/wp-json\/wp\/v2\/product\/411690","targetHints":{"allow":["GET"]}}],"collection":[{"href":"https:\/\/stylingagenten.com\/no\/wp-json\/wp\/v2\/product"}],"about":[{"href":"https:\/\/stylingagenten.com\/no\/wp-json\/wp\/v2\/types\/product"}],"replies":[{"embeddable":true,"href":"https:\/\/stylingagenten.com\/no\/wp-json\/wp\/v2\/comments?post=411690"}],"version-history":[{"count":0,"href":"https:\/\/stylingagenten.com\/no\/wp-json\/wp\/v2\/product\/411690\/revisions"}],"wp:featuredmedia":[{"embeddable":true,"href":"https:\/\/stylingagenten.com\/no\/wp-json\/wp\/v2\/media\/411685"}],"wp:attachment":[{"href":"https:\/\/stylingagenten.com\/no\/wp-json\/wp\/v2\/media?parent=411690"}],"wp:term":[{"taxonomy":"product_brand","embeddable":true,"href":"https:\/\/stylingagenten.com\/no\/wp-json\/wp\/v2\/product_brand?post=411690"},{"taxonomy":"product_cat","embeddable":true,"href":"https:\/\/stylingagenten.com\/no\/wp-json\/wp\/v2\/product_cat?post=411690"},{"taxonomy":"product_tag","embeddable":true,"href":"https:\/\/stylingagenten.com\/no\/wp-json\/wp\/v2\/product_tag?post=411690"},{"taxonomy":"berocket_brand","embeddable":true,"href":"https:\/\/stylingagenten.com\/no\/wp-json\/wp\/v2\/berocket_brand?post=411690"}],"curies":[{"name":"wp","href":"https:\/\/api.w.org\/{rel}","templated":true}]}}