{"id":411687,"date":"2025-05-18T23:38:27","date_gmt":"2025-05-18T23:38:27","guid":{"rendered":"https:\/\/staging2.stylingagenten.com\/no\/produkt\/cosrx-advanced-snail-peptide-eye-cream-25ml\/"},"modified":"2026-04-12T19:48:40","modified_gmt":"2026-04-12T19:48:40","slug":"cosrx-advanced-snail-peptide-eye-cream-25ml","status":"publish","type":"product","link":"https:\/\/stylingagenten.com\/no\/produkt\/cosrx-advanced-snail-peptide-eye-cream-25ml\/","title":{"rendered":"COSRX Advanced Snail Peptide Eye Cream 25ml"},"content":{"rendered":"<p>COSRX Advanced Snail Peptide Eye Cream 25ml<br \/>Med hele 73,6 % sneglesekret beskytter denne \u00f8yekremen den sensitive huden rundt \u00f8ynene mot fuktighetstap samtidig som den forbedrer hudens elastisitet. Denne har en oppstrammende effekt og virker for fastere hud rundt \u00f8ynene samtidig som den hjelper med glans og naturlig gl\u00f8d.<\/p>\n<p>Fungerer sv\u00e6rt fuktighetsgivende til tross for den lette og fine teksturen som gir langvarig fuktighet uten \u00e5 f\u00f8les tung eller klissete p\u00e5 huden .<br \/>. Reduserer m\u00f8rke ringer rundt \u00f8ynene<br \/>. Har en lysende og oppstrammende effekt p\u00e5 huden rundt \u00f8ynene<br \/>. Virker for \u00e5 motvirke og redusere tegn p\u00e5 for tidlig aldring av huden<br \/>Denne \u00f8yekremen passer for alle hudtyper og alle aldre<br \/>COSRX er 100 % grusomhetsfri og tester ikke p\u00e5 dyr. Uttaket av sneglesekret skjer uten \u00e5 skade dyrene.<\/p>\n","protected":false},"excerpt":{"rendered":"<p>COSRX Advanced Snail Peptide Eye Cream 25mlMed hele 73,6 % sneglesekret beskytter denne \u00f8yekremen den sensitive huden rundt \u00f8ynene mot fuktighetstap samtidig som den forbedrer hudens elastisitet. Denne har en oppstrammende effekt og virker for fastere hud rundt \u00f8ynene samtidig som den hjelper med glans og naturlig gl\u00f8d. Fungerer sv\u00e6rt fuktighetsgivende til tross for den [&hellip;]<\/p>\n","protected":false},"featured_media":411675,"comment_status":"open","ping_status":"closed","template":"","meta":{"_trash_the_other_posts":false},"product_brand":[],"product_cat":[1001,623],"product_tag":[],"berocket_brand":[1396],"class_list":{"0":"post-411687","1":"product","2":"type-product","3":"status-publish","4":"has-post-thumbnail","6":"product_cat-k-beauty","7":"product_cat-ogonkram","8":"pa_brand-cosrx","9":"berocket_brand-cosrx","11":"first","12":"instock","13":"sale","14":"taxable","15":"shipping-taxable","16":"purchasable","17":"product-type-simple"},"_links":{"self":[{"href":"https:\/\/stylingagenten.com\/no\/wp-json\/wp\/v2\/product\/411687","targetHints":{"allow":["GET"]}}],"collection":[{"href":"https:\/\/stylingagenten.com\/no\/wp-json\/wp\/v2\/product"}],"about":[{"href":"https:\/\/stylingagenten.com\/no\/wp-json\/wp\/v2\/types\/product"}],"replies":[{"embeddable":true,"href":"https:\/\/stylingagenten.com\/no\/wp-json\/wp\/v2\/comments?post=411687"}],"version-history":[{"count":0,"href":"https:\/\/stylingagenten.com\/no\/wp-json\/wp\/v2\/product\/411687\/revisions"}],"wp:featuredmedia":[{"embeddable":true,"href":"https:\/\/stylingagenten.com\/no\/wp-json\/wp\/v2\/media\/411675"}],"wp:attachment":[{"href":"https:\/\/stylingagenten.com\/no\/wp-json\/wp\/v2\/media?parent=411687"}],"wp:term":[{"taxonomy":"product_brand","embeddable":true,"href":"https:\/\/stylingagenten.com\/no\/wp-json\/wp\/v2\/product_brand?post=411687"},{"taxonomy":"product_cat","embeddable":true,"href":"https:\/\/stylingagenten.com\/no\/wp-json\/wp\/v2\/product_cat?post=411687"},{"taxonomy":"product_tag","embeddable":true,"href":"https:\/\/stylingagenten.com\/no\/wp-json\/wp\/v2\/product_tag?post=411687"},{"taxonomy":"berocket_brand","embeddable":true,"href":"https:\/\/stylingagenten.com\/no\/wp-json\/wp\/v2\/berocket_brand?post=411687"}],"curies":[{"name":"wp","href":"https:\/\/api.w.org\/{rel}","templated":true}]}}