{"id":411684,"date":"2025-05-18T23:38:27","date_gmt":"2025-05-18T23:38:27","guid":{"rendered":"https:\/\/staging2.stylingagenten.com\/no\/produkt\/banila-co-dear-hydration-bounce-eye-cream-20ml\/"},"modified":"2025-12-18T21:30:33","modified_gmt":"2025-12-18T21:30:33","slug":"banila-co-dear-hydration-bounce-eye-cream-20ml","status":"publish","type":"product","link":"https:\/\/stylingagenten.com\/no\/produkt\/banila-co-dear-hydration-bounce-eye-cream-20ml\/","title":{"rendered":"Banila Co Dear Hydration Bounce Eye Cream 20ml"},"content":{"rendered":"<p>Banila Co Dear Hydration Bounce Eye Cream er en \u00f8yekrem som gir umiddelbar fuktighet, samtidig som den gir langvarige fordeler ved \u00e5 forsinke tegn p\u00e5 aldring og fine linjer. Pink Cactus Water\u2122 og Pink Hydra Biome\u2122 jobber sammen for \u00e5 gi fukt og n\u00e6ring til det sensitive hudomr\u00e5det rundt \u00f8ynene.<\/p>\n<p>20ml<\/p>\n","protected":false},"excerpt":{"rendered":"<p>Banila Co Dear Hydration Bounce Eye Cream er en \u00f8yekrem som gir umiddelbar fuktighet, samtidig som den gir langvarige fordeler ved \u00e5 forsinke tegn p\u00e5 aldring og fine linjer. Pink Cactus Water\u2122 og Pink Hydra Biome\u2122 jobber sammen for \u00e5 gi fukt og n\u00e6ring til det sensitive hudomr\u00e5det rundt \u00f8ynene. 20ml<\/p>\n","protected":false},"featured_media":411658,"comment_status":"open","ping_status":"closed","template":"","meta":{"_trash_the_other_posts":false},"product_brand":[],"product_cat":[623],"product_tag":[],"berocket_brand":[1394],"class_list":{"0":"post-411684","1":"product","2":"type-product","3":"status-publish","4":"has-post-thumbnail","6":"product_cat-ogonkram","7":"pa_brand-banila-co","8":"berocket_brand-banila-co","10":"first","11":"instock","12":"sale","13":"taxable","14":"shipping-taxable","15":"purchasable","16":"product-type-simple"},"_links":{"self":[{"href":"https:\/\/stylingagenten.com\/no\/wp-json\/wp\/v2\/product\/411684","targetHints":{"allow":["GET"]}}],"collection":[{"href":"https:\/\/stylingagenten.com\/no\/wp-json\/wp\/v2\/product"}],"about":[{"href":"https:\/\/stylingagenten.com\/no\/wp-json\/wp\/v2\/types\/product"}],"replies":[{"embeddable":true,"href":"https:\/\/stylingagenten.com\/no\/wp-json\/wp\/v2\/comments?post=411684"}],"version-history":[{"count":0,"href":"https:\/\/stylingagenten.com\/no\/wp-json\/wp\/v2\/product\/411684\/revisions"}],"wp:featuredmedia":[{"embeddable":true,"href":"https:\/\/stylingagenten.com\/no\/wp-json\/wp\/v2\/media\/411658"}],"wp:attachment":[{"href":"https:\/\/stylingagenten.com\/no\/wp-json\/wp\/v2\/media?parent=411684"}],"wp:term":[{"taxonomy":"product_brand","embeddable":true,"href":"https:\/\/stylingagenten.com\/no\/wp-json\/wp\/v2\/product_brand?post=411684"},{"taxonomy":"product_cat","embeddable":true,"href":"https:\/\/stylingagenten.com\/no\/wp-json\/wp\/v2\/product_cat?post=411684"},{"taxonomy":"product_tag","embeddable":true,"href":"https:\/\/stylingagenten.com\/no\/wp-json\/wp\/v2\/product_tag?post=411684"},{"taxonomy":"berocket_brand","embeddable":true,"href":"https:\/\/stylingagenten.com\/no\/wp-json\/wp\/v2\/berocket_brand?post=411684"}],"curies":[{"name":"wp","href":"https:\/\/api.w.org\/{rel}","templated":true}]}}