{"id":411679,"date":"2025-05-18T23:38:26","date_gmt":"2025-05-18T23:38:26","guid":{"rendered":"https:\/\/staging2.stylingagenten.com\/no\/produkt\/purito-wonder-releaf-centella-eye-cream-30ml\/"},"modified":"2025-12-28T09:48:13","modified_gmt":"2025-12-28T09:48:13","slug":"purito-wonder-releaf-centella-eye-cream-30ml","status":"publish","type":"product","link":"https:\/\/stylingagenten.com\/no\/produkt\/purito-wonder-releaf-centella-eye-cream-30ml\/","title":{"rendered":"Purito Wonder Releaf Centella Eye Cream 30ml"},"content":{"rendered":"<p>Purito Wonder Releaf Centella Eye Cream \u2013 den ultimate \u00f8yekremen for \u00e5 gi n\u00e6ring og fuktighet til den f\u00f8lsomme huden rundt \u00f8ynene! Denne ekstra sk\u00e5nsomme \u00f8yekremen er formulert med 49% centella asiatica-ekstrakt, peptider, sheasm\u00f8r og hyaluronsyre for \u00e5 gi en kraftig anti-aldringseffekt.<\/p>\n<p>Opplev hvordan denne \u00f8yekremen effektivt motvirker forekomsten av fine linjer og rynker samtidig som den beskytter mot ytre p\u00e5virkninger. Huden din vil f\u00f8les mykere, glattere og mer ungdommelig. Den er perfekt for daglig bruk og gir et str\u00e5lende resultat du kan stole p\u00e5.<\/p>\n<p>30ml<\/p>\n","protected":false},"excerpt":{"rendered":"<p>Purito Wonder Releaf Centella Eye Cream \u2013 den ultimate \u00f8yekremen for \u00e5 gi n\u00e6ring og fuktighet til den f\u00f8lsomme huden rundt \u00f8ynene! Denne ekstra sk\u00e5nsomme \u00f8yekremen er formulert med 49% centella asiatica-ekstrakt, peptider, sheasm\u00f8r og hyaluronsyre for \u00e5 gi en kraftig anti-aldringseffekt. Opplev hvordan denne \u00f8yekremen effektivt motvirker forekomsten av fine linjer og rynker samtidig [&hellip;]<\/p>\n","protected":false},"featured_media":411650,"comment_status":"open","ping_status":"closed","template":"","meta":{"_trash_the_other_posts":false},"product_brand":[],"product_cat":[1001,623],"product_tag":[],"berocket_brand":[1412],"class_list":{"0":"post-411679","1":"product","2":"type-product","3":"status-publish","4":"has-post-thumbnail","6":"product_cat-k-beauty","7":"product_cat-ogonkram","8":"pa_brand-purito","9":"berocket_brand-purito","11":"first","12":"instock","13":"sale","14":"taxable","15":"shipping-taxable","16":"purchasable","17":"product-type-simple"},"_links":{"self":[{"href":"https:\/\/stylingagenten.com\/no\/wp-json\/wp\/v2\/product\/411679","targetHints":{"allow":["GET"]}}],"collection":[{"href":"https:\/\/stylingagenten.com\/no\/wp-json\/wp\/v2\/product"}],"about":[{"href":"https:\/\/stylingagenten.com\/no\/wp-json\/wp\/v2\/types\/product"}],"replies":[{"embeddable":true,"href":"https:\/\/stylingagenten.com\/no\/wp-json\/wp\/v2\/comments?post=411679"}],"version-history":[{"count":0,"href":"https:\/\/stylingagenten.com\/no\/wp-json\/wp\/v2\/product\/411679\/revisions"}],"wp:featuredmedia":[{"embeddable":true,"href":"https:\/\/stylingagenten.com\/no\/wp-json\/wp\/v2\/media\/411650"}],"wp:attachment":[{"href":"https:\/\/stylingagenten.com\/no\/wp-json\/wp\/v2\/media?parent=411679"}],"wp:term":[{"taxonomy":"product_brand","embeddable":true,"href":"https:\/\/stylingagenten.com\/no\/wp-json\/wp\/v2\/product_brand?post=411679"},{"taxonomy":"product_cat","embeddable":true,"href":"https:\/\/stylingagenten.com\/no\/wp-json\/wp\/v2\/product_cat?post=411679"},{"taxonomy":"product_tag","embeddable":true,"href":"https:\/\/stylingagenten.com\/no\/wp-json\/wp\/v2\/product_tag?post=411679"},{"taxonomy":"berocket_brand","embeddable":true,"href":"https:\/\/stylingagenten.com\/no\/wp-json\/wp\/v2\/berocket_brand?post=411679"}],"curies":[{"name":"wp","href":"https:\/\/api.w.org\/{rel}","templated":true}]}}