{"id":411672,"date":"2025-05-18T23:38:25","date_gmt":"2025-05-18T23:38:25","guid":{"rendered":"https:\/\/staging2.stylingagenten.com\/no\/produkt\/nuxe-merveillance-lift-eye-cream-15ml\/"},"modified":"2025-12-18T21:55:05","modified_gmt":"2025-12-18T21:55:05","slug":"nuxe-merveillance-lift-eye-cream-15ml","status":"publish","type":"product","link":"https:\/\/stylingagenten.com\/no\/produkt\/nuxe-merveillance-lift-eye-cream-15ml\/","title":{"rendered":"Nuxe Merveillance Lift Eye Cream 15ml"},"content":{"rendered":"<p>Nuxe Merveillance Lift Eye Cream er en oppstrammende \u00f8yekrem beriket med en ultrakorrigerende mikroalgeolje, en gr\u00f8nn aktiv ingrediens som konsentrerer kraften fra 4 milliarder naturlige celler i en eneste dr\u00e5pe for \u00e5 styrke huden din hver dag.<\/p>\n<p>Den utrolige utjevnende effekten visker umiddelbart ut rynker og tegn p\u00e5 tretthet, og f\u00e5r \u00f8ynene til \u00e5 se mer ungdommelige ut fra f\u00f8rste p\u00e5f\u00f8ring.<\/p>\n<p>Anti-aldringseffekt og ultimat nytelse med en lett duft som er utviklet spesielt for \u00f8yeomr\u00e5det.<\/p>\n<p>15ml<\/p>\n","protected":false},"excerpt":{"rendered":"<p>Nuxe Merveillance Lift Eye Cream er en oppstrammende \u00f8yekrem beriket med en ultrakorrigerende mikroalgeolje, en gr\u00f8nn aktiv ingrediens som konsentrerer kraften fra 4 milliarder naturlige celler i en eneste dr\u00e5pe for \u00e5 styrke huden din hver dag. Den utrolige utjevnende effekten visker umiddelbart ut rynker og tegn p\u00e5 tretthet, og f\u00e5r \u00f8ynene til \u00e5 se [&hellip;]<\/p>\n","protected":false},"featured_media":411653,"comment_status":"open","ping_status":"closed","template":"","meta":{"_trash_the_other_posts":false},"product_brand":[],"product_cat":[623],"product_tag":[],"berocket_brand":[1024],"class_list":{"0":"post-411672","1":"product","2":"type-product","3":"status-publish","4":"has-post-thumbnail","6":"product_cat-ogonkram","7":"pa_brand-nuxe","8":"berocket_brand-nuxe","10":"first","11":"instock","12":"sale","13":"taxable","14":"shipping-taxable","15":"purchasable","16":"product-type-simple"},"_links":{"self":[{"href":"https:\/\/stylingagenten.com\/no\/wp-json\/wp\/v2\/product\/411672","targetHints":{"allow":["GET"]}}],"collection":[{"href":"https:\/\/stylingagenten.com\/no\/wp-json\/wp\/v2\/product"}],"about":[{"href":"https:\/\/stylingagenten.com\/no\/wp-json\/wp\/v2\/types\/product"}],"replies":[{"embeddable":true,"href":"https:\/\/stylingagenten.com\/no\/wp-json\/wp\/v2\/comments?post=411672"}],"version-history":[{"count":0,"href":"https:\/\/stylingagenten.com\/no\/wp-json\/wp\/v2\/product\/411672\/revisions"}],"wp:featuredmedia":[{"embeddable":true,"href":"https:\/\/stylingagenten.com\/no\/wp-json\/wp\/v2\/media\/411653"}],"wp:attachment":[{"href":"https:\/\/stylingagenten.com\/no\/wp-json\/wp\/v2\/media?parent=411672"}],"wp:term":[{"taxonomy":"product_brand","embeddable":true,"href":"https:\/\/stylingagenten.com\/no\/wp-json\/wp\/v2\/product_brand?post=411672"},{"taxonomy":"product_cat","embeddable":true,"href":"https:\/\/stylingagenten.com\/no\/wp-json\/wp\/v2\/product_cat?post=411672"},{"taxonomy":"product_tag","embeddable":true,"href":"https:\/\/stylingagenten.com\/no\/wp-json\/wp\/v2\/product_tag?post=411672"},{"taxonomy":"berocket_brand","embeddable":true,"href":"https:\/\/stylingagenten.com\/no\/wp-json\/wp\/v2\/berocket_brand?post=411672"}],"curies":[{"name":"wp","href":"https:\/\/api.w.org\/{rel}","templated":true}]}}