{"id":411635,"date":"2025-05-18T23:38:19","date_gmt":"2025-05-18T23:38:19","guid":{"rendered":"https:\/\/staging2.stylingagenten.com\/no\/produkt\/tocobo-collagen-brightening-eye-gel-cream-30ml\/"},"modified":"2026-02-12T13:08:35","modified_gmt":"2026-02-12T13:08:35","slug":"tocobo-collagen-brightening-eye-gel-cream-30ml","status":"publish","type":"product","link":"https:\/\/stylingagenten.com\/no\/produkt\/tocobo-collagen-brightening-eye-gel-cream-30ml\/","title":{"rendered":"TOCOBO Collagen Brightening Eye Gel Cream 30ml"},"content":{"rendered":"<p>TOCOBO Collagen Brightening Eye Gel Cream er en effektiv \u00f8yekrem med anti-aging egenskaper. Denne \u00f8yekremen har en geltekstur og er spesielt god for fet og kombinasjonshud som foretrekker en geltekstur fremfor kremete \u00f8yekremer. Den fungerer ogs\u00e5 bra for deg som ikke liker en fet f\u00f8lelse under \u00f8ynene.<\/p>\n<p>Collagen Brightening Eye Gel Cream er en linjeforebyggende \u00f8yekrem. \u00d8yekremen inneholder Retinol og kollagen, som begge er kjent for sine foryngende egenskaper. Kollagen gir huden din mye fuktighet og holder den hydrert. I tillegg er Retinol en godt dokumentert ingrediens som reduserer fine linjer og rynker, og bidrar ogs\u00e5 til \u00e5 redusere m\u00f8rke ringer. P\u00e5 grunn av gelteksturen vil du oppdage at produktet absorberes raskt og ikke er for tungt for det sarte og tynne omr\u00e5det rundt \u00f8ynene.<\/p>\n<p>30ml<\/p>\n","protected":false},"excerpt":{"rendered":"<p>TOCOBO Collagen Brightening Eye Gel Cream er en effektiv \u00f8yekrem med anti-aging egenskaper. Denne \u00f8yekremen har en geltekstur og er spesielt god for fet og kombinasjonshud som foretrekker en geltekstur fremfor kremete \u00f8yekremer. Den fungerer ogs\u00e5 bra for deg som ikke liker en fet f\u00f8lelse under \u00f8ynene. Collagen Brightening Eye Gel Cream er en linjeforebyggende [&hellip;]<\/p>\n","protected":false},"featured_media":411616,"comment_status":"open","ping_status":"closed","template":"","meta":{"_trash_the_other_posts":false},"product_brand":[],"product_cat":[623],"product_tag":[],"berocket_brand":[1423],"class_list":{"0":"post-411635","1":"product","2":"type-product","3":"status-publish","4":"has-post-thumbnail","6":"product_cat-ogonkram","7":"pa_brand-tocobo","8":"berocket_brand-tocobo","10":"first","11":"instock","12":"sale","13":"taxable","14":"shipping-taxable","15":"purchasable","16":"product-type-simple"},"_links":{"self":[{"href":"https:\/\/stylingagenten.com\/no\/wp-json\/wp\/v2\/product\/411635","targetHints":{"allow":["GET"]}}],"collection":[{"href":"https:\/\/stylingagenten.com\/no\/wp-json\/wp\/v2\/product"}],"about":[{"href":"https:\/\/stylingagenten.com\/no\/wp-json\/wp\/v2\/types\/product"}],"replies":[{"embeddable":true,"href":"https:\/\/stylingagenten.com\/no\/wp-json\/wp\/v2\/comments?post=411635"}],"version-history":[{"count":0,"href":"https:\/\/stylingagenten.com\/no\/wp-json\/wp\/v2\/product\/411635\/revisions"}],"wp:featuredmedia":[{"embeddable":true,"href":"https:\/\/stylingagenten.com\/no\/wp-json\/wp\/v2\/media\/411616"}],"wp:attachment":[{"href":"https:\/\/stylingagenten.com\/no\/wp-json\/wp\/v2\/media?parent=411635"}],"wp:term":[{"taxonomy":"product_brand","embeddable":true,"href":"https:\/\/stylingagenten.com\/no\/wp-json\/wp\/v2\/product_brand?post=411635"},{"taxonomy":"product_cat","embeddable":true,"href":"https:\/\/stylingagenten.com\/no\/wp-json\/wp\/v2\/product_cat?post=411635"},{"taxonomy":"product_tag","embeddable":true,"href":"https:\/\/stylingagenten.com\/no\/wp-json\/wp\/v2\/product_tag?post=411635"},{"taxonomy":"berocket_brand","embeddable":true,"href":"https:\/\/stylingagenten.com\/no\/wp-json\/wp\/v2\/berocket_brand?post=411635"}],"curies":[{"name":"wp","href":"https:\/\/api.w.org\/{rel}","templated":true}]}}