{"id":411587,"date":"2025-05-18T23:38:08","date_gmt":"2025-05-18T23:38:08","guid":{"rendered":"https:\/\/staging2.stylingagenten.com\/no\/produkt\/kokie-eyebrow-kit-brunette\/"},"modified":"2026-01-05T12:16:38","modified_gmt":"2026-01-05T12:16:38","slug":"kokie-eyebrow-kit-brunette","status":"publish","type":"product","link":"https:\/\/stylingagenten.com\/no\/produkt\/kokie-eyebrow-kit-brunette\/","title":{"rendered":"Kokie Eyebrow Kit &#8211; Brunette"},"content":{"rendered":"<p>Kokie Eyebrow Kit har alt du trenger for \u00e5 lage perfekte \u00f8yenbryn uansett hvor du er. Settet inneholder en klar gel som forbereder brynene, mellom; \u00d8yenbrynspudder som gir farge, en miniapplikator til \u00e5 forme, gi farge og legge linjene p\u00e5; plass og en minipinsett for \u00e5 st\u00e5 opp.<br \/>Tilgjengelig i fargene Blonde, Brunette, Dark Brunette, Black<\/p>\n","protected":false},"excerpt":{"rendered":"<p>Kokie Eyebrow Kit har alt du trenger for \u00e5 lage perfekte \u00f8yenbryn uansett hvor du er. Settet inneholder en klar gel som forbereder brynene, mellom; \u00d8yenbrynspudder som gir farge, en miniapplikator til \u00e5 forme, gi farge og legge linjene p\u00e5; plass og en minipinsett for \u00e5 st\u00e5 opp.Tilgjengelig i fargene Blonde, Brunette, Dark Brunette, Black<\/p>\n","protected":false},"featured_media":411585,"comment_status":"open","ping_status":"closed","template":"","meta":{"_trash_the_other_posts":false},"product_brand":[],"product_cat":[663],"product_tag":[3139],"berocket_brand":[1198],"class_list":{"0":"post-411587","1":"product","2":"type-product","3":"status-publish","4":"has-post-thumbnail","6":"product_cat-ogonbryn-pulver","7":"product_tag-kokie-eyebrow-kit","8":"pa_brand-kokie-cosmetics","9":"pa_variant-brunette","10":"berocket_brand-kokie-cosmetics","12":"first","13":"instock","14":"taxable","15":"shipping-taxable","16":"purchasable","17":"product-type-simple"},"_links":{"self":[{"href":"https:\/\/stylingagenten.com\/no\/wp-json\/wp\/v2\/product\/411587","targetHints":{"allow":["GET"]}}],"collection":[{"href":"https:\/\/stylingagenten.com\/no\/wp-json\/wp\/v2\/product"}],"about":[{"href":"https:\/\/stylingagenten.com\/no\/wp-json\/wp\/v2\/types\/product"}],"replies":[{"embeddable":true,"href":"https:\/\/stylingagenten.com\/no\/wp-json\/wp\/v2\/comments?post=411587"}],"version-history":[{"count":0,"href":"https:\/\/stylingagenten.com\/no\/wp-json\/wp\/v2\/product\/411587\/revisions"}],"wp:featuredmedia":[{"embeddable":true,"href":"https:\/\/stylingagenten.com\/no\/wp-json\/wp\/v2\/media\/411585"}],"wp:attachment":[{"href":"https:\/\/stylingagenten.com\/no\/wp-json\/wp\/v2\/media?parent=411587"}],"wp:term":[{"taxonomy":"product_brand","embeddable":true,"href":"https:\/\/stylingagenten.com\/no\/wp-json\/wp\/v2\/product_brand?post=411587"},{"taxonomy":"product_cat","embeddable":true,"href":"https:\/\/stylingagenten.com\/no\/wp-json\/wp\/v2\/product_cat?post=411587"},{"taxonomy":"product_tag","embeddable":true,"href":"https:\/\/stylingagenten.com\/no\/wp-json\/wp\/v2\/product_tag?post=411587"},{"taxonomy":"berocket_brand","embeddable":true,"href":"https:\/\/stylingagenten.com\/no\/wp-json\/wp\/v2\/berocket_brand?post=411587"}],"curies":[{"name":"wp","href":"https:\/\/api.w.org\/{rel}","templated":true}]}}