{"id":411579,"date":"2025-05-18T23:38:05","date_gmt":"2025-05-18T23:38:05","guid":{"rendered":"https:\/\/staging2.stylingagenten.com\/no\/produkt\/kokie-brow-sculpt-brow-powder-blonde\/"},"modified":"2026-02-09T06:06:38","modified_gmt":"2026-02-09T06:06:38","slug":"kokie-brow-sculpt-brow-powder-blonde","status":"publish","type":"product","link":"https:\/\/stylingagenten.com\/no\/produkt\/kokie-brow-sculpt-brow-powder-blonde\/","title":{"rendered":"Kokie Brow Sculpt Brow Powder &#8211; Blonde"},"content":{"rendered":"<p>Kokie Brow Sculpt Brow Powder er en pudderformel og applikator spesialdesignet for \u00e5 fylle ut brynene dine. Det mikrofine l\u00f8se pulveret gir umiddelbar pigmentering som fyller ut sparsomme omr\u00e5der. Den myke filtapplikatoren er lett \u00e5 man\u00f8vrere og at du kan lage myke, naturlig fylte bryn eller bygge p&aring; for et mer dramatisk utseende.<\/p>\n<p>Bruk: Rist f\u00f8r bruk. Slipp av applikatoren for \u00e5 ta med; fjern overfl\u00f8dig pulver. S\u00f8ke p\u00e5 \u00d8yenbryn med korte sveip, f\u00f8lg den naturlige retningen til linjene.<\/p>\n","protected":false},"excerpt":{"rendered":"<p>Kokie Brow Sculpt Brow Powder er en pudderformel og applikator spesialdesignet for \u00e5 fylle ut brynene dine. Det mikrofine l\u00f8se pulveret gir umiddelbar pigmentering som fyller ut sparsomme omr\u00e5der. Den myke filtapplikatoren er lett \u00e5 man\u00f8vrere og at du kan lage myke, naturlig fylte bryn eller bygge p&aring; for et mer dramatisk utseende. Bruk: Rist [&hellip;]<\/p>\n","protected":false},"featured_media":411578,"comment_status":"open","ping_status":"closed","template":"","meta":{"_trash_the_other_posts":false},"product_brand":[],"product_cat":[663],"product_tag":[3131],"berocket_brand":[1198],"class_list":{"0":"post-411579","1":"product","2":"type-product","3":"status-publish","4":"has-post-thumbnail","6":"product_cat-ogonbryn-pulver","7":"product_tag-kokie-brow-sculpt-brow-powder","8":"pa_brand-kokie-cosmetics","9":"pa_variant-blonde","10":"berocket_brand-kokie-cosmetics","12":"first","13":"instock","14":"taxable","15":"shipping-taxable","16":"purchasable","17":"product-type-simple"},"_links":{"self":[{"href":"https:\/\/stylingagenten.com\/no\/wp-json\/wp\/v2\/product\/411579","targetHints":{"allow":["GET"]}}],"collection":[{"href":"https:\/\/stylingagenten.com\/no\/wp-json\/wp\/v2\/product"}],"about":[{"href":"https:\/\/stylingagenten.com\/no\/wp-json\/wp\/v2\/types\/product"}],"replies":[{"embeddable":true,"href":"https:\/\/stylingagenten.com\/no\/wp-json\/wp\/v2\/comments?post=411579"}],"version-history":[{"count":0,"href":"https:\/\/stylingagenten.com\/no\/wp-json\/wp\/v2\/product\/411579\/revisions"}],"wp:featuredmedia":[{"embeddable":true,"href":"https:\/\/stylingagenten.com\/no\/wp-json\/wp\/v2\/media\/411578"}],"wp:attachment":[{"href":"https:\/\/stylingagenten.com\/no\/wp-json\/wp\/v2\/media?parent=411579"}],"wp:term":[{"taxonomy":"product_brand","embeddable":true,"href":"https:\/\/stylingagenten.com\/no\/wp-json\/wp\/v2\/product_brand?post=411579"},{"taxonomy":"product_cat","embeddable":true,"href":"https:\/\/stylingagenten.com\/no\/wp-json\/wp\/v2\/product_cat?post=411579"},{"taxonomy":"product_tag","embeddable":true,"href":"https:\/\/stylingagenten.com\/no\/wp-json\/wp\/v2\/product_tag?post=411579"},{"taxonomy":"berocket_brand","embeddable":true,"href":"https:\/\/stylingagenten.com\/no\/wp-json\/wp\/v2\/berocket_brand?post=411579"}],"curies":[{"name":"wp","href":"https:\/\/api.w.org\/{rel}","templated":true}]}}