{"id":411571,"date":"2025-05-18T23:38:04","date_gmt":"2025-05-18T23:38:04","guid":{"rendered":"https:\/\/staging2.stylingagenten.com\/no\/produkt\/wet-n-wild-ultimate-brow-kit-soft-brown\/"},"modified":"2026-02-02T05:36:39","modified_gmt":"2026-02-02T05:36:39","slug":"wet-n-wild-ultimate-brow-kit-soft-brown","status":"publish","type":"product","link":"https:\/\/stylingagenten.com\/no\/produkt\/wet-n-wild-ultimate-brow-kit-soft-brown\/","title":{"rendered":"Wet n Wild Ultimate Brow Kit &#8211; Soft Brown"},"content":{"rendered":"<p>Wet n Wild Ultimate Brow Kit Kit er et femdelt \u00f8yenbrynssett som inneholder alt du trenger for \u00e5 lage perfekt definerte bryn. Brow Kit inneholder: Pinsett, brynb\u00f8rste, 2 brynpudder, 1 voks<\/p>\n<p>Perfekt for raske touch-ups<br \/>Inkluderer et innebygd speil<br \/>En mini brynsalong i praktisk pakke<\/p><\/p>\n","protected":false},"excerpt":{"rendered":"<p>Wet n Wild Ultimate Brow Kit Kit er et femdelt \u00f8yenbrynssett som inneholder alt du trenger for \u00e5 lage perfekt definerte bryn. Brow Kit inneholder: Pinsett, brynb\u00f8rste, 2 brynpudder, 1 voks Perfekt for raske touch-upsInkluderer et innebygd speilEn mini brynsalong i praktisk pakke<\/p>\n","protected":false},"featured_media":411568,"comment_status":"open","ping_status":"closed","template":"","meta":{"_trash_the_other_posts":false},"product_brand":[],"product_cat":[663],"product_tag":[],"berocket_brand":[1035],"class_list":{"0":"post-411571","1":"product","2":"type-product","3":"status-publish","4":"has-post-thumbnail","6":"product_cat-ogonbryn-pulver","7":"pa_brand-wet-n-wild","8":"berocket_brand-wet-n-wild","10":"first","11":"instock","12":"sale","13":"taxable","14":"shipping-taxable","15":"purchasable","16":"product-type-simple"},"_links":{"self":[{"href":"https:\/\/stylingagenten.com\/no\/wp-json\/wp\/v2\/product\/411571","targetHints":{"allow":["GET"]}}],"collection":[{"href":"https:\/\/stylingagenten.com\/no\/wp-json\/wp\/v2\/product"}],"about":[{"href":"https:\/\/stylingagenten.com\/no\/wp-json\/wp\/v2\/types\/product"}],"replies":[{"embeddable":true,"href":"https:\/\/stylingagenten.com\/no\/wp-json\/wp\/v2\/comments?post=411571"}],"version-history":[{"count":0,"href":"https:\/\/stylingagenten.com\/no\/wp-json\/wp\/v2\/product\/411571\/revisions"}],"wp:featuredmedia":[{"embeddable":true,"href":"https:\/\/stylingagenten.com\/no\/wp-json\/wp\/v2\/media\/411568"}],"wp:attachment":[{"href":"https:\/\/stylingagenten.com\/no\/wp-json\/wp\/v2\/media?parent=411571"}],"wp:term":[{"taxonomy":"product_brand","embeddable":true,"href":"https:\/\/stylingagenten.com\/no\/wp-json\/wp\/v2\/product_brand?post=411571"},{"taxonomy":"product_cat","embeddable":true,"href":"https:\/\/stylingagenten.com\/no\/wp-json\/wp\/v2\/product_cat?post=411571"},{"taxonomy":"product_tag","embeddable":true,"href":"https:\/\/stylingagenten.com\/no\/wp-json\/wp\/v2\/product_tag?post=411571"},{"taxonomy":"berocket_brand","embeddable":true,"href":"https:\/\/stylingagenten.com\/no\/wp-json\/wp\/v2\/berocket_brand?post=411571"}],"curies":[{"name":"wp","href":"https:\/\/api.w.org\/{rel}","templated":true}]}}