{"id":411513,"date":"2025-05-18T23:37:49","date_gmt":"2025-05-18T23:37:49","guid":{"rendered":"https:\/\/staging2.stylingagenten.com\/no\/produkt\/nyx-prof-makeup-fill-fluff-eyebrow-pomade-pencil-clear\/"},"modified":"2025-12-18T21:55:10","modified_gmt":"2025-12-18T21:55:10","slug":"nyx-prof-makeup-fill-fluff-eyebrow-pomade-pencil-clear","status":"publish","type":"product","link":"https:\/\/stylingagenten.com\/no\/produkt\/nyx-prof-makeup-fill-fluff-eyebrow-pomade-pencil-clear\/","title":{"rendered":"NYX PROF. MAKEUP Fill &amp; Fluff Eyebrow Pomade Pencil Clear"},"content":{"rendered":"<p>NYX PROF. MAKEUP Fill &amp; Fluff Eyebrow Pomade Pencil Clear<br \/>Boyfriend-jeansen i \u00f8yenbrynsverdenen er her! Den nye Fill &amp; Fluff Eyebrow Pomade Pencil har to ender. Pennen har en dr\u00e5peformet farget pomade som kan skrus inn og ut i den ene enden og en liten b\u00f8rste i den andre. Den er tilgjengelig i \u00e5tte matte farger, har en myk vokstekstur og gir en pigmentert finish. Perfekt for \u00e5 lage et enkelt &laquo;guttbryn&raquo; og bygge kontrollert volum. Denne duoen er akkurat det sminken din trenger for \u00e5 ta brynene dine til neste niv\u00e5.<br \/>I tillegg til \u00e5 v\u00e6re en av de s\u00f8teste sm\u00e5 b\u00f8rstene vi har sett, er den ogs\u00e5 perfekt for \u00e5 glatte ut og lufte opp brynene til perfeksjon.<\/p>\n","protected":false},"excerpt":{"rendered":"<p>NYX PROF. MAKEUP Fill &amp; Fluff Eyebrow Pomade Pencil ClearBoyfriend-jeansen i \u00f8yenbrynsverdenen er her! Den nye Fill &amp; Fluff Eyebrow Pomade Pencil har to ender. Pennen har en dr\u00e5peformet farget pomade som kan skrus inn og ut i den ene enden og en liten b\u00f8rste i den andre. Den er tilgjengelig i \u00e5tte matte farger, [&hellip;]<\/p>\n","protected":false},"featured_media":411512,"comment_status":"open","ping_status":"closed","template":"","meta":{"_trash_the_other_posts":false},"product_brand":[],"product_cat":[1005,622],"product_tag":[3666],"berocket_brand":[1025],"class_list":{"0":"post-411513","1":"product","2":"type-product","3":"status-publish","4":"has-post-thumbnail","6":"product_cat-outlet","7":"product_cat-ogonbrynspomade","8":"product_tag-nyx-prof-makeup-fill-fluff-eyebrow-pomade-pencil","9":"pa_brand-nyx","10":"pa_variant-clear","11":"berocket_brand-nyx","13":"first","14":"instock","15":"sale","16":"taxable","17":"shipping-taxable","18":"purchasable","19":"product-type-simple"},"_links":{"self":[{"href":"https:\/\/stylingagenten.com\/no\/wp-json\/wp\/v2\/product\/411513","targetHints":{"allow":["GET"]}}],"collection":[{"href":"https:\/\/stylingagenten.com\/no\/wp-json\/wp\/v2\/product"}],"about":[{"href":"https:\/\/stylingagenten.com\/no\/wp-json\/wp\/v2\/types\/product"}],"replies":[{"embeddable":true,"href":"https:\/\/stylingagenten.com\/no\/wp-json\/wp\/v2\/comments?post=411513"}],"version-history":[{"count":0,"href":"https:\/\/stylingagenten.com\/no\/wp-json\/wp\/v2\/product\/411513\/revisions"}],"wp:featuredmedia":[{"embeddable":true,"href":"https:\/\/stylingagenten.com\/no\/wp-json\/wp\/v2\/media\/411512"}],"wp:attachment":[{"href":"https:\/\/stylingagenten.com\/no\/wp-json\/wp\/v2\/media?parent=411513"}],"wp:term":[{"taxonomy":"product_brand","embeddable":true,"href":"https:\/\/stylingagenten.com\/no\/wp-json\/wp\/v2\/product_brand?post=411513"},{"taxonomy":"product_cat","embeddable":true,"href":"https:\/\/stylingagenten.com\/no\/wp-json\/wp\/v2\/product_cat?post=411513"},{"taxonomy":"product_tag","embeddable":true,"href":"https:\/\/stylingagenten.com\/no\/wp-json\/wp\/v2\/product_tag?post=411513"},{"taxonomy":"berocket_brand","embeddable":true,"href":"https:\/\/stylingagenten.com\/no\/wp-json\/wp\/v2\/berocket_brand?post=411513"}],"curies":[{"name":"wp","href":"https:\/\/api.w.org\/{rel}","templated":true}]}}