{"id":411509,"date":"2025-05-18T23:37:48","date_gmt":"2025-05-18T23:37:48","guid":{"rendered":"https:\/\/staging2.stylingagenten.com\/no\/produkt\/kokie-eyebrow-pomade-gel-blonde\/"},"modified":"2026-03-31T15:38:58","modified_gmt":"2026-03-31T15:38:58","slug":"kokie-eyebrow-pomade-gel-blonde","status":"publish","type":"product","link":"https:\/\/stylingagenten.com\/no\/produkt\/kokie-eyebrow-pomade-gel-blonde\/","title":{"rendered":"Kokie Eyebrow Pomade Gel &#8211; Blonde"},"content":{"rendered":"<p>Form og form \u00f8yenbrynene dine med Eyebrow Pomade Gel fra Kokie Cosmetics. Denne sv\u00e6rt pigmenterte, kremete gelen glir lett p\u00e5; med en \u00f8yenbrynsb\u00f8rste blir resultatet vakkert formede buer og kontroll over brynene. Byggbar, rik p&aring; farge og stopper kl sted.<\/p>\n","protected":false},"excerpt":{"rendered":"<p>Form og form \u00f8yenbrynene dine med Eyebrow Pomade Gel fra Kokie Cosmetics. Denne sv\u00e6rt pigmenterte, kremete gelen glir lett p\u00e5; med en \u00f8yenbrynsb\u00f8rste blir resultatet vakkert formede buer og kontroll over brynene. Byggbar, rik p&aring; farge og stopper kl sted.<\/p>\n","protected":false},"featured_media":411505,"comment_status":"open","ping_status":"closed","template":"","meta":{"_trash_the_other_posts":false},"product_brand":[],"product_cat":[622],"product_tag":[3140],"berocket_brand":[1198],"class_list":{"0":"post-411509","1":"product","2":"type-product","3":"status-publish","4":"has-post-thumbnail","6":"product_cat-ogonbrynspomade","7":"product_tag-kokie-eyebrow-pomade-gel","8":"pa_brand-kokie-cosmetics","9":"pa_variant-blonde","10":"berocket_brand-kokie-cosmetics","12":"first","13":"instock","14":"taxable","15":"shipping-taxable","16":"purchasable","17":"product-type-simple"},"_links":{"self":[{"href":"https:\/\/stylingagenten.com\/no\/wp-json\/wp\/v2\/product\/411509","targetHints":{"allow":["GET"]}}],"collection":[{"href":"https:\/\/stylingagenten.com\/no\/wp-json\/wp\/v2\/product"}],"about":[{"href":"https:\/\/stylingagenten.com\/no\/wp-json\/wp\/v2\/types\/product"}],"replies":[{"embeddable":true,"href":"https:\/\/stylingagenten.com\/no\/wp-json\/wp\/v2\/comments?post=411509"}],"version-history":[{"count":0,"href":"https:\/\/stylingagenten.com\/no\/wp-json\/wp\/v2\/product\/411509\/revisions"}],"wp:featuredmedia":[{"embeddable":true,"href":"https:\/\/stylingagenten.com\/no\/wp-json\/wp\/v2\/media\/411505"}],"wp:attachment":[{"href":"https:\/\/stylingagenten.com\/no\/wp-json\/wp\/v2\/media?parent=411509"}],"wp:term":[{"taxonomy":"product_brand","embeddable":true,"href":"https:\/\/stylingagenten.com\/no\/wp-json\/wp\/v2\/product_brand?post=411509"},{"taxonomy":"product_cat","embeddable":true,"href":"https:\/\/stylingagenten.com\/no\/wp-json\/wp\/v2\/product_cat?post=411509"},{"taxonomy":"product_tag","embeddable":true,"href":"https:\/\/stylingagenten.com\/no\/wp-json\/wp\/v2\/product_tag?post=411509"},{"taxonomy":"berocket_brand","embeddable":true,"href":"https:\/\/stylingagenten.com\/no\/wp-json\/wp\/v2\/berocket_brand?post=411509"}],"curies":[{"name":"wp","href":"https:\/\/api.w.org\/{rel}","templated":true}]}}