{"id":411456,"date":"2025-05-18T23:37:35","date_gmt":"2025-05-18T23:37:35","guid":{"rendered":"https:\/\/staging2.stylingagenten.com\/no\/produkt\/wet-n-wild-ultimate-brow-retractable-pencil-medium-brown\/"},"modified":"2026-04-04T09:29:03","modified_gmt":"2026-04-04T09:29:03","slug":"wet-n-wild-ultimate-brow-retractable-pencil-medium-brown","status":"publish","type":"product","link":"https:\/\/stylingagenten.com\/no\/produkt\/wet-n-wild-ultimate-brow-retractable-pencil-medium-brown\/","title":{"rendered":"Wet n Wild Ultimate Brow Retractable Pencil Medium Brown"},"content":{"rendered":"<p>Fyll ut og definer &ouml;brynene dine som en proff!<br \/>Den trekantformede blyanten skaper sm&aring; tynne linjer for \u00e5 etterligne ekte linjer og fyll ut kantene p\u00e5 brynet for \u00e5 understreke formen.<br \/>Innebygd b\u00f8rste for \u00e5 forme brynet.<\/p><\/p>\n","protected":false},"excerpt":{"rendered":"<p>Fyll ut og definer &ouml;brynene dine som en proff!Den trekantformede blyanten skaper sm&aring; tynne linjer for \u00e5 etterligne ekte linjer og fyll ut kantene p\u00e5 brynet for \u00e5 understreke formen.Innebygd b\u00f8rste for \u00e5 forme brynet.<\/p>\n","protected":false},"featured_media":411454,"comment_status":"open","ping_status":"closed","template":"","meta":{"_trash_the_other_posts":false},"product_brand":[],"product_cat":[625],"product_tag":[4111],"berocket_brand":[1035],"class_list":{"0":"post-411456","1":"product","2":"type-product","3":"status-publish","4":"has-post-thumbnail","6":"product_cat-ogonbryn-penne","7":"product_tag-wet-n-wild-ultimate-brow-retractable-pencil","8":"pa_brand-wet-n-wild","9":"pa_variant-medium-brown","10":"berocket_brand-wet-n-wild","12":"first","13":"instock","14":"sale","15":"taxable","16":"shipping-taxable","17":"purchasable","18":"product-type-simple"},"_links":{"self":[{"href":"https:\/\/stylingagenten.com\/no\/wp-json\/wp\/v2\/product\/411456","targetHints":{"allow":["GET"]}}],"collection":[{"href":"https:\/\/stylingagenten.com\/no\/wp-json\/wp\/v2\/product"}],"about":[{"href":"https:\/\/stylingagenten.com\/no\/wp-json\/wp\/v2\/types\/product"}],"replies":[{"embeddable":true,"href":"https:\/\/stylingagenten.com\/no\/wp-json\/wp\/v2\/comments?post=411456"}],"version-history":[{"count":0,"href":"https:\/\/stylingagenten.com\/no\/wp-json\/wp\/v2\/product\/411456\/revisions"}],"wp:featuredmedia":[{"embeddable":true,"href":"https:\/\/stylingagenten.com\/no\/wp-json\/wp\/v2\/media\/411454"}],"wp:attachment":[{"href":"https:\/\/stylingagenten.com\/no\/wp-json\/wp\/v2\/media?parent=411456"}],"wp:term":[{"taxonomy":"product_brand","embeddable":true,"href":"https:\/\/stylingagenten.com\/no\/wp-json\/wp\/v2\/product_brand?post=411456"},{"taxonomy":"product_cat","embeddable":true,"href":"https:\/\/stylingagenten.com\/no\/wp-json\/wp\/v2\/product_cat?post=411456"},{"taxonomy":"product_tag","embeddable":true,"href":"https:\/\/stylingagenten.com\/no\/wp-json\/wp\/v2\/product_tag?post=411456"},{"taxonomy":"berocket_brand","embeddable":true,"href":"https:\/\/stylingagenten.com\/no\/wp-json\/wp\/v2\/berocket_brand?post=411456"}],"curies":[{"name":"wp","href":"https:\/\/api.w.org\/{rel}","templated":true}]}}