{"id":411305,"date":"2025-05-18T23:36:54","date_gmt":"2025-05-18T23:36:54","guid":{"rendered":"https:\/\/staging2.stylingagenten.com\/no\/produkt\/nyx-prof-makeup-fill-fluff-eyebrow-pomade-pencil-black\/"},"modified":"2025-12-18T21:55:48","modified_gmt":"2025-12-18T21:55:48","slug":"nyx-prof-makeup-fill-fluff-eyebrow-pomade-pencil-black","status":"publish","type":"product","link":"https:\/\/stylingagenten.com\/no\/produkt\/nyx-prof-makeup-fill-fluff-eyebrow-pomade-pencil-black\/","title":{"rendered":"NYX PROF. MAKEUP Fill &amp; Fluff Eyebrow Pomade Pencil &#8211; Black"},"content":{"rendered":"<p>Fyll, definer, eksos, bygg! NYX Professional Makeup Fill &amp; Fluff Eyebrow Pomade Pencil gj\u00f8r alt! Denne unike \u00f8yenbrynsblyanten har en mekanisk dr\u00e5peformet spiss med pomade for \u00e5 legge til farge og fyll; p\u00e5 den andre siden finner du en skovlformet b\u00f8rste i mikroformat for \u00e5 glatte og lufte brynene akkurat slik du vil. Fyll &amp; Tilgjengelig i flere matte nyanser, har Fluff Eyebrow Pomade Pencil en myk vokskonsistens med en rikt pigmentert finish. Ideell for \u00e5 lage fulle bryn med lett kontrollert volum.<\/p>\n","protected":false},"excerpt":{"rendered":"<p>Fyll, definer, eksos, bygg! NYX Professional Makeup Fill &amp; Fluff Eyebrow Pomade Pencil gj\u00f8r alt! Denne unike \u00f8yenbrynsblyanten har en mekanisk dr\u00e5peformet spiss med pomade for \u00e5 legge til farge og fyll; p\u00e5 den andre siden finner du en skovlformet b\u00f8rste i mikroformat for \u00e5 glatte og lufte brynene akkurat slik du vil. Fyll &amp; [&hellip;]<\/p>\n","protected":false},"featured_media":411301,"comment_status":"open","ping_status":"closed","template":"","meta":{"_trash_the_other_posts":false},"product_brand":[],"product_cat":[625],"product_tag":[3666],"berocket_brand":[1025],"class_list":{"0":"post-411305","1":"product","2":"type-product","3":"status-publish","4":"has-post-thumbnail","6":"product_cat-ogonbryn-penne","7":"product_tag-nyx-prof-makeup-fill-fluff-eyebrow-pomade-pencil","8":"pa_brand-nyx","9":"pa_variant-black","10":"berocket_brand-nyx","12":"first","13":"instock","14":"sale","15":"taxable","16":"shipping-taxable","17":"purchasable","18":"product-type-simple"},"_links":{"self":[{"href":"https:\/\/stylingagenten.com\/no\/wp-json\/wp\/v2\/product\/411305","targetHints":{"allow":["GET"]}}],"collection":[{"href":"https:\/\/stylingagenten.com\/no\/wp-json\/wp\/v2\/product"}],"about":[{"href":"https:\/\/stylingagenten.com\/no\/wp-json\/wp\/v2\/types\/product"}],"replies":[{"embeddable":true,"href":"https:\/\/stylingagenten.com\/no\/wp-json\/wp\/v2\/comments?post=411305"}],"version-history":[{"count":0,"href":"https:\/\/stylingagenten.com\/no\/wp-json\/wp\/v2\/product\/411305\/revisions"}],"wp:featuredmedia":[{"embeddable":true,"href":"https:\/\/stylingagenten.com\/no\/wp-json\/wp\/v2\/media\/411301"}],"wp:attachment":[{"href":"https:\/\/stylingagenten.com\/no\/wp-json\/wp\/v2\/media?parent=411305"}],"wp:term":[{"taxonomy":"product_brand","embeddable":true,"href":"https:\/\/stylingagenten.com\/no\/wp-json\/wp\/v2\/product_brand?post=411305"},{"taxonomy":"product_cat","embeddable":true,"href":"https:\/\/stylingagenten.com\/no\/wp-json\/wp\/v2\/product_cat?post=411305"},{"taxonomy":"product_tag","embeddable":true,"href":"https:\/\/stylingagenten.com\/no\/wp-json\/wp\/v2\/product_tag?post=411305"},{"taxonomy":"berocket_brand","embeddable":true,"href":"https:\/\/stylingagenten.com\/no\/wp-json\/wp\/v2\/berocket_brand?post=411305"}],"curies":[{"name":"wp","href":"https:\/\/api.w.org\/{rel}","templated":true}]}}