{"id":411224,"date":"2025-05-18T23:36:33","date_gmt":"2025-05-18T23:36:33","guid":{"rendered":"https:\/\/staging2.stylingagenten.com\/no\/produkt\/wet-n-wild-brow-sessive-brow-shaping-gel-blonde\/"},"modified":"2025-12-18T21:59:00","modified_gmt":"2025-12-18T21:59:00","slug":"wet-n-wild-brow-sessive-brow-shaping-gel-blonde","status":"publish","type":"product","link":"https:\/\/stylingagenten.com\/no\/produkt\/wet-n-wild-brow-sessive-brow-shaping-gel-blonde\/","title":{"rendered":"Wet n Wild Brow-sessive Brow Shaping Gel Blonde"},"content":{"rendered":"<p>Brow Sessive Brow Shaping Gel fra Wet n Wild er en farget \u00f8yenbrynsgel som former, definerer og fikserer brynene. Den lille b\u00f8rsten gir kontroll over p\u00e5f\u00f8ringen og vil flekke. h\u00f8ringen. Gir volum og kan bygges opp fra et naturlig resultat til buskete bryn. Den myke, fleksible gelen varer hele dagen!<\/p>\n","protected":false},"excerpt":{"rendered":"<p>Brow Sessive Brow Shaping Gel fra Wet n Wild er en farget \u00f8yenbrynsgel som former, definerer og fikserer brynene. Den lille b\u00f8rsten gir kontroll over p\u00e5f\u00f8ringen og vil flekke. h\u00f8ringen. Gir volum og kan bygges opp fra et naturlig resultat til buskete bryn. Den myke, fleksible gelen varer hele dagen!<\/p>\n","protected":false},"featured_media":411218,"comment_status":"open","ping_status":"closed","template":"","meta":{"_trash_the_other_posts":false},"product_brand":[],"product_cat":[627],"product_tag":[4077],"berocket_brand":[1035],"class_list":{"0":"post-411224","1":"product","2":"type-product","3":"status-publish","4":"has-post-thumbnail","6":"product_cat-ogonbryn-gel","7":"product_tag-wet-n-wild-brow-sessive-brow-shaping-gel","8":"pa_brand-wet-n-wild","9":"pa_variant-blonde","10":"berocket_brand-wet-n-wild","12":"first","13":"instock","14":"sale","15":"taxable","16":"shipping-taxable","17":"purchasable","18":"product-type-simple"},"_links":{"self":[{"href":"https:\/\/stylingagenten.com\/no\/wp-json\/wp\/v2\/product\/411224","targetHints":{"allow":["GET"]}}],"collection":[{"href":"https:\/\/stylingagenten.com\/no\/wp-json\/wp\/v2\/product"}],"about":[{"href":"https:\/\/stylingagenten.com\/no\/wp-json\/wp\/v2\/types\/product"}],"replies":[{"embeddable":true,"href":"https:\/\/stylingagenten.com\/no\/wp-json\/wp\/v2\/comments?post=411224"}],"version-history":[{"count":0,"href":"https:\/\/stylingagenten.com\/no\/wp-json\/wp\/v2\/product\/411224\/revisions"}],"wp:featuredmedia":[{"embeddable":true,"href":"https:\/\/stylingagenten.com\/no\/wp-json\/wp\/v2\/media\/411218"}],"wp:attachment":[{"href":"https:\/\/stylingagenten.com\/no\/wp-json\/wp\/v2\/media?parent=411224"}],"wp:term":[{"taxonomy":"product_brand","embeddable":true,"href":"https:\/\/stylingagenten.com\/no\/wp-json\/wp\/v2\/product_brand?post=411224"},{"taxonomy":"product_cat","embeddable":true,"href":"https:\/\/stylingagenten.com\/no\/wp-json\/wp\/v2\/product_cat?post=411224"},{"taxonomy":"product_tag","embeddable":true,"href":"https:\/\/stylingagenten.com\/no\/wp-json\/wp\/v2\/product_tag?post=411224"},{"taxonomy":"berocket_brand","embeddable":true,"href":"https:\/\/stylingagenten.com\/no\/wp-json\/wp\/v2\/berocket_brand?post=411224"}],"curies":[{"name":"wp","href":"https:\/\/api.w.org\/{rel}","templated":true}]}}