{"id":411223,"date":"2025-05-18T23:36:33","date_gmt":"2025-05-18T23:36:33","guid":{"rendered":"https:\/\/staging2.stylingagenten.com\/no\/produkt\/nyx-prof-makeup-lift-n-snatch-brow-tint-pen-black\/"},"modified":"2025-12-18T21:55:57","modified_gmt":"2025-12-18T21:55:57","slug":"nyx-prof-makeup-lift-n-snatch-brow-tint-pen-black","status":"publish","type":"product","link":"https:\/\/stylingagenten.com\/no\/produkt\/nyx-prof-makeup-lift-n-snatch-brow-tint-pen-black\/","title":{"rendered":"NYX PROF. MAKEUP Lift N Snatch Brow Tint Pen &#8211; Black"},"content":{"rendered":"<p><strong>NYX PROF. MAKEUP Lift N Snatch Brow Tint Pen<\/strong><\/p>\n<p>F&aring; et l\u00f8ftet &ouml;brynlook fra en blyant! Denne fleksible mikrob\u00f8rstespissen lar deg lage tynne til tykke linjer som faktisk ser ut som h\u00e5rfestet IRL. Tonede, byggbare nyanser betyr at du kan gj\u00f8re; fra et supernaturlig utseende til et definert utseende med noen f\u00e5 raske knips! Skap en \u00f8yenbrynslook fra bunnen av, fyll ut sparsomme omr\u00e5der eller bygg p\u00e5 toppen av; \u00f8yenbrynene dine. Opptil 16 timer med perfekte &ouml;\u00f8yenbryn!<\/p>\n","protected":false},"excerpt":{"rendered":"<p>NYX PROF. MAKEUP Lift N Snatch Brow Tint Pen F&aring; et l\u00f8ftet &ouml;brynlook fra en blyant! Denne fleksible mikrob\u00f8rstespissen lar deg lage tynne til tykke linjer som faktisk ser ut som h\u00e5rfestet IRL. Tonede, byggbare nyanser betyr at du kan gj\u00f8re; fra et supernaturlig utseende til et definert utseende med noen f\u00e5 raske knips! Skap [&hellip;]<\/p>\n","protected":false},"featured_media":411206,"comment_status":"open","ping_status":"closed","template":"","meta":{"_trash_the_other_posts":false},"product_brand":[],"product_cat":[625],"product_tag":[3672],"berocket_brand":[1025],"class_list":{"0":"post-411223","1":"product","2":"type-product","3":"status-publish","4":"has-post-thumbnail","6":"product_cat-ogonbryn-penne","7":"product_tag-nyx-prof-makeup-lift-n-snatch-brow-tint-pen","8":"pa_brand-nyx","9":"pa_variant-black","10":"berocket_brand-nyx","12":"first","13":"instock","14":"sale","15":"taxable","16":"shipping-taxable","17":"purchasable","18":"product-type-simple"},"_links":{"self":[{"href":"https:\/\/stylingagenten.com\/no\/wp-json\/wp\/v2\/product\/411223","targetHints":{"allow":["GET"]}}],"collection":[{"href":"https:\/\/stylingagenten.com\/no\/wp-json\/wp\/v2\/product"}],"about":[{"href":"https:\/\/stylingagenten.com\/no\/wp-json\/wp\/v2\/types\/product"}],"replies":[{"embeddable":true,"href":"https:\/\/stylingagenten.com\/no\/wp-json\/wp\/v2\/comments?post=411223"}],"version-history":[{"count":0,"href":"https:\/\/stylingagenten.com\/no\/wp-json\/wp\/v2\/product\/411223\/revisions"}],"wp:featuredmedia":[{"embeddable":true,"href":"https:\/\/stylingagenten.com\/no\/wp-json\/wp\/v2\/media\/411206"}],"wp:attachment":[{"href":"https:\/\/stylingagenten.com\/no\/wp-json\/wp\/v2\/media?parent=411223"}],"wp:term":[{"taxonomy":"product_brand","embeddable":true,"href":"https:\/\/stylingagenten.com\/no\/wp-json\/wp\/v2\/product_brand?post=411223"},{"taxonomy":"product_cat","embeddable":true,"href":"https:\/\/stylingagenten.com\/no\/wp-json\/wp\/v2\/product_cat?post=411223"},{"taxonomy":"product_tag","embeddable":true,"href":"https:\/\/stylingagenten.com\/no\/wp-json\/wp\/v2\/product_tag?post=411223"},{"taxonomy":"berocket_brand","embeddable":true,"href":"https:\/\/stylingagenten.com\/no\/wp-json\/wp\/v2\/berocket_brand?post=411223"}],"curies":[{"name":"wp","href":"https:\/\/api.w.org\/{rel}","templated":true}]}}