{"id":411169,"date":"2025-05-18T23:36:16","date_gmt":"2025-05-18T23:36:16","guid":{"rendered":"https:\/\/staging2.stylingagenten.com\/no\/produkt\/kokie-micro-fine-eyebrow-pencil-black\/"},"modified":"2025-12-18T21:51:46","modified_gmt":"2025-12-18T21:51:46","slug":"kokie-micro-fine-eyebrow-pencil-black","status":"publish","type":"product","link":"https:\/\/stylingagenten.com\/no\/produkt\/kokie-micro-fine-eyebrow-pencil-black\/","title":{"rendered":"Kokie Micro-Fine Eyebrow Pencil Black"},"content":{"rendered":"<p>Kokies Micro-Fine Eyebrow Pencil har en smal spiss for \u00e5 oppn\u00e5 h\u00e5rlignende str\u00f8k med presisjon og en spole for \u00e5 blande for en naturlig finish. Denne langvarige formelen kommer i fem flatterende nyanser.<\/p>\n<p>\u2022 Uttrekkbar blyant<br \/>\u2022 Mikrofint pigment<br \/>\u2022 Flekkfri<br \/>\u2022 Vannavst\u00f8tende<\/p>\n","protected":false},"excerpt":{"rendered":"<p>Kokies Micro-Fine Eyebrow Pencil har en smal spiss for \u00e5 oppn\u00e5 h\u00e5rlignende str\u00f8k med presisjon og en spole for \u00e5 blande for en naturlig finish. Denne langvarige formelen kommer i fem flatterende nyanser. \u2022 Uttrekkbar blyant\u2022 Mikrofint pigment\u2022 Flekkfri\u2022 Vannavst\u00f8tende<\/p>\n","protected":false},"featured_media":411159,"comment_status":"open","ping_status":"closed","template":"","meta":{"_trash_the_other_posts":false},"product_brand":[],"product_cat":[625],"product_tag":[3152],"berocket_brand":[1198],"class_list":{"0":"post-411169","1":"product","2":"type-product","3":"status-publish","4":"has-post-thumbnail","6":"product_cat-ogonbryn-penne","7":"product_tag-kokie-micro-fine-eyebrow-pencil","8":"pa_brand-kokie-cosmetics","9":"pa_variant-black","10":"berocket_brand-kokie-cosmetics","12":"first","13":"instock","14":"sale","15":"taxable","16":"shipping-taxable","17":"purchasable","18":"product-type-simple"},"_links":{"self":[{"href":"https:\/\/stylingagenten.com\/no\/wp-json\/wp\/v2\/product\/411169","targetHints":{"allow":["GET"]}}],"collection":[{"href":"https:\/\/stylingagenten.com\/no\/wp-json\/wp\/v2\/product"}],"about":[{"href":"https:\/\/stylingagenten.com\/no\/wp-json\/wp\/v2\/types\/product"}],"replies":[{"embeddable":true,"href":"https:\/\/stylingagenten.com\/no\/wp-json\/wp\/v2\/comments?post=411169"}],"version-history":[{"count":0,"href":"https:\/\/stylingagenten.com\/no\/wp-json\/wp\/v2\/product\/411169\/revisions"}],"wp:featuredmedia":[{"embeddable":true,"href":"https:\/\/stylingagenten.com\/no\/wp-json\/wp\/v2\/media\/411159"}],"wp:attachment":[{"href":"https:\/\/stylingagenten.com\/no\/wp-json\/wp\/v2\/media?parent=411169"}],"wp:term":[{"taxonomy":"product_brand","embeddable":true,"href":"https:\/\/stylingagenten.com\/no\/wp-json\/wp\/v2\/product_brand?post=411169"},{"taxonomy":"product_cat","embeddable":true,"href":"https:\/\/stylingagenten.com\/no\/wp-json\/wp\/v2\/product_cat?post=411169"},{"taxonomy":"product_tag","embeddable":true,"href":"https:\/\/stylingagenten.com\/no\/wp-json\/wp\/v2\/product_tag?post=411169"},{"taxonomy":"berocket_brand","embeddable":true,"href":"https:\/\/stylingagenten.com\/no\/wp-json\/wp\/v2\/berocket_brand?post=411169"}],"curies":[{"name":"wp","href":"https:\/\/api.w.org\/{rel}","templated":true}]}}