{"id":411153,"date":"2025-05-18T23:36:11","date_gmt":"2025-05-18T23:36:11","guid":{"rendered":"https:\/\/staging2.stylingagenten.com\/no\/produkt\/maybelline-brow-ultra-slim-pencil-02-soft-brown\/"},"modified":"2026-04-01T13:59:55","modified_gmt":"2026-04-01T13:59:55","slug":"maybelline-brow-ultra-slim-pencil-02-soft-brown","status":"publish","type":"product","link":"https:\/\/stylingagenten.com\/no\/produkt\/maybelline-brow-ultra-slim-pencil-02-soft-brown\/","title":{"rendered":"Maybelline Brow Ultra Slim Pencil &#8211; 02 Soft Brown"},"content":{"rendered":"<p>F\u00e5 definerte og naturlige bryn med Brow Ultra Slim \u00f8yenbrynsblyant. Jevn p\u00e5f\u00f8ring med ultimat presisjon. Tynn 1,5 mm applikatorspiss med h\u00e5rlignende kam for definerte, naturlige bryn hele dagen.<\/p>\n<p>Trinn 1: Tegn sm\u00e5, lette str\u00f8k langs \u00f8yenbrynskonturen.<br \/>Trinn 2: Bruk b\u00f8rsten og gre bryn oppover og utover for \u00e5 jevne ut fargen og fikse resultatet.<\/p>\n<p><\/p>\n","protected":false},"excerpt":{"rendered":"<p>F\u00e5 definerte og naturlige bryn med Brow Ultra Slim \u00f8yenbrynsblyant. Jevn p\u00e5f\u00f8ring med ultimat presisjon. Tynn 1,5 mm applikatorspiss med h\u00e5rlignende kam for definerte, naturlige bryn hele dagen. Trinn 1: Tegn sm\u00e5, lette str\u00f8k langs \u00f8yenbrynskonturen.Trinn 2: Bruk b\u00f8rsten og gre bryn oppover og utover for \u00e5 jevne ut fargen og fikse resultatet.<\/p>\n","protected":false},"featured_media":411151,"comment_status":"open","ping_status":"closed","template":"","meta":{"_trash_the_other_posts":false},"product_brand":[],"product_cat":[625],"product_tag":[3492],"berocket_brand":[1016],"class_list":{"0":"post-411153","1":"product","2":"type-product","3":"status-publish","4":"has-post-thumbnail","6":"product_cat-ogonbryn-penne","7":"product_tag-maybelline-brow-ultra-slim-pencil","8":"pa_brand-maybelline","9":"pa_variant-02-soft-brown","10":"berocket_brand-maybelline","12":"first","13":"instock","14":"sale","15":"taxable","16":"shipping-taxable","17":"purchasable","18":"product-type-simple"},"_links":{"self":[{"href":"https:\/\/stylingagenten.com\/no\/wp-json\/wp\/v2\/product\/411153","targetHints":{"allow":["GET"]}}],"collection":[{"href":"https:\/\/stylingagenten.com\/no\/wp-json\/wp\/v2\/product"}],"about":[{"href":"https:\/\/stylingagenten.com\/no\/wp-json\/wp\/v2\/types\/product"}],"replies":[{"embeddable":true,"href":"https:\/\/stylingagenten.com\/no\/wp-json\/wp\/v2\/comments?post=411153"}],"version-history":[{"count":0,"href":"https:\/\/stylingagenten.com\/no\/wp-json\/wp\/v2\/product\/411153\/revisions"}],"wp:featuredmedia":[{"embeddable":true,"href":"https:\/\/stylingagenten.com\/no\/wp-json\/wp\/v2\/media\/411151"}],"wp:attachment":[{"href":"https:\/\/stylingagenten.com\/no\/wp-json\/wp\/v2\/media?parent=411153"}],"wp:term":[{"taxonomy":"product_brand","embeddable":true,"href":"https:\/\/stylingagenten.com\/no\/wp-json\/wp\/v2\/product_brand?post=411153"},{"taxonomy":"product_cat","embeddable":true,"href":"https:\/\/stylingagenten.com\/no\/wp-json\/wp\/v2\/product_cat?post=411153"},{"taxonomy":"product_tag","embeddable":true,"href":"https:\/\/stylingagenten.com\/no\/wp-json\/wp\/v2\/product_tag?post=411153"},{"taxonomy":"berocket_brand","embeddable":true,"href":"https:\/\/stylingagenten.com\/no\/wp-json\/wp\/v2\/berocket_brand?post=411153"}],"curies":[{"name":"wp","href":"https:\/\/api.w.org\/{rel}","templated":true}]}}