{"id":411146,"date":"2025-05-18T23:36:07","date_gmt":"2025-05-18T23:36:07","guid":{"rendered":"https:\/\/staging2.stylingagenten.com\/no\/produkt\/maybelline-brow-ultra-slim-pencil-07-black\/"},"modified":"2025-12-18T21:54:20","modified_gmt":"2025-12-18T21:54:20","slug":"maybelline-brow-ultra-slim-pencil-07-black","status":"publish","type":"product","link":"https:\/\/stylingagenten.com\/no\/produkt\/maybelline-brow-ultra-slim-pencil-07-black\/","title":{"rendered":"Maybelline Brow Ultra Slim Pencil &#8211; 07 Black"},"content":{"rendered":"<p>F\u00e5 definerte og naturlige bryn med Brow Ultra Slim \u00f8yenbrynsblyant. Jevn p\u00e5f\u00f8ring med ultimat presisjon. Tynn 1,5 mm applikatorspiss med h\u00e5rlignende kam for definerte, naturlig utseende bryn hele dagen. <\/p>\n<p>Trinn 1: Tegn sm\u00e5, lette str\u00f8k langs \u00f8yenbrynskonturen. <br \/>Trinn 2: Bruk b\u00f8rsten og gre brynene oppover og utover for \u00e5 jevne ut fargen og fikse resultatet. <\/p>\n<p>1g<\/p>\n","protected":false},"excerpt":{"rendered":"<p>F\u00e5 definerte og naturlige bryn med Brow Ultra Slim \u00f8yenbrynsblyant. Jevn p\u00e5f\u00f8ring med ultimat presisjon. Tynn 1,5 mm applikatorspiss med h\u00e5rlignende kam for definerte, naturlig utseende bryn hele dagen. Trinn 1: Tegn sm\u00e5, lette str\u00f8k langs \u00f8yenbrynskonturen. Trinn 2: Bruk b\u00f8rsten og gre brynene oppover og utover for \u00e5 jevne ut fargen og fikse resultatet. [&hellip;]<\/p>\n","protected":false},"featured_media":411143,"comment_status":"open","ping_status":"closed","template":"","meta":{"_trash_the_other_posts":false},"product_brand":[],"product_cat":[625],"product_tag":[3492],"berocket_brand":[1016],"class_list":{"0":"post-411146","1":"product","2":"type-product","3":"status-publish","4":"has-post-thumbnail","6":"product_cat-ogonbryn-penne","7":"product_tag-maybelline-brow-ultra-slim-pencil","8":"pa_brand-maybelline","9":"pa_variant-07-black","10":"berocket_brand-maybelline","12":"first","13":"instock","14":"sale","15":"taxable","16":"shipping-taxable","17":"purchasable","18":"product-type-simple"},"_links":{"self":[{"href":"https:\/\/stylingagenten.com\/no\/wp-json\/wp\/v2\/product\/411146","targetHints":{"allow":["GET"]}}],"collection":[{"href":"https:\/\/stylingagenten.com\/no\/wp-json\/wp\/v2\/product"}],"about":[{"href":"https:\/\/stylingagenten.com\/no\/wp-json\/wp\/v2\/types\/product"}],"replies":[{"embeddable":true,"href":"https:\/\/stylingagenten.com\/no\/wp-json\/wp\/v2\/comments?post=411146"}],"version-history":[{"count":0,"href":"https:\/\/stylingagenten.com\/no\/wp-json\/wp\/v2\/product\/411146\/revisions"}],"wp:featuredmedia":[{"embeddable":true,"href":"https:\/\/stylingagenten.com\/no\/wp-json\/wp\/v2\/media\/411143"}],"wp:attachment":[{"href":"https:\/\/stylingagenten.com\/no\/wp-json\/wp\/v2\/media?parent=411146"}],"wp:term":[{"taxonomy":"product_brand","embeddable":true,"href":"https:\/\/stylingagenten.com\/no\/wp-json\/wp\/v2\/product_brand?post=411146"},{"taxonomy":"product_cat","embeddable":true,"href":"https:\/\/stylingagenten.com\/no\/wp-json\/wp\/v2\/product_cat?post=411146"},{"taxonomy":"product_tag","embeddable":true,"href":"https:\/\/stylingagenten.com\/no\/wp-json\/wp\/v2\/product_tag?post=411146"},{"taxonomy":"berocket_brand","embeddable":true,"href":"https:\/\/stylingagenten.com\/no\/wp-json\/wp\/v2\/berocket_brand?post=411146"}],"curies":[{"name":"wp","href":"https:\/\/api.w.org\/{rel}","templated":true}]}}