{"id":411127,"date":"2025-05-18T23:36:01","date_gmt":"2025-05-18T23:36:01","guid":{"rendered":"https:\/\/staging2.stylingagenten.com\/no\/produkt\/max-factor-real-brow-fill-shape-02-soft-brown\/"},"modified":"2026-04-01T14:00:37","modified_gmt":"2026-04-01T14:00:37","slug":"max-factor-real-brow-fill-shape-02-soft-brown","status":"publish","type":"product","link":"https:\/\/stylingagenten.com\/no\/produkt\/max-factor-real-brow-fill-shape-02-soft-brown\/","title":{"rendered":"Max Factor Real Brow Fill &amp; Shape 02 Soft Brown"},"content":{"rendered":"<p>Real Brow Fill &amp; Shape fra Max Factor er en perfekt brynduo som hjelper deg \u00e5 lage naturlig fyldige bryn. \u00d8yenbrynsblyanten har en vri-opp funksjon og er enkel \u00e5 jobbe med. Den dobbeltsidige brynblyanten brukes i to trinn der den vinklede blyanten brukes til \u00e5 definere og forme brynene dine mens pudderapplikatoren toner og fyller ut sparsomme omr\u00e5der \u2013 for en naturlig brynlook. \u2022 Brynduo som gir naturlig fyldige bryn \u2022 Vinklet blyant definerer og former brynene \u2022 Powder applikator toner og fyller ut sparsomme omr\u00e5der<\/p>\n","protected":false},"excerpt":{"rendered":"<p>Real Brow Fill &amp; Shape fra Max Factor er en perfekt brynduo som hjelper deg \u00e5 lage naturlig fyldige bryn. \u00d8yenbrynsblyanten har en vri-opp funksjon og er enkel \u00e5 jobbe med. Den dobbeltsidige brynblyanten brukes i to trinn der den vinklede blyanten brukes til \u00e5 definere og forme brynene dine mens pudderapplikatoren toner og fyller [&hellip;]<\/p>\n","protected":false},"featured_media":411117,"comment_status":"open","ping_status":"closed","template":"","meta":{"_trash_the_other_posts":false},"product_brand":[],"product_cat":[625],"product_tag":[3487],"berocket_brand":[1013],"class_list":{"0":"post-411127","1":"product","2":"type-product","3":"status-publish","4":"has-post-thumbnail","6":"product_cat-ogonbryn-penne","7":"product_tag-max-factor-real-brow-fill-shape","8":"pa_brand-max-factor","9":"pa_variant-02-soft-brown","10":"berocket_brand-max-factor","12":"first","13":"instock","14":"sale","15":"taxable","16":"shipping-taxable","17":"purchasable","18":"product-type-simple"},"_links":{"self":[{"href":"https:\/\/stylingagenten.com\/no\/wp-json\/wp\/v2\/product\/411127","targetHints":{"allow":["GET"]}}],"collection":[{"href":"https:\/\/stylingagenten.com\/no\/wp-json\/wp\/v2\/product"}],"about":[{"href":"https:\/\/stylingagenten.com\/no\/wp-json\/wp\/v2\/types\/product"}],"replies":[{"embeddable":true,"href":"https:\/\/stylingagenten.com\/no\/wp-json\/wp\/v2\/comments?post=411127"}],"version-history":[{"count":0,"href":"https:\/\/stylingagenten.com\/no\/wp-json\/wp\/v2\/product\/411127\/revisions"}],"wp:featuredmedia":[{"embeddable":true,"href":"https:\/\/stylingagenten.com\/no\/wp-json\/wp\/v2\/media\/411117"}],"wp:attachment":[{"href":"https:\/\/stylingagenten.com\/no\/wp-json\/wp\/v2\/media?parent=411127"}],"wp:term":[{"taxonomy":"product_brand","embeddable":true,"href":"https:\/\/stylingagenten.com\/no\/wp-json\/wp\/v2\/product_brand?post=411127"},{"taxonomy":"product_cat","embeddable":true,"href":"https:\/\/stylingagenten.com\/no\/wp-json\/wp\/v2\/product_cat?post=411127"},{"taxonomy":"product_tag","embeddable":true,"href":"https:\/\/stylingagenten.com\/no\/wp-json\/wp\/v2\/product_tag?post=411127"},{"taxonomy":"berocket_brand","embeddable":true,"href":"https:\/\/stylingagenten.com\/no\/wp-json\/wp\/v2\/berocket_brand?post=411127"}],"curies":[{"name":"wp","href":"https:\/\/api.w.org\/{rel}","templated":true}]}}