{"id":411125,"date":"2025-05-18T23:36:01","date_gmt":"2025-05-18T23:36:01","guid":{"rendered":"https:\/\/staging2.stylingagenten.com\/no\/produkt\/nyx-prof-makeup-micro-brow-pencil-chocolate\/"},"modified":"2026-04-09T06:39:46","modified_gmt":"2026-04-09T06:39:46","slug":"nyx-prof-makeup-micro-brow-pencil-chocolate","status":"publish","type":"product","link":"https:\/\/stylingagenten.com\/no\/produkt\/nyx-prof-makeup-micro-brow-pencil-chocolate\/","title":{"rendered":"NYX PROF. MAKEUP Micro Brow Pencil &#8211; Chocolate"},"content":{"rendered":"<p>NYX PROFESSIONAL MAKEUP Micro Brow Pencil &#8211; Sjokolade for \u00e5 ta med definerte og fyldige bryn! Denne nydelige \u00f8yenbrynsblyanten har en h\u00e5rete formel som glir p\u00e5; brynene dine, og den tynne tuppen gj\u00f8r det enkelt \u00e5 definere og forme brynene dine slik du vil ha dem. Denne brynblyanten gj\u00f8r den enkel \u00e5 ta med; et presist resultat med en fin og naturlig finish! Pennen har ogs\u00e5 en b\u00f8rste p\u00e5 \u00e9n side.<\/p>\n<p>Innhold&aring;ll: 0,09 g<\/p>\n<p>&nbsp;<\/p>\n","protected":false},"excerpt":{"rendered":"<p>NYX PROFESSIONAL MAKEUP Micro Brow Pencil &#8211; Sjokolade for \u00e5 ta med definerte og fyldige bryn! Denne nydelige \u00f8yenbrynsblyanten har en h\u00e5rete formel som glir p\u00e5; brynene dine, og den tynne tuppen gj\u00f8r det enkelt \u00e5 definere og forme brynene dine slik du vil ha dem. Denne brynblyanten gj\u00f8r den enkel \u00e5 ta med; et [&hellip;]<\/p>\n","protected":false},"featured_media":411124,"comment_status":"open","ping_status":"closed","template":"","meta":{"_trash_the_other_posts":false},"product_brand":[],"product_cat":[625],"product_tag":[3681],"berocket_brand":[1025],"class_list":{"0":"post-411125","1":"product","2":"type-product","3":"status-publish","4":"has-post-thumbnail","6":"product_cat-ogonbryn-penne","7":"product_tag-nyx-prof-makeup-micro-brow-pencil","8":"pa_brand-nyx","9":"pa_variant-chocolate","10":"berocket_brand-nyx","12":"first","13":"instock","14":"sale","15":"taxable","16":"shipping-taxable","17":"purchasable","18":"product-type-simple"},"_links":{"self":[{"href":"https:\/\/stylingagenten.com\/no\/wp-json\/wp\/v2\/product\/411125","targetHints":{"allow":["GET"]}}],"collection":[{"href":"https:\/\/stylingagenten.com\/no\/wp-json\/wp\/v2\/product"}],"about":[{"href":"https:\/\/stylingagenten.com\/no\/wp-json\/wp\/v2\/types\/product"}],"replies":[{"embeddable":true,"href":"https:\/\/stylingagenten.com\/no\/wp-json\/wp\/v2\/comments?post=411125"}],"version-history":[{"count":0,"href":"https:\/\/stylingagenten.com\/no\/wp-json\/wp\/v2\/product\/411125\/revisions"}],"wp:featuredmedia":[{"embeddable":true,"href":"https:\/\/stylingagenten.com\/no\/wp-json\/wp\/v2\/media\/411124"}],"wp:attachment":[{"href":"https:\/\/stylingagenten.com\/no\/wp-json\/wp\/v2\/media?parent=411125"}],"wp:term":[{"taxonomy":"product_brand","embeddable":true,"href":"https:\/\/stylingagenten.com\/no\/wp-json\/wp\/v2\/product_brand?post=411125"},{"taxonomy":"product_cat","embeddable":true,"href":"https:\/\/stylingagenten.com\/no\/wp-json\/wp\/v2\/product_cat?post=411125"},{"taxonomy":"product_tag","embeddable":true,"href":"https:\/\/stylingagenten.com\/no\/wp-json\/wp\/v2\/product_tag?post=411125"},{"taxonomy":"berocket_brand","embeddable":true,"href":"https:\/\/stylingagenten.com\/no\/wp-json\/wp\/v2\/berocket_brand?post=411125"}],"curies":[{"name":"wp","href":"https:\/\/api.w.org\/{rel}","templated":true}]}}