{"id":411080,"date":"2025-05-18T23:35:45","date_gmt":"2025-05-18T23:35:45","guid":{"rendered":"https:\/\/staging2.stylingagenten.com\/no\/produkt\/artdeco-ultra-fine-brow-liner-25-soft-driftwood-0-9g\/"},"modified":"2025-12-17T08:41:52","modified_gmt":"2025-12-17T08:41:52","slug":"artdeco-ultra-fine-brow-liner-25-soft-driftwood-0-9g","status":"publish","type":"product","link":"https:\/\/stylingagenten.com\/no\/produkt\/artdeco-ultra-fine-brow-liner-25-soft-driftwood-0-9g\/","title":{"rendered":"Artdeco Ultra Fine Brow Liner 25 Soft Driftwood 0.9g"},"content":{"rendered":"<p>Ultra Brow Fine Liner er en vanntett \u00f8yenbrynsblyant som skaper ekstremt fine linjer som ser ut som naturlige h\u00e5r \u2013 for fyldige bryn og et naturlig resultat! Blyanten inkluderer en ergonomisk formet b\u00f8rste som gj\u00f8r det enkelt \u00e5 forme brynene og slette harde linjer. <br \/>\u2022 Vanntett \u00f8yenbrynblyant <br \/>\u2022 Skaper ekstremt fine linjer som ligner naturlig bust <br \/>\u2022 Inkluderer ergonomisk b\u00f8rste som former brynene og visker ut skarpe linjer <\/p>\n<p>Antioksidantene vitamin C og E beskytter mot frie radikaler og styrker dine egne \u00f8yenbryn.<\/p>\n","protected":false},"excerpt":{"rendered":"<p>Ultra Brow Fine Liner er en vanntett \u00f8yenbrynsblyant som skaper ekstremt fine linjer som ser ut som naturlige h\u00e5r \u2013 for fyldige bryn og et naturlig resultat! Blyanten inkluderer en ergonomisk formet b\u00f8rste som gj\u00f8r det enkelt \u00e5 forme brynene og slette harde linjer. \u2022 Vanntett \u00f8yenbrynblyant \u2022 Skaper ekstremt fine linjer som ligner naturlig [&hellip;]<\/p>\n","protected":false},"featured_media":411068,"comment_status":"open","ping_status":"closed","template":"","meta":{"_trash_the_other_posts":false},"product_brand":[],"product_cat":[625],"product_tag":[2442],"berocket_brand":[1385],"class_list":{"0":"post-411080","1":"product","2":"type-product","3":"status-publish","4":"has-post-thumbnail","6":"product_cat-ogonbryn-penne","7":"product_tag-artdeco-ultra-fine-brow-liner-0-9g","8":"pa_brand-artdeco","9":"pa_variant-25-soft-driftwood","10":"berocket_brand-artdeco","12":"first","13":"instock","14":"sale","15":"taxable","16":"shipping-taxable","17":"purchasable","18":"product-type-simple"},"_links":{"self":[{"href":"https:\/\/stylingagenten.com\/no\/wp-json\/wp\/v2\/product\/411080","targetHints":{"allow":["GET"]}}],"collection":[{"href":"https:\/\/stylingagenten.com\/no\/wp-json\/wp\/v2\/product"}],"about":[{"href":"https:\/\/stylingagenten.com\/no\/wp-json\/wp\/v2\/types\/product"}],"replies":[{"embeddable":true,"href":"https:\/\/stylingagenten.com\/no\/wp-json\/wp\/v2\/comments?post=411080"}],"version-history":[{"count":0,"href":"https:\/\/stylingagenten.com\/no\/wp-json\/wp\/v2\/product\/411080\/revisions"}],"wp:featuredmedia":[{"embeddable":true,"href":"https:\/\/stylingagenten.com\/no\/wp-json\/wp\/v2\/media\/411068"}],"wp:attachment":[{"href":"https:\/\/stylingagenten.com\/no\/wp-json\/wp\/v2\/media?parent=411080"}],"wp:term":[{"taxonomy":"product_brand","embeddable":true,"href":"https:\/\/stylingagenten.com\/no\/wp-json\/wp\/v2\/product_brand?post=411080"},{"taxonomy":"product_cat","embeddable":true,"href":"https:\/\/stylingagenten.com\/no\/wp-json\/wp\/v2\/product_cat?post=411080"},{"taxonomy":"product_tag","embeddable":true,"href":"https:\/\/stylingagenten.com\/no\/wp-json\/wp\/v2\/product_tag?post=411080"},{"taxonomy":"berocket_brand","embeddable":true,"href":"https:\/\/stylingagenten.com\/no\/wp-json\/wp\/v2\/berocket_brand?post=411080"}],"curies":[{"name":"wp","href":"https:\/\/api.w.org\/{rel}","templated":true}]}}