{"id":411003,"date":"2025-05-18T23:35:14","date_gmt":"2025-05-18T23:35:14","guid":{"rendered":"https:\/\/staging2.stylingagenten.com\/no\/produkt\/maybelline-tattoo-brow-peel-off-tint-dark-brown\/"},"modified":"2026-04-15T07:29:42","modified_gmt":"2026-04-15T07:29:42","slug":"maybelline-tattoo-brow-peel-off-tint-dark-brown","status":"publish","type":"product","link":"https:\/\/stylingagenten.com\/no\/produkt\/maybelline-tattoo-brow-peel-off-tint-dark-brown\/","title":{"rendered":"Maybelline Tattoo Brow Peel Off Tint Dark Brown"},"content":{"rendered":"<p>For en enklere brynrutine, presenterer Maybelline en semi-permanent \u00f8yenbrynsfarge som varer i opptil 3 dager.<\/p>\n<p>Trinn 1: P\u00e5f\u00f8r formelen p\u00e5 \u00f8yenbrynene dine i den formen du \u00f8nsker.<br \/>Trinn 2: La t\u00f8rke. Jo lenger du lar det t\u00f8rke, jo lenger varer fargen.<br \/>20 min = 1 dag. 2 timer = Opptil 3 dager.<br \/>Trinn 3: Trekk av den t\u00f8rkede formelen fra innsiden og ut.<\/p>\n","protected":false},"excerpt":{"rendered":"<p>For en enklere brynrutine, presenterer Maybelline en semi-permanent \u00f8yenbrynsfarge som varer i opptil 3 dager. Trinn 1: P\u00e5f\u00f8r formelen p\u00e5 \u00f8yenbrynene dine i den formen du \u00f8nsker.Trinn 2: La t\u00f8rke. Jo lenger du lar det t\u00f8rke, jo lenger varer fargen.20 min = 1 dag. 2 timer = Opptil 3 dager.Trinn 3: Trekk av den t\u00f8rkede [&hellip;]<\/p>\n","protected":false},"featured_media":411000,"comment_status":"open","ping_status":"closed","template":"","meta":{"_trash_the_other_posts":false},"product_brand":[],"product_cat":[627],"product_tag":[3506],"berocket_brand":[1016],"class_list":{"0":"post-411003","1":"product","2":"type-product","3":"status-publish","4":"has-post-thumbnail","6":"product_cat-ogonbryn-gel","7":"product_tag-maybelline-tattoo-brow-peel-off-tint","8":"pa_brand-maybelline","9":"pa_variant-dark-brown","10":"berocket_brand-maybelline","12":"first","13":"instock","14":"sale","15":"taxable","16":"shipping-taxable","17":"purchasable","18":"product-type-simple"},"_links":{"self":[{"href":"https:\/\/stylingagenten.com\/no\/wp-json\/wp\/v2\/product\/411003","targetHints":{"allow":["GET"]}}],"collection":[{"href":"https:\/\/stylingagenten.com\/no\/wp-json\/wp\/v2\/product"}],"about":[{"href":"https:\/\/stylingagenten.com\/no\/wp-json\/wp\/v2\/types\/product"}],"replies":[{"embeddable":true,"href":"https:\/\/stylingagenten.com\/no\/wp-json\/wp\/v2\/comments?post=411003"}],"version-history":[{"count":0,"href":"https:\/\/stylingagenten.com\/no\/wp-json\/wp\/v2\/product\/411003\/revisions"}],"wp:featuredmedia":[{"embeddable":true,"href":"https:\/\/stylingagenten.com\/no\/wp-json\/wp\/v2\/media\/411000"}],"wp:attachment":[{"href":"https:\/\/stylingagenten.com\/no\/wp-json\/wp\/v2\/media?parent=411003"}],"wp:term":[{"taxonomy":"product_brand","embeddable":true,"href":"https:\/\/stylingagenten.com\/no\/wp-json\/wp\/v2\/product_brand?post=411003"},{"taxonomy":"product_cat","embeddable":true,"href":"https:\/\/stylingagenten.com\/no\/wp-json\/wp\/v2\/product_cat?post=411003"},{"taxonomy":"product_tag","embeddable":true,"href":"https:\/\/stylingagenten.com\/no\/wp-json\/wp\/v2\/product_tag?post=411003"},{"taxonomy":"berocket_brand","embeddable":true,"href":"https:\/\/stylingagenten.com\/no\/wp-json\/wp\/v2\/berocket_brand?post=411003"}],"curies":[{"name":"wp","href":"https:\/\/api.w.org\/{rel}","templated":true}]}}