{"id":410979,"date":"2025-05-18T23:35:01","date_gmt":"2025-05-18T23:35:01","guid":{"rendered":"https:\/\/staging2.stylingagenten.com\/no\/produkt\/kokie-brow-mascara-tinted-eyebrow-gel-light-brown\/"},"modified":"2026-01-29T14:46:48","modified_gmt":"2026-01-29T14:46:48","slug":"kokie-brow-mascara-tinted-eyebrow-gel-light-brown","status":"publish","type":"product","link":"https:\/\/stylingagenten.com\/no\/produkt\/kokie-brow-mascara-tinted-eyebrow-gel-light-brown\/","title":{"rendered":"Kokie Brow Mascara Tinted Eyebrow Gel &#8211; Light Brown"},"content":{"rendered":"<p id=\"isPasted\">Kokie&#8217;s Brow Mascara Tinted Eyebrow Gel &#8211; Lysebrun er et must for de som \u00f8nsker \u00e5 gi \u00f8yenbrynene definisjon og form. Denne formelen er langvarig og enkel \u00e5 p\u00e5f\u00f8re, noe som gj\u00f8r den perfekt for daglig bruk. Den lysebrune fargen er perfekt for lysere h\u00e5rfarger og gir \u00f8yenbrynene en naturlig, subtil nyanse.<\/p>\n<p>En av de mest fremtredende egenskapene til denne \u00f8yenbrynsgelen er b\u00f8rsteapplikatoren. Blyanten er designet for \u00e5 fordele formelen og pelsen jevnt og temme brynene, slik at du f\u00e5r perfekt formede bryn hver gang.<\/p>\n<p>I tillegg til sine kosmetiske fordeler inneholder denne \u00f8yenbrynsmascaraen ogs\u00e5 n\u00e6rende ingredienser som bidrar til \u00e5 styrke og myke opp. brynene. Formelen inneholder vitamin E og panthenol for \u00e5 fremme sunn h\u00e5rvekst og holde \u00f8yenbrynene i toppform.<br \/>Hvis du \u00f8nsker et naturlig og definert utseende p\u00e5 \u00f8yenbrynene, er Kokie&#8217;s Brow Mascara Tinted Eyebrow Gel &#8211; Light Brown et utmerket valg. S\u00e5 hvorfor vente? Pr\u00f8v det selv og opplev forskjellen det kan gj\u00f8re for \u00f8yenbrynene dine!<\/p>\n<p>Resultatet er vakre bryn med en naturlig finish som varer hele dagen.<\/p>\n<p>Tilgjengelig i Blonde, Lysebrune, Medium brun, m\u00f8rk brun, svart og klar<\/p>\n","protected":false},"excerpt":{"rendered":"<p>Kokie&#8217;s Brow Mascara Tinted Eyebrow Gel &#8211; Lysebrun er et must for de som \u00f8nsker \u00e5 gi \u00f8yenbrynene definisjon og form. Denne formelen er langvarig og enkel \u00e5 p\u00e5f\u00f8re, noe som gj\u00f8r den perfekt for daglig bruk. Den lysebrune fargen er perfekt for lysere h\u00e5rfarger og gir \u00f8yenbrynene en naturlig, subtil nyanse. En av de [&hellip;]<\/p>\n","protected":false},"featured_media":410977,"comment_status":"open","ping_status":"closed","template":"","meta":{"_trash_the_other_posts":false},"product_brand":[],"product_cat":[627],"product_tag":[3130],"berocket_brand":[1198],"class_list":{"0":"post-410979","1":"product","2":"type-product","3":"status-publish","4":"has-post-thumbnail","6":"product_cat-ogonbryn-gel","7":"product_tag-kokie-brow-mascara-tinted-eyebrow-gel","8":"pa_brand-kokie-cosmetics","9":"pa_variant-light-brown","10":"berocket_brand-kokie-cosmetics","12":"first","13":"instock","14":"taxable","15":"shipping-taxable","16":"purchasable","17":"product-type-simple"},"_links":{"self":[{"href":"https:\/\/stylingagenten.com\/no\/wp-json\/wp\/v2\/product\/410979","targetHints":{"allow":["GET"]}}],"collection":[{"href":"https:\/\/stylingagenten.com\/no\/wp-json\/wp\/v2\/product"}],"about":[{"href":"https:\/\/stylingagenten.com\/no\/wp-json\/wp\/v2\/types\/product"}],"replies":[{"embeddable":true,"href":"https:\/\/stylingagenten.com\/no\/wp-json\/wp\/v2\/comments?post=410979"}],"version-history":[{"count":0,"href":"https:\/\/stylingagenten.com\/no\/wp-json\/wp\/v2\/product\/410979\/revisions"}],"wp:featuredmedia":[{"embeddable":true,"href":"https:\/\/stylingagenten.com\/no\/wp-json\/wp\/v2\/media\/410977"}],"wp:attachment":[{"href":"https:\/\/stylingagenten.com\/no\/wp-json\/wp\/v2\/media?parent=410979"}],"wp:term":[{"taxonomy":"product_brand","embeddable":true,"href":"https:\/\/stylingagenten.com\/no\/wp-json\/wp\/v2\/product_brand?post=410979"},{"taxonomy":"product_cat","embeddable":true,"href":"https:\/\/stylingagenten.com\/no\/wp-json\/wp\/v2\/product_cat?post=410979"},{"taxonomy":"product_tag","embeddable":true,"href":"https:\/\/stylingagenten.com\/no\/wp-json\/wp\/v2\/product_tag?post=410979"},{"taxonomy":"berocket_brand","embeddable":true,"href":"https:\/\/stylingagenten.com\/no\/wp-json\/wp\/v2\/berocket_brand?post=410979"}],"curies":[{"name":"wp","href":"https:\/\/api.w.org\/{rel}","templated":true}]}}