{"id":410973,"date":"2025-05-18T23:34:58","date_gmt":"2025-05-18T23:34:58","guid":{"rendered":"https:\/\/staging2.stylingagenten.com\/no\/produkt\/kokie-brow-mascara-tinted-eyebrow-gel-clear\/"},"modified":"2026-03-27T13:08:35","modified_gmt":"2026-03-27T13:08:35","slug":"kokie-brow-mascara-tinted-eyebrow-gel-clear","status":"publish","type":"product","link":"https:\/\/stylingagenten.com\/no\/produkt\/kokie-brow-mascara-tinted-eyebrow-gel-clear\/","title":{"rendered":"Kokie Brow Mascara Tinted Eyebrow Gel &#8211; Clear"},"content":{"rendered":"<p>Kokie&#8217;s Brow Mascara Tinted Eyebrow Gel &#8211; Clear er det perfekte produktet for de som \u00f8nsker \u00e5 gi \u00f8yenbrynene et naturlig, definert utseende uten \u00e5 tilf\u00f8re farge. &nbsp;Denne formelen er langvarig og enkel \u00e5 p\u00e5f\u00f8re, noe som gj\u00f8r den perfekt for daglig bruk. Den blonde nyansen er perfekt for lyse h\u00e5rfarger og gir \u00f8yenbrynene en naturlig, subtil nyanse.<\/p>\n<p>En av de mest fremtredende egenskapene til denne \u00f8yenbrynsgelen er b\u00f8rsteapplikatoren. Blyanten er designet for \u00e5 fordele formelen og pelsen jevnt og temme brynene, slik at du f\u00e5r perfekt formede bryn hver gang.<\/p>\n<p>I tillegg til sine kosmetiske fordeler inneholder denne \u00f8yenbrynsmascaraen ogs\u00e5 n\u00e6rende ingredienser som bidrar til \u00e5 styrke og myke opp. brynene. Formelen inneholder vitamin E og panthenol for \u00e5 fremme sunn h\u00e5rvekst og holde \u00f8yenbrynene i toppform.<\/p>\n<p>Hvis du vil ha et naturlig og definert utseende p\u00e5 \u00f8yenbrynene uten \u00e5 tilf\u00f8re farge, Kokie&#8217;s Brow Mascara Tinted Eyebrow Gel &#8211; Clear an utmerket valg. S\u00e5 hvorfor vente? Pr\u00f8v det selv og opplev forskjellen det kan gj\u00f8re for \u00f8yenbrynene dine!<\/p>\n<p>Resultatet er vakre bryn med en naturlig finish som varer hele dagen.<\/p>\n<p>Tilgjengelig i Blonde, Lysebrune, Middels brun, m\u00f8rk brun, svart og klar<\/p>\n<p><\/p>\n","protected":false},"excerpt":{"rendered":"<p>Kokie&#8217;s Brow Mascara Tinted Eyebrow Gel &#8211; Clear er det perfekte produktet for de som \u00f8nsker \u00e5 gi \u00f8yenbrynene et naturlig, definert utseende uten \u00e5 tilf\u00f8re farge. &nbsp;Denne formelen er langvarig og enkel \u00e5 p\u00e5f\u00f8re, noe som gj\u00f8r den perfekt for daglig bruk. Den blonde nyansen er perfekt for lyse h\u00e5rfarger og gir \u00f8yenbrynene en [&hellip;]<\/p>\n","protected":false},"featured_media":410971,"comment_status":"open","ping_status":"closed","template":"","meta":{"_trash_the_other_posts":false},"product_brand":[],"product_cat":[627],"product_tag":[3130],"berocket_brand":[1198],"class_list":{"0":"post-410973","1":"product","2":"type-product","3":"status-publish","4":"has-post-thumbnail","6":"product_cat-ogonbryn-gel","7":"product_tag-kokie-brow-mascara-tinted-eyebrow-gel","8":"pa_brand-kokie-cosmetics","9":"pa_variant-clear","10":"berocket_brand-kokie-cosmetics","12":"first","13":"instock","14":"taxable","15":"shipping-taxable","16":"purchasable","17":"product-type-simple"},"_links":{"self":[{"href":"https:\/\/stylingagenten.com\/no\/wp-json\/wp\/v2\/product\/410973","targetHints":{"allow":["GET"]}}],"collection":[{"href":"https:\/\/stylingagenten.com\/no\/wp-json\/wp\/v2\/product"}],"about":[{"href":"https:\/\/stylingagenten.com\/no\/wp-json\/wp\/v2\/types\/product"}],"replies":[{"embeddable":true,"href":"https:\/\/stylingagenten.com\/no\/wp-json\/wp\/v2\/comments?post=410973"}],"version-history":[{"count":0,"href":"https:\/\/stylingagenten.com\/no\/wp-json\/wp\/v2\/product\/410973\/revisions"}],"wp:featuredmedia":[{"embeddable":true,"href":"https:\/\/stylingagenten.com\/no\/wp-json\/wp\/v2\/media\/410971"}],"wp:attachment":[{"href":"https:\/\/stylingagenten.com\/no\/wp-json\/wp\/v2\/media?parent=410973"}],"wp:term":[{"taxonomy":"product_brand","embeddable":true,"href":"https:\/\/stylingagenten.com\/no\/wp-json\/wp\/v2\/product_brand?post=410973"},{"taxonomy":"product_cat","embeddable":true,"href":"https:\/\/stylingagenten.com\/no\/wp-json\/wp\/v2\/product_cat?post=410973"},{"taxonomy":"product_tag","embeddable":true,"href":"https:\/\/stylingagenten.com\/no\/wp-json\/wp\/v2\/product_tag?post=410973"},{"taxonomy":"berocket_brand","embeddable":true,"href":"https:\/\/stylingagenten.com\/no\/wp-json\/wp\/v2\/berocket_brand?post=410973"}],"curies":[{"name":"wp","href":"https:\/\/api.w.org\/{rel}","templated":true}]}}