{"id":410934,"date":"2025-05-18T23:34:39","date_gmt":"2025-05-18T23:34:39","guid":{"rendered":"https:\/\/staging2.stylingagenten.com\/no\/produkt\/nyx-prof-makeup-thick-it-stick-it-brow-mascara-auburn\/"},"modified":"2025-12-18T21:55:57","modified_gmt":"2025-12-18T21:55:57","slug":"nyx-prof-makeup-thick-it-stick-it-brow-mascara-auburn","status":"publish","type":"product","link":"https:\/\/stylingagenten.com\/no\/produkt\/nyx-prof-makeup-thick-it-stick-it-brow-mascara-auburn\/","title":{"rendered":"NYX PROF. MAKEUP  Thick it. Stick it! Brow Mascara &#8211; Auburn"},"content":{"rendered":"<p>Ny vegansk \u00f8yenbrynsgel\u00e9 i 8 inkluderende nyanser med h\u00f8y effekt for \u00e5 farge, temme og tykkere alle typer \u00f8yenbryn med en naturlig finish som varer i 16 timer. Ultra-byggbare, tonede fibre av vegetabilsk opprinnelse tar \u00f8yenbrynene til neste niv\u00e5; med hvert lag. Oppgrader brynene dine fra tykke til tykkere til tykkeste for en en-og-ferdig opplevelse.<\/p>\n<p>7ml<\/p>\n","protected":false},"excerpt":{"rendered":"<p>Ny vegansk \u00f8yenbrynsgel\u00e9 i 8 inkluderende nyanser med h\u00f8y effekt for \u00e5 farge, temme og tykkere alle typer \u00f8yenbryn med en naturlig finish som varer i 16 timer. Ultra-byggbare, tonede fibre av vegetabilsk opprinnelse tar \u00f8yenbrynene til neste niv\u00e5; med hvert lag. Oppgrader brynene dine fra tykke til tykkere til tykkeste for en en-og-ferdig opplevelse. [&hellip;]<\/p>\n","protected":false},"featured_media":410919,"comment_status":"open","ping_status":"closed","template":"","meta":{"_trash_the_other_posts":false},"product_brand":[],"product_cat":[627],"product_tag":[3638],"berocket_brand":[1025],"class_list":{"0":"post-410934","1":"product","2":"type-product","3":"status-publish","4":"has-post-thumbnail","6":"product_cat-ogonbryn-gel","7":"product_tag-nyx-prof-makeup-thick-it-stick-it-brow-mascara","8":"pa_brand-nyx","9":"pa_variant-auburn","10":"berocket_brand-nyx","12":"first","13":"instock","14":"sale","15":"taxable","16":"shipping-taxable","17":"purchasable","18":"product-type-simple"},"_links":{"self":[{"href":"https:\/\/stylingagenten.com\/no\/wp-json\/wp\/v2\/product\/410934","targetHints":{"allow":["GET"]}}],"collection":[{"href":"https:\/\/stylingagenten.com\/no\/wp-json\/wp\/v2\/product"}],"about":[{"href":"https:\/\/stylingagenten.com\/no\/wp-json\/wp\/v2\/types\/product"}],"replies":[{"embeddable":true,"href":"https:\/\/stylingagenten.com\/no\/wp-json\/wp\/v2\/comments?post=410934"}],"version-history":[{"count":0,"href":"https:\/\/stylingagenten.com\/no\/wp-json\/wp\/v2\/product\/410934\/revisions"}],"wp:featuredmedia":[{"embeddable":true,"href":"https:\/\/stylingagenten.com\/no\/wp-json\/wp\/v2\/media\/410919"}],"wp:attachment":[{"href":"https:\/\/stylingagenten.com\/no\/wp-json\/wp\/v2\/media?parent=410934"}],"wp:term":[{"taxonomy":"product_brand","embeddable":true,"href":"https:\/\/stylingagenten.com\/no\/wp-json\/wp\/v2\/product_brand?post=410934"},{"taxonomy":"product_cat","embeddable":true,"href":"https:\/\/stylingagenten.com\/no\/wp-json\/wp\/v2\/product_cat?post=410934"},{"taxonomy":"product_tag","embeddable":true,"href":"https:\/\/stylingagenten.com\/no\/wp-json\/wp\/v2\/product_tag?post=410934"},{"taxonomy":"berocket_brand","embeddable":true,"href":"https:\/\/stylingagenten.com\/no\/wp-json\/wp\/v2\/berocket_brand?post=410934"}],"curies":[{"name":"wp","href":"https:\/\/api.w.org\/{rel}","templated":true}]}}