{"id":410866,"date":"2025-05-18T23:34:11","date_gmt":"2025-05-18T23:34:11","guid":{"rendered":"https:\/\/staging2.stylingagenten.com\/no\/produkt\/rco-magic-wand-brow-gel-4ml\/"},"modified":"2026-03-16T11:59:32","modified_gmt":"2026-03-16T11:59:32","slug":"rco-magic-wand-brow-gel-4ml","status":"publish","type":"product","link":"https:\/\/stylingagenten.com\/no\/produkt\/rco-magic-wand-brow-gel-4ml\/","title":{"rendered":"R+Co Magic Wand Brow Gel 4ml"},"content":{"rendered":"<p>Fortryll dagen med MAGIC WAND, en ikke-klebrig bryngel\u00e9 som temmer og pleier brynene dine samtidig som de holder dem p\u00e5 plass. Perfekt for en fyldig og polert look som varer.<\/p>\n<p>Bra for: Myker opp og definerer brynh\u00e5r uten \u00e5 klebe seg eller flasse.<\/p>\n<p>Slik: P\u00e5f\u00f8r gelen med korte penselstr\u00f8k oppover. Kan brukes alene eller som sluttprodukt.<\/p>\n","protected":false},"excerpt":{"rendered":"<p>Fortryll dagen med MAGIC WAND, en ikke-klebrig bryngel\u00e9 som temmer og pleier brynene dine samtidig som de holder dem p\u00e5 plass. Perfekt for en fyldig og polert look som varer. Bra for: Myker opp og definerer brynh\u00e5r uten \u00e5 klebe seg eller flasse. Slik: P\u00e5f\u00f8r gelen med korte penselstr\u00f8k oppover. Kan brukes alene eller som [&hellip;]<\/p>\n","protected":false},"featured_media":410865,"comment_status":"open","ping_status":"closed","template":"","meta":{"_trash_the_other_posts":false},"product_brand":[],"product_cat":[627],"product_tag":[],"berocket_brand":[1373],"class_list":{"0":"post-410866","1":"product","2":"type-product","3":"status-publish","4":"has-post-thumbnail","6":"product_cat-ogonbryn-gel","7":"pa_brand-rco","8":"berocket_brand-rco","10":"first","11":"outofstock","12":"sale","13":"taxable","14":"shipping-taxable","15":"purchasable","16":"product-type-simple"},"_links":{"self":[{"href":"https:\/\/stylingagenten.com\/no\/wp-json\/wp\/v2\/product\/410866","targetHints":{"allow":["GET"]}}],"collection":[{"href":"https:\/\/stylingagenten.com\/no\/wp-json\/wp\/v2\/product"}],"about":[{"href":"https:\/\/stylingagenten.com\/no\/wp-json\/wp\/v2\/types\/product"}],"replies":[{"embeddable":true,"href":"https:\/\/stylingagenten.com\/no\/wp-json\/wp\/v2\/comments?post=410866"}],"version-history":[{"count":0,"href":"https:\/\/stylingagenten.com\/no\/wp-json\/wp\/v2\/product\/410866\/revisions"}],"wp:featuredmedia":[{"embeddable":true,"href":"https:\/\/stylingagenten.com\/no\/wp-json\/wp\/v2\/media\/410865"}],"wp:attachment":[{"href":"https:\/\/stylingagenten.com\/no\/wp-json\/wp\/v2\/media?parent=410866"}],"wp:term":[{"taxonomy":"product_brand","embeddable":true,"href":"https:\/\/stylingagenten.com\/no\/wp-json\/wp\/v2\/product_brand?post=410866"},{"taxonomy":"product_cat","embeddable":true,"href":"https:\/\/stylingagenten.com\/no\/wp-json\/wp\/v2\/product_cat?post=410866"},{"taxonomy":"product_tag","embeddable":true,"href":"https:\/\/stylingagenten.com\/no\/wp-json\/wp\/v2\/product_tag?post=410866"},{"taxonomy":"berocket_brand","embeddable":true,"href":"https:\/\/stylingagenten.com\/no\/wp-json\/wp\/v2\/berocket_brand?post=410866"}],"curies":[{"name":"wp","href":"https:\/\/api.w.org\/{rel}","templated":true}]}}