{"id":410860,"date":"2025-05-18T23:34:08","date_gmt":"2025-05-18T23:34:08","guid":{"rendered":"https:\/\/staging2.stylingagenten.com\/no\/produkt\/loreal-paris-brow-artist-plump-set-108-brunette-5-ml\/"},"modified":"2026-04-01T14:00:06","modified_gmt":"2026-04-01T14:00:06","slug":"loreal-paris-brow-artist-plump-set-108-brunette-5-ml","status":"publish","type":"product","link":"https:\/\/stylingagenten.com\/no\/produkt\/loreal-paris-brow-artist-plump-set-108-brunette-5-ml\/","title":{"rendered":"L&#8217;Or\u00e9al Paris Brow Artist Plump &amp; Set 108 Dark Brunette 5 ml"},"content":{"rendered":"<p>Bryngel\u00e9 for bryn som ser fyldigere ut. I bare ett enkelt trinn gir Brow Artis Plump &amp; Set brynene dine b\u00e5de volum og et intenst utseende. Med en kort applikator og vinklet b\u00f8rste for en presis p\u00e5f\u00f8ring. Formel som f\u00f8les lett og gir deg fyldige \u00f8yenbryn som ikke f\u00f8les stive. *Vanntett *Flekker ikke.<\/p>\n","protected":false},"excerpt":{"rendered":"<p>Bryngel\u00e9 for bryn som ser fyldigere ut. I bare ett enkelt trinn gir Brow Artis Plump &amp; Set brynene dine b\u00e5de volum og et intenst utseende. Med en kort applikator og vinklet b\u00f8rste for en presis p\u00e5f\u00f8ring. Formel som f\u00f8les lett og gir deg fyldige \u00f8yenbryn som ikke f\u00f8les stive. *Vanntett *Flekker ikke.<\/p>\n","protected":false},"featured_media":410859,"comment_status":"open","ping_status":"closed","template":"","meta":{"_trash_the_other_posts":false},"product_brand":[],"product_cat":[627],"product_tag":[3237],"berocket_brand":[2001],"class_list":{"0":"post-410860","1":"product","2":"type-product","3":"status-publish","4":"has-post-thumbnail","6":"product_cat-ogonbryn-gel","7":"product_tag-loreal-paris-brow-artist-plump-set-5-ml","8":"pa_brand-loreal-paris-2","9":"pa_variant-108-brunette","10":"berocket_brand-loreal-paris","12":"first","13":"instock","14":"sale","15":"taxable","16":"shipping-taxable","17":"purchasable","18":"product-type-simple"},"_links":{"self":[{"href":"https:\/\/stylingagenten.com\/no\/wp-json\/wp\/v2\/product\/410860","targetHints":{"allow":["GET"]}}],"collection":[{"href":"https:\/\/stylingagenten.com\/no\/wp-json\/wp\/v2\/product"}],"about":[{"href":"https:\/\/stylingagenten.com\/no\/wp-json\/wp\/v2\/types\/product"}],"replies":[{"embeddable":true,"href":"https:\/\/stylingagenten.com\/no\/wp-json\/wp\/v2\/comments?post=410860"}],"version-history":[{"count":0,"href":"https:\/\/stylingagenten.com\/no\/wp-json\/wp\/v2\/product\/410860\/revisions"}],"wp:featuredmedia":[{"embeddable":true,"href":"https:\/\/stylingagenten.com\/no\/wp-json\/wp\/v2\/media\/410859"}],"wp:attachment":[{"href":"https:\/\/stylingagenten.com\/no\/wp-json\/wp\/v2\/media?parent=410860"}],"wp:term":[{"taxonomy":"product_brand","embeddable":true,"href":"https:\/\/stylingagenten.com\/no\/wp-json\/wp\/v2\/product_brand?post=410860"},{"taxonomy":"product_cat","embeddable":true,"href":"https:\/\/stylingagenten.com\/no\/wp-json\/wp\/v2\/product_cat?post=410860"},{"taxonomy":"product_tag","embeddable":true,"href":"https:\/\/stylingagenten.com\/no\/wp-json\/wp\/v2\/product_tag?post=410860"},{"taxonomy":"berocket_brand","embeddable":true,"href":"https:\/\/stylingagenten.com\/no\/wp-json\/wp\/v2\/berocket_brand?post=410860"}],"curies":[{"name":"wp","href":"https:\/\/api.w.org\/{rel}","templated":true}]}}