{"id":410830,"date":"2025-05-18T23:33:52","date_gmt":"2025-05-18T23:33:52","guid":{"rendered":"https:\/\/staging2.stylingagenten.com\/no\/produkt\/artdeco-clear-lash-brow-gel-10ml\/"},"modified":"2026-03-24T16:07:43","modified_gmt":"2026-03-24T16:07:43","slug":"artdeco-clear-lash-brow-gel-10ml","status":"publish","type":"product","link":"https:\/\/stylingagenten.com\/no\/produkt\/artdeco-clear-lash-brow-gel-10ml\/","title":{"rendered":"Artdeco Clear Lash &amp; Brow Gel 10ml"},"content":{"rendered":"<p>Artdeco Clear Lash &amp; Brow Gel er en gjennomsiktig gel\u00e9 som styler vippene og \u00f8yenbrynene dine perfekt! Bruk alene for et naturlig utseende, eller over mascaraen din for \u00e5 beskytte vippene. Bruk p\u00e5 \u00f8yenbrynene for \u00e5 forme og fikse.<\/p>\n<p>-Gjennomsiktig gel for \u00f8yenbryn og vipper<br \/>\n<br \/>-Kan p\u00e5f\u00f8res over mascara for ekstra beskyttelse<br \/>\n<br \/>-Former og fikser \u00f8yenbrynene<br \/>\n<br \/>-Vegansk<\/p>\n<p>10 ml<\/p>\n","protected":false},"excerpt":{"rendered":"<p>Artdeco Clear Lash &amp; Brow Gel er en gjennomsiktig gel\u00e9 som styler vippene og \u00f8yenbrynene dine perfekt! Bruk alene for et naturlig utseende, eller over mascaraen din for \u00e5 beskytte vippene. Bruk p\u00e5 \u00f8yenbrynene for \u00e5 forme og fikse. -Gjennomsiktig gel for \u00f8yenbryn og vipper -Kan p\u00e5f\u00f8res over mascara for ekstra beskyttelse -Former og fikser [&hellip;]<\/p>\n","protected":false},"featured_media":410827,"comment_status":"open","ping_status":"closed","template":"","meta":{"_trash_the_other_posts":false},"product_brand":[],"product_cat":[627],"product_tag":[],"berocket_brand":[1385],"class_list":{"0":"post-410830","1":"product","2":"type-product","3":"status-publish","4":"has-post-thumbnail","6":"product_cat-ogonbryn-gel","7":"pa_brand-artdeco","8":"berocket_brand-artdeco","10":"first","11":"instock","12":"sale","13":"taxable","14":"shipping-taxable","15":"purchasable","16":"product-type-simple"},"_links":{"self":[{"href":"https:\/\/stylingagenten.com\/no\/wp-json\/wp\/v2\/product\/410830","targetHints":{"allow":["GET"]}}],"collection":[{"href":"https:\/\/stylingagenten.com\/no\/wp-json\/wp\/v2\/product"}],"about":[{"href":"https:\/\/stylingagenten.com\/no\/wp-json\/wp\/v2\/types\/product"}],"replies":[{"embeddable":true,"href":"https:\/\/stylingagenten.com\/no\/wp-json\/wp\/v2\/comments?post=410830"}],"version-history":[{"count":0,"href":"https:\/\/stylingagenten.com\/no\/wp-json\/wp\/v2\/product\/410830\/revisions"}],"wp:featuredmedia":[{"embeddable":true,"href":"https:\/\/stylingagenten.com\/no\/wp-json\/wp\/v2\/media\/410827"}],"wp:attachment":[{"href":"https:\/\/stylingagenten.com\/no\/wp-json\/wp\/v2\/media?parent=410830"}],"wp:term":[{"taxonomy":"product_brand","embeddable":true,"href":"https:\/\/stylingagenten.com\/no\/wp-json\/wp\/v2\/product_brand?post=410830"},{"taxonomy":"product_cat","embeddable":true,"href":"https:\/\/stylingagenten.com\/no\/wp-json\/wp\/v2\/product_cat?post=410830"},{"taxonomy":"product_tag","embeddable":true,"href":"https:\/\/stylingagenten.com\/no\/wp-json\/wp\/v2\/product_tag?post=410830"},{"taxonomy":"berocket_brand","embeddable":true,"href":"https:\/\/stylingagenten.com\/no\/wp-json\/wp\/v2\/berocket_brand?post=410830"}],"curies":[{"name":"wp","href":"https:\/\/api.w.org\/{rel}","templated":true}]}}