{"id":410752,"date":"2025-05-18T23:32:31","date_gmt":"2025-05-18T23:32:31","guid":{"rendered":"https:\/\/staging2.stylingagenten.com\/no\/produkt\/wella-eimi-thermal-image-heat-protect-spray-150ml\/"},"modified":"2026-04-07T19:08:47","modified_gmt":"2026-04-07T19:08:47","slug":"wella-eimi-thermal-image-heat-protect-spray-150ml","status":"publish","type":"product","link":"https:\/\/stylingagenten.com\/no\/produkt\/wella-eimi-thermal-image-heat-protect-spray-150ml\/","title":{"rendered":"Wella EIMI Thermal Image Heat Protect Spray 150ml"},"content":{"rendered":"<p>Wella EIMI Thermal Image Heat Protect Spray. Hold hodet kaldt n\u00e5r du styler h\u00e5ret! <br \/>Beskytter h\u00e5ret og holder det kj\u00f8ligere under varmestyling n\u00e5r du bruker hendene eller flat- og kr\u00f8lltang.<br \/>Hold niv\u00e5 2.<\/p>\n<p> Bruk: Rist godt og spray en seksjon om gangen p\u00e5; Armlengdes avstand i t\u00f8rt h\u00e5r under varmestyling.<\/p>\n","protected":false},"excerpt":{"rendered":"<p>Wella EIMI Thermal Image Heat Protect Spray. Hold hodet kaldt n\u00e5r du styler h\u00e5ret! Beskytter h\u00e5ret og holder det kj\u00f8ligere under varmestyling n\u00e5r du bruker hendene eller flat- og kr\u00f8lltang.Hold niv\u00e5 2. Bruk: Rist godt og spray en seksjon om gangen p\u00e5; Armlengdes avstand i t\u00f8rt h\u00e5r under varmestyling.<\/p>\n","protected":false},"featured_media":410749,"comment_status":"open","ping_status":"closed","template":"","meta":{"_trash_the_other_posts":false},"product_brand":[],"product_cat":[624],"product_tag":[],"berocket_brand":[1030],"class_list":{"0":"post-410752","1":"product","2":"type-product","3":"status-publish","4":"has-post-thumbnail","6":"product_cat-varmebeskyttelse","7":"pa_brand-wella","8":"berocket_brand-wella","10":"first","11":"instock","12":"sale","13":"taxable","14":"shipping-taxable","15":"purchasable","16":"product-type-simple"},"_links":{"self":[{"href":"https:\/\/stylingagenten.com\/no\/wp-json\/wp\/v2\/product\/410752","targetHints":{"allow":["GET"]}}],"collection":[{"href":"https:\/\/stylingagenten.com\/no\/wp-json\/wp\/v2\/product"}],"about":[{"href":"https:\/\/stylingagenten.com\/no\/wp-json\/wp\/v2\/types\/product"}],"replies":[{"embeddable":true,"href":"https:\/\/stylingagenten.com\/no\/wp-json\/wp\/v2\/comments?post=410752"}],"version-history":[{"count":0,"href":"https:\/\/stylingagenten.com\/no\/wp-json\/wp\/v2\/product\/410752\/revisions"}],"wp:featuredmedia":[{"embeddable":true,"href":"https:\/\/stylingagenten.com\/no\/wp-json\/wp\/v2\/media\/410749"}],"wp:attachment":[{"href":"https:\/\/stylingagenten.com\/no\/wp-json\/wp\/v2\/media?parent=410752"}],"wp:term":[{"taxonomy":"product_brand","embeddable":true,"href":"https:\/\/stylingagenten.com\/no\/wp-json\/wp\/v2\/product_brand?post=410752"},{"taxonomy":"product_cat","embeddable":true,"href":"https:\/\/stylingagenten.com\/no\/wp-json\/wp\/v2\/product_cat?post=410752"},{"taxonomy":"product_tag","embeddable":true,"href":"https:\/\/stylingagenten.com\/no\/wp-json\/wp\/v2\/product_tag?post=410752"},{"taxonomy":"berocket_brand","embeddable":true,"href":"https:\/\/stylingagenten.com\/no\/wp-json\/wp\/v2\/berocket_brand?post=410752"}],"curies":[{"name":"wp","href":"https:\/\/api.w.org\/{rel}","templated":true}]}}