{"id":410674,"date":"2025-05-18T23:31:39","date_gmt":"2025-05-18T23:31:39","guid":{"rendered":"https:\/\/staging2.stylingagenten.com\/no\/produkt\/babyliss-airbrush-air-style-1000-as136e\/"},"modified":"2026-04-12T22:18:37","modified_gmt":"2026-04-12T22:18:37","slug":"babyliss-airbrush-air-style-1000-as136e","status":"publish","type":"product","link":"https:\/\/stylingagenten.com\/no\/produkt\/babyliss-airbrush-air-style-1000-as136e\/","title":{"rendered":"Babyliss Airbrush &#8211; Air Style 1000 AS136E"},"content":{"rendered":"<p><strong>Kraftig varmluftsb\u00f8rste med 1&nbsp;000&nbsp;W effekt og flere forskjellige tilbeh\u00f8r for t\u00f8rking, utjevning, forming og kr\u00f8ller<br \/>&nbsp;<\/strong><br \/>&nbsp;Volumb\u00f8rste med 50 mm diameter og varme som former h\u00e5ret og gj\u00f8r det fyldig. Conform kr\u00f8lltilbeh\u00f8r som enkelt lager myke kr\u00f8ller og b\u00f8lger. Stor h\u00e5rb\u00f8rste som retter ut og flater ut h\u00e5ret og gir et glatt og skinnende resultat. Bl\u00e5semunnstykke for t\u00f8rking av h\u00e5ret f\u00f8r styling.<\/p>\n<p>&nbsp;Ioniseringsfunksjonen avgir verdifulle ioner som gj\u00f8r h\u00e5ret glattere og blankere mens du former det.<\/p>\n<p>&nbsp;&#8211; 1000 W<br \/>&amp;nbsp ;- Glatt foundationb\u00f8rste<br \/>&nbsp;&#8211; 50 mm volumb\u00f8rste med varme<br \/>&nbsp;&#8211; Tilpasset hettetilbeh\u00f8r<br \/>&nbsp;&#8211; Foundationmunnstykke <br \/>&nbsp;&#8211; 2 varme oljer pluss en kj\u00f8lemodus<br \/> &nbsp;&#8211; Ioniserende effekt som motvirker flyktig og krusete h\u00e5r<br \/>&nbsp;&#8211; 2,5 m dreibar ledning<br \/>&amp;nbsp ;- Varm hanske<br \/>&nbsp;&#8211; 3 \u00e5rs garanti<\/p>\n","protected":false},"excerpt":{"rendered":"<p>Kraftig varmluftsb\u00f8rste med 1&nbsp;000&nbsp;W effekt og flere forskjellige tilbeh\u00f8r for t\u00f8rking, utjevning, forming og kr\u00f8ller&nbsp;&nbsp;Volumb\u00f8rste med 50 mm diameter og varme som former h\u00e5ret og gj\u00f8r det fyldig. Conform kr\u00f8lltilbeh\u00f8r som enkelt lager myke kr\u00f8ller og b\u00f8lger. Stor h\u00e5rb\u00f8rste som retter ut og flater ut h\u00e5ret og gir et glatt og skinnende resultat. Bl\u00e5semunnstykke for [&hellip;]<\/p>\n","protected":false},"featured_media":410664,"comment_status":"open","ping_status":"closed","template":"","meta":{"_trash_the_other_posts":false},"product_brand":[],"product_cat":[652],"product_tag":[],"berocket_brand":[1166],"class_list":{"0":"post-410674","1":"product","2":"type-product","3":"status-publish","4":"has-post-thumbnail","6":"product_cat-varmeborste","7":"pa_brand-babyliss","8":"berocket_brand-babyliss","10":"first","11":"outofstock","12":"sale","13":"taxable","14":"shipping-taxable","15":"purchasable","16":"product-type-simple"},"_links":{"self":[{"href":"https:\/\/stylingagenten.com\/no\/wp-json\/wp\/v2\/product\/410674","targetHints":{"allow":["GET"]}}],"collection":[{"href":"https:\/\/stylingagenten.com\/no\/wp-json\/wp\/v2\/product"}],"about":[{"href":"https:\/\/stylingagenten.com\/no\/wp-json\/wp\/v2\/types\/product"}],"replies":[{"embeddable":true,"href":"https:\/\/stylingagenten.com\/no\/wp-json\/wp\/v2\/comments?post=410674"}],"version-history":[{"count":0,"href":"https:\/\/stylingagenten.com\/no\/wp-json\/wp\/v2\/product\/410674\/revisions"}],"wp:featuredmedia":[{"embeddable":true,"href":"https:\/\/stylingagenten.com\/no\/wp-json\/wp\/v2\/media\/410664"}],"wp:attachment":[{"href":"https:\/\/stylingagenten.com\/no\/wp-json\/wp\/v2\/media?parent=410674"}],"wp:term":[{"taxonomy":"product_brand","embeddable":true,"href":"https:\/\/stylingagenten.com\/no\/wp-json\/wp\/v2\/product_brand?post=410674"},{"taxonomy":"product_cat","embeddable":true,"href":"https:\/\/stylingagenten.com\/no\/wp-json\/wp\/v2\/product_cat?post=410674"},{"taxonomy":"product_tag","embeddable":true,"href":"https:\/\/stylingagenten.com\/no\/wp-json\/wp\/v2\/product_tag?post=410674"},{"taxonomy":"berocket_brand","embeddable":true,"href":"https:\/\/stylingagenten.com\/no\/wp-json\/wp\/v2\/berocket_brand?post=410674"}],"curies":[{"name":"wp","href":"https:\/\/api.w.org\/{rel}","templated":true}]}}