{"id":410643,"date":"2025-05-18T23:31:33","date_gmt":"2025-05-18T23:31:33","guid":{"rendered":"https:\/\/staging2.stylingagenten.com\/no\/produkt\/remington-blow-dry-style-caring-800w-airstyler\/"},"modified":"2026-04-08T12:59:04","modified_gmt":"2026-04-08T12:59:04","slug":"remington-blow-dry-style-caring-800w-airstyler","status":"publish","type":"product","link":"https:\/\/stylingagenten.com\/no\/produkt\/remington-blow-dry-style-caring-800w-airstyler\/","title":{"rendered":"Remington Blow Dry &amp; Style \u2013 Caring 800W Airstyler"},"content":{"rendered":"<p>AS7300 \u2013 Dry and Style Caring 800W Airstyler<br \/>Laget for \u00e5 elske og style ditt kort- og mellomlange h\u00e5r<\/p>\n<p>800W varmluftsb\u00f8rste tilpasset personer med kort til middels langt h\u00e5r. Velg mellom 2 varme-\/hastighetsinnstillinger samt en kaldluftfunksjon for \u00e5 fikse h\u00e5ret.<\/p>\n<p>Den kommer med 3 forskjellige tilbeh\u00f8r:<br \/>25 mm keramisk belagt b\u00f8rste &#8211; for \u00e5 lage sm\u00e5 eller mellomstore kr\u00f8ller<br \/>38 mm keramisk belagt b\u00f8rste &#8211; for \u00e5 skape volum og fylde eller for \u00e5 skape middels til st\u00f8rre l\u00f8sere kr\u00f8ller og b\u00f8lger.<br \/>Konsentrator &#8211; h\u00e5rf\u00f8nermunnstykke for t\u00f8rking av h\u00e5r<\/p>\n<p>For best resultat bruk varmluftsb\u00f8rsten p\u00e5 h\u00e5ndklet\u00f8rt h\u00e5r. <\/p>\n<p>Den avtakbare grillen er designet for \u00e5 holde varmluftsb\u00f8rsten fri for st\u00f8v og h\u00e5r og gj\u00f8r rengj\u00f8ringen enklere.<\/p>\n<p>(Lengde 41 cm H\u00f8yde; 6 cm Dybde; 6 cm)<\/p>\n<p>Funksjoner :<br \/> 3x stylingvedlegg for kort til middels langt h\u00e5r;<br \/>25 mm keramisk belagt b\u00f8rste<br \/>38 mm keramisk belagt b\u00f8rste<br \/>Konsentrator<br \/>800W<br \/>2 varme-\/hastighetsinnstillinger<br \/>Kald luft<br \/>Roter ledningen<br \/>Opphengsl\u00f8kke<\/p>\n","protected":false},"excerpt":{"rendered":"<p>AS7300 \u2013 Dry and Style Caring 800W AirstylerLaget for \u00e5 elske og style ditt kort- og mellomlange h\u00e5r 800W varmluftsb\u00f8rste tilpasset personer med kort til middels langt h\u00e5r. Velg mellom 2 varme-\/hastighetsinnstillinger samt en kaldluftfunksjon for \u00e5 fikse h\u00e5ret. Den kommer med 3 forskjellige tilbeh\u00f8r:25 mm keramisk belagt b\u00f8rste &#8211; for \u00e5 lage sm\u00e5 eller [&hellip;]<\/p>\n","protected":false},"featured_media":410584,"comment_status":"open","ping_status":"closed","template":"","meta":{"_trash_the_other_posts":false},"product_brand":[],"product_cat":[652],"product_tag":[],"berocket_brand":[1272],"class_list":{"0":"post-410643","1":"product","2":"type-product","3":"status-publish","4":"has-post-thumbnail","6":"product_cat-varmeborste","7":"pa_brand-remington","8":"berocket_brand-remington","10":"first","11":"instock","12":"sale","13":"taxable","14":"shipping-taxable","15":"purchasable","16":"product-type-simple"},"_links":{"self":[{"href":"https:\/\/stylingagenten.com\/no\/wp-json\/wp\/v2\/product\/410643","targetHints":{"allow":["GET"]}}],"collection":[{"href":"https:\/\/stylingagenten.com\/no\/wp-json\/wp\/v2\/product"}],"about":[{"href":"https:\/\/stylingagenten.com\/no\/wp-json\/wp\/v2\/types\/product"}],"replies":[{"embeddable":true,"href":"https:\/\/stylingagenten.com\/no\/wp-json\/wp\/v2\/comments?post=410643"}],"version-history":[{"count":0,"href":"https:\/\/stylingagenten.com\/no\/wp-json\/wp\/v2\/product\/410643\/revisions"}],"wp:featuredmedia":[{"embeddable":true,"href":"https:\/\/stylingagenten.com\/no\/wp-json\/wp\/v2\/media\/410584"}],"wp:attachment":[{"href":"https:\/\/stylingagenten.com\/no\/wp-json\/wp\/v2\/media?parent=410643"}],"wp:term":[{"taxonomy":"product_brand","embeddable":true,"href":"https:\/\/stylingagenten.com\/no\/wp-json\/wp\/v2\/product_brand?post=410643"},{"taxonomy":"product_cat","embeddable":true,"href":"https:\/\/stylingagenten.com\/no\/wp-json\/wp\/v2\/product_cat?post=410643"},{"taxonomy":"product_tag","embeddable":true,"href":"https:\/\/stylingagenten.com\/no\/wp-json\/wp\/v2\/product_tag?post=410643"},{"taxonomy":"berocket_brand","embeddable":true,"href":"https:\/\/stylingagenten.com\/no\/wp-json\/wp\/v2\/berocket_brand?post=410643"}],"curies":[{"name":"wp","href":"https:\/\/api.w.org\/{rel}","templated":true}]}}