{"id":410582,"date":"2025-05-18T23:31:24","date_gmt":"2025-05-18T23:31:24","guid":{"rendered":"https:\/\/staging2.stylingagenten.com\/no\/produkt\/2-pack-schwarzkopf-osis-dust-it\/"},"modified":"2026-04-10T07:08:48","modified_gmt":"2026-04-10T07:08:48","slug":"2-pack-schwarzkopf-osis-dust-it","status":"publish","type":"product","link":"https:\/\/stylingagenten.com\/no\/produkt\/2-pack-schwarzkopf-osis-dust-it\/","title":{"rendered":"2-pack Schwarzkopf Osis Dust It"},"content":{"rendered":"<p>Lett pudder som skaper volum, tekstur og l\u00f8ft med en matt finish.<\/p>\n<p>Lyskontroll og separasjon.<\/p>\n<p>Bruk p\u00e5; t\u00f8rt h\u00e5r.<\/p>\n","protected":false},"excerpt":{"rendered":"<p>Lett pudder som skaper volum, tekstur og l\u00f8ft med en matt finish. Lyskontroll og separasjon. Bruk p\u00e5; t\u00f8rt h\u00e5r.<\/p>\n","protected":false},"featured_media":410580,"comment_status":"open","ping_status":"closed","template":"","meta":{"_trash_the_other_posts":false},"product_brand":[],"product_cat":[672,616],"product_tag":[],"berocket_brand":[1060],"class_list":{"0":"post-410582","1":"product","2":"type-product","3":"status-publish","4":"has-post-thumbnail","6":"product_cat-multipakke-har","7":"product_cat-volumpulver","8":"pa_brand-schwarzkopf","9":"berocket_brand-schwarzkopf","11":"first","12":"instock","13":"sale","14":"taxable","15":"shipping-taxable","16":"purchasable","17":"product-type-simple"},"_links":{"self":[{"href":"https:\/\/stylingagenten.com\/no\/wp-json\/wp\/v2\/product\/410582","targetHints":{"allow":["GET"]}}],"collection":[{"href":"https:\/\/stylingagenten.com\/no\/wp-json\/wp\/v2\/product"}],"about":[{"href":"https:\/\/stylingagenten.com\/no\/wp-json\/wp\/v2\/types\/product"}],"replies":[{"embeddable":true,"href":"https:\/\/stylingagenten.com\/no\/wp-json\/wp\/v2\/comments?post=410582"}],"version-history":[{"count":0,"href":"https:\/\/stylingagenten.com\/no\/wp-json\/wp\/v2\/product\/410582\/revisions"}],"wp:featuredmedia":[{"embeddable":true,"href":"https:\/\/stylingagenten.com\/no\/wp-json\/wp\/v2\/media\/410580"}],"wp:attachment":[{"href":"https:\/\/stylingagenten.com\/no\/wp-json\/wp\/v2\/media?parent=410582"}],"wp:term":[{"taxonomy":"product_brand","embeddable":true,"href":"https:\/\/stylingagenten.com\/no\/wp-json\/wp\/v2\/product_brand?post=410582"},{"taxonomy":"product_cat","embeddable":true,"href":"https:\/\/stylingagenten.com\/no\/wp-json\/wp\/v2\/product_cat?post=410582"},{"taxonomy":"product_tag","embeddable":true,"href":"https:\/\/stylingagenten.com\/no\/wp-json\/wp\/v2\/product_tag?post=410582"},{"taxonomy":"berocket_brand","embeddable":true,"href":"https:\/\/stylingagenten.com\/no\/wp-json\/wp\/v2\/berocket_brand?post=410582"}],"curies":[{"name":"wp","href":"https:\/\/api.w.org\/{rel}","templated":true}]}}