{"id":410553,"date":"2025-05-18T23:31:19","date_gmt":"2025-05-18T23:31:19","guid":{"rendered":"https:\/\/staging2.stylingagenten.com\/no\/produkt\/oil-can-grooming-benchmark-styling-powder-20gr\/"},"modified":"2026-03-11T21:51:04","modified_gmt":"2026-03-11T21:51:04","slug":"oil-can-grooming-benchmark-styling-powder-20gr","status":"publish","type":"product","link":"https:\/\/stylingagenten.com\/no\/produkt\/oil-can-grooming-benchmark-styling-powder-20gr\/","title":{"rendered":"Oil Can Grooming Benchmark Styling Powder 20gr"},"content":{"rendered":"<p>Oil Can Grooming&#8217;s Styling Powder er et stylingpulver som gir naturlig, matt, t\u00f8rr tekstur og et hold som varer hele dagen! Styling Powder gir h\u00e5ret volum som ser naturlig ut og det lukter friskt av Bay Rum &amp; Ginger. Et vannbasert pudder som er lett \u00e5 vaske ut av h\u00e5ret etter bruk. Duft: Bay Rum &amp; Ginger. Volum 20g<\/p>\n","protected":false},"excerpt":{"rendered":"<p>Oil Can Grooming&#8217;s Styling Powder er et stylingpulver som gir naturlig, matt, t\u00f8rr tekstur og et hold som varer hele dagen! Styling Powder gir h\u00e5ret volum som ser naturlig ut og det lukter friskt av Bay Rum &amp; Ginger. Et vannbasert pudder som er lett \u00e5 vaske ut av h\u00e5ret etter bruk. Duft: Bay Rum [&hellip;]<\/p>\n","protected":false},"featured_media":410551,"comment_status":"open","ping_status":"closed","template":"","meta":{"_trash_the_other_posts":false},"product_brand":[],"product_cat":[616],"product_tag":[],"berocket_brand":[1043],"class_list":{"0":"post-410553","1":"product","2":"type-product","3":"status-publish","4":"has-post-thumbnail","6":"product_cat-volumpulver","7":"pa_brand-oil-can-grooming","8":"berocket_brand-oil-can-grooming","10":"first","11":"instock","12":"taxable","13":"shipping-taxable","14":"purchasable","15":"product-type-simple"},"_links":{"self":[{"href":"https:\/\/stylingagenten.com\/no\/wp-json\/wp\/v2\/product\/410553","targetHints":{"allow":["GET"]}}],"collection":[{"href":"https:\/\/stylingagenten.com\/no\/wp-json\/wp\/v2\/product"}],"about":[{"href":"https:\/\/stylingagenten.com\/no\/wp-json\/wp\/v2\/types\/product"}],"replies":[{"embeddable":true,"href":"https:\/\/stylingagenten.com\/no\/wp-json\/wp\/v2\/comments?post=410553"}],"version-history":[{"count":0,"href":"https:\/\/stylingagenten.com\/no\/wp-json\/wp\/v2\/product\/410553\/revisions"}],"wp:featuredmedia":[{"embeddable":true,"href":"https:\/\/stylingagenten.com\/no\/wp-json\/wp\/v2\/media\/410551"}],"wp:attachment":[{"href":"https:\/\/stylingagenten.com\/no\/wp-json\/wp\/v2\/media?parent=410553"}],"wp:term":[{"taxonomy":"product_brand","embeddable":true,"href":"https:\/\/stylingagenten.com\/no\/wp-json\/wp\/v2\/product_brand?post=410553"},{"taxonomy":"product_cat","embeddable":true,"href":"https:\/\/stylingagenten.com\/no\/wp-json\/wp\/v2\/product_cat?post=410553"},{"taxonomy":"product_tag","embeddable":true,"href":"https:\/\/stylingagenten.com\/no\/wp-json\/wp\/v2\/product_tag?post=410553"},{"taxonomy":"berocket_brand","embeddable":true,"href":"https:\/\/stylingagenten.com\/no\/wp-json\/wp\/v2\/berocket_brand?post=410553"}],"curies":[{"name":"wp","href":"https:\/\/api.w.org\/{rel}","templated":true}]}}