{"id":410522,"date":"2025-05-18T23:31:13","date_gmt":"2025-05-18T23:31:13","guid":{"rendered":"https:\/\/staging2.stylingagenten.com\/no\/produkt\/loreal-hair-touch-up-spray-black-75ml\/"},"modified":"2026-03-11T21:50:29","modified_gmt":"2026-03-11T21:50:29","slug":"loreal-hair-touch-up-spray-black-75ml","status":"publish","type":"product","link":"https:\/\/stylingagenten.com\/no\/produkt\/loreal-hair-touch-up-spray-black-75ml\/","title":{"rendered":"L&#8217;Oreal Hair Touch Up Spray Black 75ml"},"content":{"rendered":"<p>Reduser synlige r\u00f8tter og bekjemp gr\u00e5tt h\u00e5r mellom fargene med L&#8217;Or\u00e9al Professionnel Hair Touch Up. Denne lette sprayen inneholder pigmenter som subtilt blander seg med h\u00e5ret for \u00e5 dekke u\u00f8nsket gr\u00e5tt h\u00e5r eller vekst mellom salongbes\u00f8k, slik at du kan f\u00f8le deg best hele dagen. Sprayen passer for alle h\u00e5rtyper og Freeze Dry-teknologien s\u00f8rger for at den avanserte sprayen t\u00f8rker umiddelbart uten \u00e5 flekke, samtidig som det fine munnstykket gj\u00f8r det enkelt \u00e5 p\u00e5f\u00f8re akkurat der du vil ha det. Lett \u00e5 skylle ut med sjampo.<\/p>\n","protected":false},"excerpt":{"rendered":"<p>Reduser synlige r\u00f8tter og bekjemp gr\u00e5tt h\u00e5r mellom fargene med L&#8217;Or\u00e9al Professionnel Hair Touch Up. Denne lette sprayen inneholder pigmenter som subtilt blander seg med h\u00e5ret for \u00e5 dekke u\u00f8nsket gr\u00e5tt h\u00e5r eller vekst mellom salongbes\u00f8k, slik at du kan f\u00f8le deg best hele dagen. Sprayen passer for alle h\u00e5rtyper og Freeze Dry-teknologien s\u00f8rger for [&hellip;]<\/p>\n","protected":false},"featured_media":410519,"comment_status":"open","ping_status":"closed","template":"","meta":{"_trash_the_other_posts":false},"product_brand":[],"product_cat":[640],"product_tag":[3231],"berocket_brand":[2001],"class_list":{"0":"post-410522","1":"product","2":"type-product","3":"status-publish","4":"has-post-thumbnail","6":"product_cat-utvekst","7":"product_tag-loreal-hair-touch-up-spray-75ml","8":"pa_brand-loreal-paris-2","9":"pa_variant-black","10":"berocket_brand-loreal-paris","12":"first","13":"instock","14":"sale","15":"taxable","16":"shipping-taxable","17":"purchasable","18":"product-type-simple"},"_links":{"self":[{"href":"https:\/\/stylingagenten.com\/no\/wp-json\/wp\/v2\/product\/410522","targetHints":{"allow":["GET"]}}],"collection":[{"href":"https:\/\/stylingagenten.com\/no\/wp-json\/wp\/v2\/product"}],"about":[{"href":"https:\/\/stylingagenten.com\/no\/wp-json\/wp\/v2\/types\/product"}],"replies":[{"embeddable":true,"href":"https:\/\/stylingagenten.com\/no\/wp-json\/wp\/v2\/comments?post=410522"}],"version-history":[{"count":0,"href":"https:\/\/stylingagenten.com\/no\/wp-json\/wp\/v2\/product\/410522\/revisions"}],"wp:featuredmedia":[{"embeddable":true,"href":"https:\/\/stylingagenten.com\/no\/wp-json\/wp\/v2\/media\/410519"}],"wp:attachment":[{"href":"https:\/\/stylingagenten.com\/no\/wp-json\/wp\/v2\/media?parent=410522"}],"wp:term":[{"taxonomy":"product_brand","embeddable":true,"href":"https:\/\/stylingagenten.com\/no\/wp-json\/wp\/v2\/product_brand?post=410522"},{"taxonomy":"product_cat","embeddable":true,"href":"https:\/\/stylingagenten.com\/no\/wp-json\/wp\/v2\/product_cat?post=410522"},{"taxonomy":"product_tag","embeddable":true,"href":"https:\/\/stylingagenten.com\/no\/wp-json\/wp\/v2\/product_tag?post=410522"},{"taxonomy":"berocket_brand","embeddable":true,"href":"https:\/\/stylingagenten.com\/no\/wp-json\/wp\/v2\/berocket_brand?post=410522"}],"curies":[{"name":"wp","href":"https:\/\/api.w.org\/{rel}","templated":true}]}}